{"id":8945,"date":"2026-02-02T16:31:08","date_gmt":"2026-02-02T15:31:08","guid":{"rendered":"https:\/\/paroisse-jemeppe-onoz.be\/paroisse\/onoz\/?page_id=8945"},"modified":"2026-02-02T16:34:42","modified_gmt":"2026-02-02T15:34:42","slug":"la-celebration-du-bapteme","status":"publish","type":"page","link":"https:\/\/paroisse-jemeppe-onoz.be\/paroisse\/onoz\/la-celebration-du-bapteme\/","title":{"rendered":"La c\u00e9l\u00e9bration du bapt\u00eame"},"content":{"rendered":"\t\t<div data-elementor-type=\"wp-page\" data-elementor-id=\"8945\" class=\"elementor elementor-8945\">\n\t\t\t\t<div class=\"elementor-element elementor-element-f4da1e3 e-flex e-con-boxed e-con e-parent\" data-id=\"f4da1e3\" data-element_type=\"container\" data-e-type=\"container\">\n\t\t\t\t\t<div class=\"e-con-inner\">\n\t\t\t\t<div class=\"elementor-element elementor-element-dc35715 elementor-widget elementor-widget-text-editor\" data-id=\"dc35715\" data-element_type=\"widget\" data-e-type=\"widget\" data-widget_type=\"text-editor.default\">\n\t\t\t\t\t\t\t\t\t<div class=\"entry-content single-content\"><p>En cliquant sur le lien ci-dessous, vous d\u00e9couvrirez le d\u00e9roulement de la c\u00e9l\u00e9bration du bapt\u00eame ainsi que des textes pouvant \u00eatre lus \u00e0 chaque \u00e9tape, en plus de textes plus personnels.<\/p><p><a href=\"https:\/\/www.paroisse-jemeppe-onoz.be\/paroisse\/bapteme\/\" target=\"_blank\" rel=\"noopener\">Choix de textes pour pr\u00e9parer la c\u00e9l\u00e9bration (cliquez)<\/a><\/p><\/div>\t\t\t\t\t\t\t\t<\/div>\n\t\t\t\t\t<\/div>\n\t\t\t\t<\/div>\n\t\t\t\t<\/div>\n\t\t","protected":false},"excerpt":{"rendered":"<p>En cliquant sur le lien ci-dessous, vous d\u00e9couvrirez le d\u00e9roulement de la c\u00e9l\u00e9bration du bapt\u00eame ainsi que des textes pouvant \u00eatre lus \u00e0 chaque \u00e9tape, en plus de textes plus personnels. Choix de textes pour pr\u00e9parer la c\u00e9l\u00e9bration (cliquez)<\/p>\n","protected":false},"author":1,"featured_media":0,"parent":0,"menu_order":0,"comment_status":"closed","ping_status":"closed","template":"","meta":{"_kad_post_transparent":"","_kad_post_title":"default","_kad_post_layout":"normal","_kad_post_sidebar_id":"","_kad_post_content_style":"default","_kad_post_vertical_padding":"default","_kad_post_feature":"default","_kad_post_feature_position":"","_kad_post_header":false,"_kad_post_footer":false,"_kad_post_classname":"","footnotes":""},"class_list":["post-8945","page","type-page","status-publish","hentry"],"jetpack_sharing_enabled":true,"_links":{"self":[{"href":"https:\/\/paroisse-jemeppe-onoz.be\/paroisse\/onoz\/wp-json\/wp\/v2\/pages\/8945","targetHints":{"allow":["GET"]}}],"collection":[{"href":"https:\/\/paroisse-jemeppe-onoz.be\/paroisse\/onoz\/wp-json\/wp\/v2\/pages"}],"about":[{"href":"https:\/\/paroisse-jemeppe-onoz.be\/paroisse\/onoz\/wp-json\/wp\/v2\/types\/page"}],"author":[{"embeddable":true,"href":"https:\/\/paroisse-jemeppe-onoz.be\/paroisse\/onoz\/wp-json\/wp\/v2\/users\/1"}],"replies":[{"embeddable":true,"href":"https:\/\/paroisse-jemeppe-onoz.be\/paroisse\/onoz\/wp-json\/wp\/v2\/comments?post=8945"}],"version-history":[{"count":8,"href":"https:\/\/paroisse-jemeppe-onoz.be\/paroisse\/onoz\/wp-json\/wp\/v2\/pages\/8945\/revisions"}],"predecessor-version":[{"id":8953,"href":"https:\/\/paroisse-jemeppe-onoz.be\/paroisse\/onoz\/wp-json\/wp\/v2\/pages\/8945\/revisions\/8953"}],"wp:attachment":[{"href":"https:\/\/paroisse-jemeppe-onoz.be\/paroisse\/onoz\/wp-json\/wp\/v2\/media?parent=8945"}],"curies":[{"name":"wp","href":"https:\/\/api.w.org\/{rel}","templated":true}]}}