{"id":758,"date":"2016-03-26T17:31:30","date_gmt":"2016-03-26T16:31:30","guid":{"rendered":"https:\/\/paroisse-jemeppe-onoz.be\/paroisse\/onoz\/?page_id=758"},"modified":"2026-01-20T11:39:13","modified_gmt":"2026-01-20T10:39:13","slug":"textes-theologiques","status":"publish","type":"page","link":"https:\/\/paroisse-jemeppe-onoz.be\/paroisse\/onoz\/textes-theologiques\/","title":{"rendered":"R\u00e9flexions"},"content":{"rendered":"<p><a href=\"https:\/\/www.paroisse-jemeppe-onoz.be\/paroisse\/wp-content\/uploads\/sites\/3\/2020\/03\/La-Peste_Roman-actuel_a.pdf\"><span style=\"text-decoration: underline;\"><span style=\"color: #008000; text-decoration: underline;\">La Peste d&rsquo;Albert Camus : un roman toujours actuel<\/span> <\/span><span style=\"color: #000000;\"><em>(JF Scheffers)<\/em><\/span><\/a><\/p>\n<p><a href=\"https:\/\/www.paroisse-jemeppe-onoz.be\/paroisse\/wp-content\/uploads\/sites\/3\/2017\/06\/Camille-Gerard_Trampoline.pdf\"><span style=\"text-decoration: underline;\"><span style=\"color: #008000; text-decoration: underline;\">Un r\u00eave \u00e9veill\u00e9<\/span><\/span><em><span style=\"color: #000000;\">\u00a0 (Camille G\u00e9rard)<\/span><\/em><\/a><\/p>\n<p><span style=\"text-decoration: underline;\"><span style=\"color: #008000; text-decoration: underline;\"><a style=\"color: #008000; text-decoration: underline;\" href=\"https:\/\/www.paroisse-jemeppe-onoz.be\/paroisse\/wp-content\/uploads\/sites\/3\/2016\/03\/Reding_salut_16-04-26.pdf\">Petit essai sur le salut chr\u00e9tien<\/a><\/span><\/span><em><span style=\"color: #000000;\"><a style=\"color: #000000; text-decoration: underline;\" href=\"https:\/\/www.paroisse-jemeppe-onoz.be\/paroisse\/wp-content\/uploads\/sites\/3\/2016\/03\/Reding_salut_16-04-26.pdf\">\u00a0 (Jos\u00e9 Reding)<\/a><\/span><\/em><\/p>\n<p><span style=\"color: #008000;\"><a style=\"color: #008000;\" href=\"http:\/\/www.fermedesetoiles.fr\/webtv\/video\/240\/hubert_reeves_rencontre_s_avec_hubert_reeves\" target=\"_blank\" rel=\"noopener\"><span style=\"text-decoration: underline;\">Rencontre avec Hubert Reeves<\/span> <span style=\"color: #000000;\"><em>(Festival d&rsquo;astronomie de Fleurance 2016)<\/em><\/span><\/a><\/span><\/p>\n<p>&nbsp;<\/p>\n","protected":false},"excerpt":{"rendered":"<p>La Peste d&rsquo;Albert Camus : un roman toujours actuel (JF Scheffers) Un r\u00eave \u00e9veill\u00e9\u00a0 (Camille G\u00e9rard) Petit essai sur le salut chr\u00e9tien\u00a0 (Jos\u00e9 Reding) Rencontre avec Hubert Reeves (Festival d&rsquo;astronomie de Fleurance 2016) &nbsp;<\/p>\n","protected":false},"author":1,"featured_media":0,"parent":0,"menu_order":0,"comment_status":"closed","ping_status":"open","template":"","meta":{"_kad_post_transparent":"","_kad_post_title":"","_kad_post_layout":"","_kad_post_sidebar_id":"","_kad_post_content_style":"","_kad_post_vertical_padding":"","_kad_post_feature":"","_kad_post_feature_position":"","_kad_post_header":false,"_kad_post_footer":false,"_kad_post_classname":"","footnotes":""},"class_list":["post-758","page","type-page","status-publish","hentry"],"jetpack_sharing_enabled":true,"_links":{"self":[{"href":"https:\/\/paroisse-jemeppe-onoz.be\/paroisse\/onoz\/wp-json\/wp\/v2\/pages\/758","targetHints":{"allow":["GET"]}}],"collection":[{"href":"https:\/\/paroisse-jemeppe-onoz.be\/paroisse\/onoz\/wp-json\/wp\/v2\/pages"}],"about":[{"href":"https:\/\/paroisse-jemeppe-onoz.be\/paroisse\/onoz\/wp-json\/wp\/v2\/types\/page"}],"author":[{"embeddable":true,"href":"https:\/\/paroisse-jemeppe-onoz.be\/paroisse\/onoz\/wp-json\/wp\/v2\/users\/1"}],"replies":[{"embeddable":true,"href":"https:\/\/paroisse-jemeppe-onoz.be\/paroisse\/onoz\/wp-json\/wp\/v2\/comments?post=758"}],"version-history":[{"count":1,"href":"https:\/\/paroisse-jemeppe-onoz.be\/paroisse\/onoz\/wp-json\/wp\/v2\/pages\/758\/revisions"}],"predecessor-version":[{"id":8801,"href":"https:\/\/paroisse-jemeppe-onoz.be\/paroisse\/onoz\/wp-json\/wp\/v2\/pages\/758\/revisions\/8801"}],"wp:attachment":[{"href":"https:\/\/paroisse-jemeppe-onoz.be\/paroisse\/onoz\/wp-json\/wp\/v2\/media?parent=758"}],"curies":[{"name":"wp","href":"https:\/\/api.w.org\/{rel}","templated":true}]}}