{"id":7,"date":"2014-12-27T12:07:31","date_gmt":"2014-12-27T11:07:31","guid":{"rendered":"https:\/\/paroisse-jemeppe-onoz.be\/paroisse\/onoz\/?page_id=7"},"modified":"2026-01-20T10:09:52","modified_gmt":"2026-01-20T09:09:52","slug":"visiteurs-de-malades","status":"publish","type":"page","link":"https:\/\/paroisse-jemeppe-onoz.be\/paroisse\/onoz\/vie-associative\/visiteurs-de-malades\/","title":{"rendered":"Visiteurs de malades"},"content":{"rendered":"<p style=\"text-align: center;\"><strong>L&rsquo;\u00e9quipe des visiteurs de malades<\/strong><\/p>\n<p style=\"text-align: justify;\">\u00ab\u00a0<em>A la fa\u00e7on dont une communaut\u00e9 traite ses malades et ses personnes \u00e2g\u00e9es, on reconna\u00eet sa qualit\u00e9<\/em>.\u00a0\u00bb (Anselm Gr\u00fcn)<\/p>\n<p style=\"text-align: justify;\">Les visiteurs de malades sont des <em>personnes b\u00e9n\u00e9voles<\/em> qui visitent r\u00e9guli\u00e8rement les personnes malades \u2013 les personnes \u00e2g\u00e9es \u2013 les personnes isol\u00e9es et handicap\u00e9es. Ces visites peuvent se faire \u00e0 <em>domicile<\/em> \u2013 en <em>maison de repos<\/em> o\u00f9 \u00e0 l\u2019<em>h\u00f4pital<\/em>. Il est bien entendu que ce qui se dit, lors de ces visites, est strictement <em>confidentiel<\/em>.<\/p>\n<p style=\"text-align: justify;\">\u00catre visiteur de malades est une t\u00e2che qui ne s&rsquo;improvise pas. Des formations sont ainsi r\u00e9guli\u00e8rement organis\u00e9es par la pastorale dioc\u00e9saine des visiteurs de malades; le but \u00e9tant\u00a0 de les guider dans leur <em>mission<\/em> et leur apprendre le <em>respect<\/em> et l\u2019<em>\u00e9coute<\/em> dues \u00e0 la personne visit\u00e9e.<\/p>\n<p style=\"text-align: justify;\">Les paroisses d&rsquo;Onoz et de Jemeppe ont une seule \u00e9quipe de visiteurs de malades. Cette \u00e9quipe est ouverte \u00e0 tous sans tenir compte des croyances ni des cultures diff\u00e9rentes. Elle se r\u00e9unit r\u00e9guli\u00e8rement afin de permettre \u00e0 ses membres de se ressourcer et d\u2019apprendre \u00e0 mieux se conna\u00eetre. Les \u00e9changes sont toujours balis\u00e9s soit par un passage d&rsquo;\u00e9vangile, soit un extrait de la revue \u00ab\u00a0Visiteurs de malades\u00a0\u00bb \u00e0 laquelle tous les membres sont abonn\u00e9s aux frais de nos paroisses.<\/p>\n<p style=\"text-align: justify;\">La vie de l&rsquo;\u00e9quipe s&rsquo;organise autour de <em>trois piliers<\/em>: la <em>visite<\/em> des malades, la <em>communion<\/em> port\u00e9e aux malades et une c\u00e9l\u00e9bration communautaire de l&rsquo;<em>onction des malades<\/em> par an. Depuis peu, l&rsquo;\u00e9quipe anime une eucharistie dominicale pour marquer le lien des \u00ab\u00a0membres absents\u00a0\u00bb &#8211; malades ou fragilis\u00e9s par le poids de l\u2019\u00e2ge &#8211; \u00e0 la communaut\u00e9 qui c\u00e9l\u00e8bre et qui prie.<\/p>\n<p style=\"text-align: justify;\"><strong><span style=\"color: #ff0000;\">Appels:<\/span><\/strong><\/p>\n<ul>\n<li style=\"text-align: justify;\">Vous \u00eates malade, handicap\u00e9, fragilis\u00e9 par le poids de l\u2019\u00e2ge ou touch\u00e9 par la solitude,\u00a0 n&rsquo;ayez pas peur de faire appel \u00e0 nous et de vous faire conna\u00eetre; nous sommes l\u00e0 pour vous.<\/li>\n<li style=\"text-align: justify;\">Si vous souhaitez partager de votre temps&#8230;; si vous \u00eates pr\u00eat(e) \u00e0 \u00e9couter et \u00e0 accompagner la souffrance de l&rsquo;autre&#8230;; si vous d\u00e9sirez vivre ce service en \u00e9quipe&#8230;; n&rsquo;h\u00e9sitez pas \u00e0 rejoindre notre \u00e9quipe.<\/li>\n<\/ul>\n<p><span style=\"color: #ff0000;\"><strong>Personnes de contact:<\/strong><\/span><\/p>\n<p><strong>Fran\u00e7ois HOSTEAU<\/strong> (cur\u00e9)<\/p>\n<ul>\n<li><strong><em>T\u00e9l. 0497\/70 31 10<\/em><\/strong><\/li>\n<\/ul>\n<p>&nbsp;<\/p>\n<p>&nbsp;<\/p>\n","protected":false},"excerpt":{"rendered":"<p>L&rsquo;\u00e9quipe des visiteurs de malades \u00ab\u00a0A la fa\u00e7on dont une communaut\u00e9 traite ses malades et ses personnes \u00e2g\u00e9es, on reconna\u00eet sa qualit\u00e9.\u00a0\u00bb (Anselm Gr\u00fcn) Les visiteurs de malades sont des personnes b\u00e9n\u00e9voles qui visitent r\u00e9guli\u00e8rement les personnes malades \u2013 les personnes \u00e2g\u00e9es \u2013 les personnes isol\u00e9es et handicap\u00e9es. Ces visites peuvent se faire \u00e0 domicile&#8230;<\/p>\n","protected":false},"author":1,"featured_media":0,"parent":2,"menu_order":0,"comment_status":"closed","ping_status":"closed","template":"","meta":{"_kad_post_transparent":"","_kad_post_title":"","_kad_post_layout":"","_kad_post_sidebar_id":"","_kad_post_content_style":"","_kad_post_vertical_padding":"","_kad_post_feature":"","_kad_post_feature_position":"","_kad_post_header":false,"_kad_post_footer":false,"_kad_post_classname":"","footnotes":""},"class_list":["post-7","page","type-page","status-publish","hentry"],"jetpack_sharing_enabled":true,"_links":{"self":[{"href":"https:\/\/paroisse-jemeppe-onoz.be\/paroisse\/onoz\/wp-json\/wp\/v2\/pages\/7","targetHints":{"allow":["GET"]}}],"collection":[{"href":"https:\/\/paroisse-jemeppe-onoz.be\/paroisse\/onoz\/wp-json\/wp\/v2\/pages"}],"about":[{"href":"https:\/\/paroisse-jemeppe-onoz.be\/paroisse\/onoz\/wp-json\/wp\/v2\/types\/page"}],"author":[{"embeddable":true,"href":"https:\/\/paroisse-jemeppe-onoz.be\/paroisse\/onoz\/wp-json\/wp\/v2\/users\/1"}],"replies":[{"embeddable":true,"href":"https:\/\/paroisse-jemeppe-onoz.be\/paroisse\/onoz\/wp-json\/wp\/v2\/comments?post=7"}],"version-history":[{"count":1,"href":"https:\/\/paroisse-jemeppe-onoz.be\/paroisse\/onoz\/wp-json\/wp\/v2\/pages\/7\/revisions"}],"predecessor-version":[{"id":8680,"href":"https:\/\/paroisse-jemeppe-onoz.be\/paroisse\/onoz\/wp-json\/wp\/v2\/pages\/7\/revisions\/8680"}],"up":[{"embeddable":true,"href":"https:\/\/paroisse-jemeppe-onoz.be\/paroisse\/onoz\/wp-json\/wp\/v2\/pages\/2"}],"wp:attachment":[{"href":"https:\/\/paroisse-jemeppe-onoz.be\/paroisse\/onoz\/wp-json\/wp\/v2\/media?parent=7"}],"curies":[{"name":"wp","href":"https:\/\/api.w.org\/{rel}","templated":true}]}}