{"id":590,"date":"2015-12-17T14:13:44","date_gmt":"2015-12-17T13:13:44","guid":{"rendered":"https:\/\/paroisse-jemeppe-onoz.be\/paroisse\/onoz\/?page_id=590"},"modified":"2026-01-20T10:39:02","modified_gmt":"2026-01-20T09:39:02","slug":"un-nouveau-coq","status":"publish","type":"page","link":"https:\/\/paroisse-jemeppe-onoz.be\/paroisse\/onoz\/un-nouveau-coq\/","title":{"rendered":"Un nouveau coq"},"content":{"rendered":"\t\t<div data-elementor-type=\"wp-page\" data-elementor-id=\"590\" class=\"elementor elementor-590\">\n\t\t\t\t<div class=\"elementor-element elementor-element-4b749322 e-flex e-con-boxed e-con e-parent\" data-id=\"4b749322\" data-element_type=\"container\" data-e-type=\"container\">\n\t\t\t\t\t<div class=\"e-con-inner\">\n\t\t\t\t<div class=\"elementor-element elementor-element-f23ac4d elementor-widget elementor-widget-text-editor\" data-id=\"f23ac4d\" data-element_type=\"widget\" data-e-type=\"widget\" data-widget_type=\"text-editor.default\">\n\t\t\t\t\t\t\t\t\t<p>Un nouveau coq est venu nicher sur le clocher de l&rsquo;\u00e9glise d&rsquo;Onoz le merdi 15 d\u00e9cembre 2015.<br \/>L&rsquo;ancien coq \u00e9tait tomb\u00e9 lors d&rsquo;une temp\u00eate. Il \u00e9tait trop ab\u00eem\u00e9 pour \u00eatre restaur\u00e9 : un nouveau tout brillant le remplace donc.<\/p>\t\t\t\t\t\t\t\t<\/div>\n\t\t\t\t<div class=\"elementor-element elementor-element-b6a1047 elementor-widget elementor-widget-heading\" data-id=\"b6a1047\" data-element_type=\"widget\" data-e-type=\"widget\" data-widget_type=\"heading.default\">\n\t\t\t\t\t<h2 class=\"elementor-heading-title elementor-size-default\">L'ancien coq et le nouveau... :<\/h2>\t\t\t\t<\/div>\n\t\t\t\t<div class=\"elementor-element elementor-element-d2abd26 elementor-widget elementor-widget-image\" data-id=\"d2abd26\" data-element_type=\"widget\" data-e-type=\"widget\" data-widget_type=\"image.default\">\n\t\t\t\t\t\t\t\t\t\t\t\t\t\t\t<img fetchpriority=\"high\" decoding=\"async\" width=\"800\" height=\"387\" src=\"https:\/\/paroisse-jemeppe-onoz.be\/paroisse\/onoz\/wp-content\/uploads\/sites\/3\/2015\/12\/P1070665_car.jpg\" class=\"attachment-large size-large wp-image-617\" alt=\"\" srcset=\"https:\/\/paroisse-jemeppe-onoz.be\/paroisse\/onoz\/wp-content\/uploads\/sites\/3\/2015\/12\/P1070665_car.jpg 800w, https:\/\/paroisse-jemeppe-onoz.be\/paroisse\/onoz\/wp-content\/uploads\/sites\/3\/2015\/12\/P1070665_car-300x145.jpg 300w, https:\/\/paroisse-jemeppe-onoz.be\/paroisse\/onoz\/wp-content\/uploads\/sites\/3\/2015\/12\/P1070665_car-768x372.jpg 768w\" sizes=\"(max-width: 800px) 100vw, 800px\" \/>\t\t\t\t\t\t\t\t\t\t\t\t\t\t\t<\/div>\n\t\t\t\t<div class=\"elementor-element elementor-element-9288825 elementor-widget elementor-widget-heading\" data-id=\"9288825\" data-element_type=\"widget\" data-e-type=\"widget\" data-widget_type=\"heading.default\">\n\t\t\t\t\t<h2 class=\"elementor-heading-title elementor-size-default\">Placement de la croix\u00a0 et de la boule :<\/h2>\t\t\t\t<\/div>\n\t\t\t\t<div class=\"elementor-element elementor-element-47aa826 elementor-widget elementor-widget-image-gallery\" data-id=\"47aa826\" data-element_type=\"widget\" data-e-type=\"widget\" data-widget_type=\"image-gallery.default\">\n\t\t\t\t\t\t\t<div class=\"elementor-image-gallery\">\n\t\t\t<div id='gallery-1' class='gallery galleryid-590 gallery-columns-2 gallery-size-medium'><figure class='gallery-item'>\n\t\t\t<div class='gallery-icon portrait'>\n\t\t\t\t<a data-elementor-open-lightbox=\"yes\" data-elementor-lightbox-slideshow=\"47aa826\" data-e-action-hash=\"#elementor-action%3Aaction%3Dlightbox%26settings%3DeyJpZCI6NTk2LCJ1cmwiOiJodHRwczpcL1wvcGFyb2lzc2UtamVtZXBwZS1vbm96LmJlXC9wYXJvaXNzZVwvb25velwvd3AtY29udGVudFwvdXBsb2Fkc1wvc2l0ZXNcLzNcLzIwMTVcLzEyXC9QMTA3MDY1NS5qcGciLCJzbGlkZXNob3ciOiI0N2FhODI2In0%3D\" href='https:\/\/paroisse-jemeppe-onoz.be\/paroisse\/onoz\/wp-content\/uploads\/sites\/3\/2015\/12\/P1070655.jpg'><img decoding=\"async\" width=\"225\" height=\"300\" src=\"https:\/\/paroisse-jemeppe-onoz.be\/paroisse\/onoz\/wp-content\/uploads\/sites\/3\/2015\/12\/P1070655-225x300.jpg\" class=\"attachment-medium size-medium\" alt=\"\" srcset=\"https:\/\/paroisse-jemeppe-onoz.be\/paroisse\/onoz\/wp-content\/uploads\/sites\/3\/2015\/12\/P1070655-225x300.jpg 225w, https:\/\/paroisse-jemeppe-onoz.be\/paroisse\/onoz\/wp-content\/uploads\/sites\/3\/2015\/12\/P1070655.jpg 450w\" sizes=\"(max-width: 225px) 100vw, 225px\" \/><\/a>\n\t\t\t<\/div><\/figure><figure class='gallery-item'>\n\t\t\t<div class='gallery-icon portrait'>\n\t\t\t\t<a data-elementor-open-lightbox=\"yes\" data-elementor-lightbox-slideshow=\"47aa826\" data-e-action-hash=\"#elementor-action%3Aaction%3Dlightbox%26settings%3DeyJpZCI6NTk5LCJ1cmwiOiJodHRwczpcL1wvcGFyb2lzc2UtamVtZXBwZS1vbm96LmJlXC9wYXJvaXNzZVwvb25velwvd3AtY29udGVudFwvdXBsb2Fkc1wvc2l0ZXNcLzNcLzIwMTVcLzEyXC9QMTA3MDY3OC5qcGciLCJzbGlkZXNob3ciOiI0N2FhODI2In0%3D\" href='https:\/\/paroisse-jemeppe-onoz.be\/paroisse\/onoz\/wp-content\/uploads\/sites\/3\/2015\/12\/P1070678.jpg'><img decoding=\"async\" width=\"225\" height=\"300\" src=\"https:\/\/paroisse-jemeppe-onoz.be\/paroisse\/onoz\/wp-content\/uploads\/sites\/3\/2015\/12\/P1070678-225x300.jpg\" class=\"attachment-medium size-medium\" alt=\"\" srcset=\"https:\/\/paroisse-jemeppe-onoz.be\/paroisse\/onoz\/wp-content\/uploads\/sites\/3\/2015\/12\/P1070678-225x300.jpg 225w, https:\/\/paroisse-jemeppe-onoz.be\/paroisse\/onoz\/wp-content\/uploads\/sites\/3\/2015\/12\/P1070678.jpg 450w\" sizes=\"(max-width: 225px) 100vw, 225px\" \/><\/a>\n\t\t\t<\/div><\/figure>\n\t\t<\/div>\n\t\t<\/div>\n\t\t\t\t\t\t<\/div>\n\t\t\t\t<div class=\"elementor-element elementor-element-d0a656b elementor-widget elementor-widget-heading\" data-id=\"d0a656b\" data-element_type=\"widget\" data-e-type=\"widget\" data-widget_type=\"heading.default\">\n\t\t\t\t\t<h2 class=\"elementor-heading-title elementor-size-default\">\u00a0Placement du coq :<\/h2>\t\t\t\t<\/div>\n\t\t\t\t\t<\/div>\n\t\t\t\t<\/div>\n\t\t<div class=\"elementor-element elementor-element-f628ce0 e-flex e-con-boxed e-con e-parent\" data-id=\"f628ce0\" data-element_type=\"container\" data-e-type=\"container\">\n\t\t\t\t\t<div class=\"e-con-inner\">\n\t\t\t\t<div class=\"elementor-element elementor-element-e13a18c elementor-widget elementor-widget-image-gallery\" data-id=\"e13a18c\" data-element_type=\"widget\" data-e-type=\"widget\" data-widget_type=\"image-gallery.default\">\n\t\t\t\t\t\t\t<div class=\"elementor-image-gallery\">\n\t\t\t<div id='gallery-2' class='gallery galleryid-590 gallery-columns-3 gallery-size-medium'><figure class='gallery-item'>\n\t\t\t<div class='gallery-icon portrait'>\n\t\t\t\t<a data-elementor-open-lightbox=\"yes\" data-elementor-lightbox-slideshow=\"e13a18c\" data-e-action-hash=\"#elementor-action%3Aaction%3Dlightbox%26settings%3DeyJpZCI6NjAwLCJ1cmwiOiJodHRwczpcL1wvcGFyb2lzc2UtamVtZXBwZS1vbm96LmJlXC9wYXJvaXNzZVwvb25velwvd3AtY29udGVudFwvdXBsb2Fkc1wvc2l0ZXNcLzNcLzIwMTVcLzEyXC9QMTA3MDY4NS5qcGciLCJzbGlkZXNob3ciOiJlMTNhMThjIn0%3D\" href='https:\/\/paroisse-jemeppe-onoz.be\/paroisse\/onoz\/wp-content\/uploads\/sites\/3\/2015\/12\/P1070685.jpg'><img loading=\"lazy\" decoding=\"async\" width=\"225\" height=\"300\" src=\"https:\/\/paroisse-jemeppe-onoz.be\/paroisse\/onoz\/wp-content\/uploads\/sites\/3\/2015\/12\/P1070685-225x300.jpg\" class=\"attachment-medium size-medium\" alt=\"\" srcset=\"https:\/\/paroisse-jemeppe-onoz.be\/paroisse\/onoz\/wp-content\/uploads\/sites\/3\/2015\/12\/P1070685-225x300.jpg 225w, https:\/\/paroisse-jemeppe-onoz.be\/paroisse\/onoz\/wp-content\/uploads\/sites\/3\/2015\/12\/P1070685.jpg 450w\" sizes=\"(max-width: 225px) 100vw, 225px\" \/><\/a>\n\t\t\t<\/div><\/figure><figure class='gallery-item'>\n\t\t\t<div class='gallery-icon portrait'>\n\t\t\t\t<a data-elementor-open-lightbox=\"yes\" data-elementor-lightbox-slideshow=\"e13a18c\" data-e-action-hash=\"#elementor-action%3Aaction%3Dlightbox%26settings%3DeyJpZCI6NjAxLCJ1cmwiOiJodHRwczpcL1wvcGFyb2lzc2UtamVtZXBwZS1vbm96LmJlXC9wYXJvaXNzZVwvb25velwvd3AtY29udGVudFwvdXBsb2Fkc1wvc2l0ZXNcLzNcLzIwMTVcLzEyXC9QMTA3MDY4OC5qcGciLCJzbGlkZXNob3ciOiJlMTNhMThjIn0%3D\" href='https:\/\/paroisse-jemeppe-onoz.be\/paroisse\/onoz\/wp-content\/uploads\/sites\/3\/2015\/12\/P1070688.jpg'><img loading=\"lazy\" decoding=\"async\" width=\"225\" height=\"300\" src=\"https:\/\/paroisse-jemeppe-onoz.be\/paroisse\/onoz\/wp-content\/uploads\/sites\/3\/2015\/12\/P1070688-225x300.jpg\" class=\"attachment-medium size-medium\" alt=\"\" srcset=\"https:\/\/paroisse-jemeppe-onoz.be\/paroisse\/onoz\/wp-content\/uploads\/sites\/3\/2015\/12\/P1070688-225x300.jpg 225w, https:\/\/paroisse-jemeppe-onoz.be\/paroisse\/onoz\/wp-content\/uploads\/sites\/3\/2015\/12\/P1070688.jpg 450w\" sizes=\"(max-width: 225px) 100vw, 225px\" \/><\/a>\n\t\t\t<\/div><\/figure><figure class='gallery-item'>\n\t\t\t<div class='gallery-icon portrait'>\n\t\t\t\t<a data-elementor-open-lightbox=\"yes\" data-elementor-lightbox-slideshow=\"e13a18c\" data-e-action-hash=\"#elementor-action%3Aaction%3Dlightbox%26settings%3DeyJpZCI6NjAyLCJ1cmwiOiJodHRwczpcL1wvcGFyb2lzc2UtamVtZXBwZS1vbm96LmJlXC9wYXJvaXNzZVwvb25velwvd3AtY29udGVudFwvdXBsb2Fkc1wvc2l0ZXNcLzNcLzIwMTVcLzEyXC9QMTA3MDcwNS5qcGciLCJzbGlkZXNob3ciOiJlMTNhMThjIn0%3D\" href='https:\/\/paroisse-jemeppe-onoz.be\/paroisse\/onoz\/wp-content\/uploads\/sites\/3\/2015\/12\/P1070705.jpg'><img loading=\"lazy\" decoding=\"async\" width=\"225\" height=\"300\" src=\"https:\/\/paroisse-jemeppe-onoz.be\/paroisse\/onoz\/wp-content\/uploads\/sites\/3\/2015\/12\/P1070705-225x300.jpg\" class=\"attachment-medium size-medium\" alt=\"\" srcset=\"https:\/\/paroisse-jemeppe-onoz.be\/paroisse\/onoz\/wp-content\/uploads\/sites\/3\/2015\/12\/P1070705-225x300.jpg 225w, https:\/\/paroisse-jemeppe-onoz.be\/paroisse\/onoz\/wp-content\/uploads\/sites\/3\/2015\/12\/P1070705.jpg 450w\" sizes=\"(max-width: 225px) 100vw, 225px\" \/><\/a>\n\t\t\t<\/div><\/figure>\n\t\t<\/div>\n\t\t<\/div>\n\t\t\t\t\t\t<\/div>\n\t\t\t\t\t<\/div>\n\t\t\t\t<\/div>\n\t\t\t\t<\/div>\n\t\t","protected":false},"excerpt":{"rendered":"<p>Un nouveau coq est venu nicher sur le clocher de l&rsquo;\u00e9glise d&rsquo;Onoz le merdi 15 d\u00e9cembre 2015.L&rsquo;ancien coq \u00e9tait tomb\u00e9 lors d&rsquo;une temp\u00eate. Il \u00e9tait trop ab\u00eem\u00e9 pour \u00eatre restaur\u00e9 : un nouveau tout brillant le remplace donc. L&rsquo;ancien coq et le nouveau&#8230; : Placement de la croix\u00a0 et de la boule : \u00a0Placement du&#8230;<\/p>\n","protected":false},"author":1,"featured_media":0,"parent":0,"menu_order":0,"comment_status":"closed","ping_status":"open","template":"","meta":{"_kad_post_transparent":"","_kad_post_title":"","_kad_post_layout":"","_kad_post_sidebar_id":"","_kad_post_content_style":"","_kad_post_vertical_padding":"","_kad_post_feature":"","_kad_post_feature_position":"","_kad_post_header":false,"_kad_post_footer":false,"_kad_post_classname":"","footnotes":""},"class_list":["post-590","page","type-page","status-publish","hentry"],"jetpack_sharing_enabled":true,"_links":{"self":[{"href":"https:\/\/paroisse-jemeppe-onoz.be\/paroisse\/onoz\/wp-json\/wp\/v2\/pages\/590","targetHints":{"allow":["GET"]}}],"collection":[{"href":"https:\/\/paroisse-jemeppe-onoz.be\/paroisse\/onoz\/wp-json\/wp\/v2\/pages"}],"about":[{"href":"https:\/\/paroisse-jemeppe-onoz.be\/paroisse\/onoz\/wp-json\/wp\/v2\/types\/page"}],"author":[{"embeddable":true,"href":"https:\/\/paroisse-jemeppe-onoz.be\/paroisse\/onoz\/wp-json\/wp\/v2\/users\/1"}],"replies":[{"embeddable":true,"href":"https:\/\/paroisse-jemeppe-onoz.be\/paroisse\/onoz\/wp-json\/wp\/v2\/comments?post=590"}],"version-history":[{"count":3,"href":"https:\/\/paroisse-jemeppe-onoz.be\/paroisse\/onoz\/wp-json\/wp\/v2\/pages\/590\/revisions"}],"predecessor-version":[{"id":8776,"href":"https:\/\/paroisse-jemeppe-onoz.be\/paroisse\/onoz\/wp-json\/wp\/v2\/pages\/590\/revisions\/8776"}],"wp:attachment":[{"href":"https:\/\/paroisse-jemeppe-onoz.be\/paroisse\/onoz\/wp-json\/wp\/v2\/media?parent=590"}],"curies":[{"name":"wp","href":"https:\/\/api.w.org\/{rel}","templated":true}]}}