{"id":338,"date":"2015-06-09T10:37:14","date_gmt":"2015-06-09T09:37:14","guid":{"rendered":"https:\/\/paroisse-jemeppe-onoz.be\/paroisse\/onoz\/?page_id=338"},"modified":"2026-02-06T11:42:13","modified_gmt":"2026-02-06T10:42:13","slug":"le-vieux-moulin","status":"publish","type":"page","link":"https:\/\/paroisse-jemeppe-onoz.be\/paroisse\/onoz\/le-vieux-moulin\/","title":{"rendered":"Le Vieux Moulin"},"content":{"rendered":"\t\t<div data-elementor-type=\"wp-page\" data-elementor-id=\"338\" class=\"elementor elementor-338\">\n\t\t\t\t<div class=\"elementor-element elementor-element-eb32bdc e-flex e-con-boxed e-con e-parent\" data-id=\"eb32bdc\" data-element_type=\"container\" data-e-type=\"container\">\n\t\t\t\t\t<div class=\"e-con-inner\">\n\t\t\t\t<div class=\"elementor-element elementor-element-8c1e378 elementor-widget elementor-widget-text-editor\" data-id=\"8c1e378\" data-element_type=\"widget\" data-e-type=\"widget\" data-widget_type=\"text-editor.default\">\n\t\t\t\t\t\t\t\t\t<p>La RASBL \u00ab\u00a0<span style=\"color: #339966;\">Foyer du Vieux Moulin<\/span>\u00a0\u00bb organise diverses activit\u00e9s pour le village d&rsquo;Onoz, dont la plus connue est certainement la brocante annuelle qui se d\u00e9roule le premier dimanche de septembre.<\/p><p>Nous fonctionnons dans un esprit totalement philantropique. Tout l&rsquo;argent r\u00e9colt\u00e9 dans le cadre de nos activit\u00e9s est r\u00e9investi dans le village.<\/p><p>Notre RASBL est un outil de convivialit\u00e9 qui permet \u00e0 notre village de vivre au travers de toutes les g\u00e9n\u00e9rations.<\/p>\t\t\t\t\t\t\t\t<\/div>\n\t\t\t\t\t<\/div>\n\t\t\t\t<\/div>\n\t\t<div class=\"elementor-element elementor-element-4a08403 e-flex e-con-boxed e-con e-parent\" data-id=\"4a08403\" data-element_type=\"container\" data-e-type=\"container\">\n\t\t\t\t\t<div class=\"e-con-inner\">\n\t\t\t\t<div class=\"elementor-element elementor-element-04f2750 elementor-widget elementor-widget-text-editor\" data-id=\"04f2750\" data-element_type=\"widget\" data-e-type=\"widget\" data-widget_type=\"text-editor.default\">\n\t\t\t\t\t\t\t\t\t<p>Conultez le site web : <a href=\"https:\/\/www.facebook.com\/vieuxmoulinonoz\/?locale=fr_FR\" target=\"_blank\" rel=\"noopener\">Facebook<\/a><\/p>\t\t\t\t\t\t\t\t<\/div>\n\t\t\t\t\t<\/div>\n\t\t\t\t<\/div>\n\t\t\t\t<\/div>\n\t\t","protected":false},"excerpt":{"rendered":"<p>La RASBL \u00ab\u00a0Foyer du Vieux Moulin\u00a0\u00bb organise diverses activit\u00e9s pour le village d&rsquo;Onoz, dont la plus connue est certainement la brocante annuelle qui se d\u00e9roule le premier dimanche de septembre. Nous fonctionnons dans un esprit totalement philantropique. Tout l&rsquo;argent r\u00e9colt\u00e9 dans le cadre de nos activit\u00e9s est r\u00e9investi dans le village. Notre RASBL est un&#8230;<\/p>\n","protected":false},"author":1,"featured_media":0,"parent":0,"menu_order":0,"comment_status":"closed","ping_status":"open","template":"","meta":{"_kad_post_transparent":"","_kad_post_title":"","_kad_post_layout":"","_kad_post_sidebar_id":"","_kad_post_content_style":"","_kad_post_vertical_padding":"","_kad_post_feature":"","_kad_post_feature_position":"","_kad_post_header":false,"_kad_post_footer":false,"_kad_post_classname":"","footnotes":""},"class_list":["post-338","page","type-page","status-publish","hentry"],"jetpack_sharing_enabled":true,"_links":{"self":[{"href":"https:\/\/paroisse-jemeppe-onoz.be\/paroisse\/onoz\/wp-json\/wp\/v2\/pages\/338","targetHints":{"allow":["GET"]}}],"collection":[{"href":"https:\/\/paroisse-jemeppe-onoz.be\/paroisse\/onoz\/wp-json\/wp\/v2\/pages"}],"about":[{"href":"https:\/\/paroisse-jemeppe-onoz.be\/paroisse\/onoz\/wp-json\/wp\/v2\/types\/page"}],"author":[{"embeddable":true,"href":"https:\/\/paroisse-jemeppe-onoz.be\/paroisse\/onoz\/wp-json\/wp\/v2\/users\/1"}],"replies":[{"embeddable":true,"href":"https:\/\/paroisse-jemeppe-onoz.be\/paroisse\/onoz\/wp-json\/wp\/v2\/comments?post=338"}],"version-history":[{"count":3,"href":"https:\/\/paroisse-jemeppe-onoz.be\/paroisse\/onoz\/wp-json\/wp\/v2\/pages\/338\/revisions"}],"predecessor-version":[{"id":9180,"href":"https:\/\/paroisse-jemeppe-onoz.be\/paroisse\/onoz\/wp-json\/wp\/v2\/pages\/338\/revisions\/9180"}],"wp:attachment":[{"href":"https:\/\/paroisse-jemeppe-onoz.be\/paroisse\/onoz\/wp-json\/wp\/v2\/media?parent=338"}],"curies":[{"name":"wp","href":"https:\/\/api.w.org\/{rel}","templated":true}]}}