{"id":17,"date":"2014-12-27T12:08:46","date_gmt":"2014-12-27T11:08:46","guid":{"rendered":"https:\/\/paroisse-jemeppe-onoz.be\/paroisse\/onoz\/?page_id=17"},"modified":"2026-01-20T11:40:36","modified_gmt":"2026-01-20T10:40:36","slug":"revues","status":"publish","type":"page","link":"https:\/\/paroisse-jemeppe-onoz.be\/paroisse\/onoz\/documentation\/revues\/","title":{"rendered":"Revues"},"content":{"rendered":"<h1><span style=\"color: #ff00ff;\"><strong>Le magazine \u00ab L\u2019Appel \u00bb<\/strong><\/span><\/h1>\n<p><span style=\"color: #008000;\"><strong>L\u2019Appel, un magazine chr\u00e9tien de l\u2019\u00e9v\u00e9nement<\/strong><br \/>\n<\/span>\u2022 L\u2019appel est un magazine d\u2019information qui entend, chaque mois, s\u2019interroger sur le flux de l\u2019actualit\u00e9, comprendre les \u00e9v\u00e9nements marquants, les interpr\u00e9ter et leur donner sens pour aider \u00e0 un positionnement critique. Pour ce faire, l\u2019\u00e9quipe des r\u00e9dacteurs met en \u0153uvre une d\u00e9marche journalistique rigoureuse, honn\u00eate et r\u00e9pondant aux crit\u00e8res \u00e9tablis par les chartes d\u00e9ontologiques r\u00e9gulant cette profession.<\/p>\n<p>\u2022 L\u2019appel est un magazine sensible aux questions de sens et de spiritualit\u00e9 qui traversent l\u2019ensemble de la soci\u00e9t\u00e9, quels que soient les religions, les convictions ou les syst\u00e8mes de pens\u00e9e concern\u00e9s. Il n\u2019\u00e9nonce pas une v\u00e9rit\u00e9 mais il \u00e9coute, regarde et rapporte la diversit\u00e9 des points de vue, il reconna\u00eet la pertinence d\u2019approches \u00e9loign\u00e9es du christianisme, dans le respect des apports de chacun.<\/p>\n<p>\u2022 L\u2019appel est un magazine d\u2019inspiration chr\u00e9tienne, en ce sens que la lecture du monde et de l\u2019actualit\u00e9 sont \u00e9clair\u00e9es par les valeurs \u00e9vang\u00e9liques<br \/>\nL\u2019Appel para\u00eet tous les mois sauf en juillet et ao\u00fbt.<\/p>\n<p>Consultez <a href=\"http:\/\/www.magazine-appel.be\" target=\"_blank\" rel=\"noopener\"><span style=\"text-decoration: underline; color: #0000ff;\">le site du magazine<\/span><\/a><\/p>\n<p><span style=\"color: #008000;\"><strong>Abonnements<\/strong><\/span><br \/>\nL\u2019abonnement par l\u2019interm\u00e9diaire de la paroisse co\u00fbte 15 \u20ac (au lieu de 24 \u20ac) pour l\u2019ann\u00e9e.<br \/>\nIl suffit de verser ces 15 \u20ac sur le compte :<br \/>\nBE37 0882 3042 6828<br \/>\nParoisse Saint Martin<br \/>\nRue Van Cutsem, 7<br \/>\n5190 Jemeppe-sur-Sambre<br \/>\nAttention : Mentionnez clairement votre nom ET votre adresse pr\u00e9cise. La revue vous parviendra par la poste.<\/p>\n<p>&nbsp;<\/p>\n<p>&nbsp;<\/p>\n<header class=\"entry-header page-header\">\n<h1 class=\"entry-title\"><span style=\"color: #ff00ff;\">\u00ab\u00a0Le Monde des Religions\u00a0\u00bb<\/span><\/h1>\n<\/header>\n<div class=\"entry-content\">\n<h4><span style=\"color: #339966;\"><em>\u00ab\u00a0Conna\u00eetre les religions pour comprendre le monde.\u00a0\u00bb<\/em><\/span><\/h4>\n<p><em>\u00ab\u00a0LE MONDE DES RELIGIONS\u00a0\u00bb<\/em> est un magazine qui propose un d\u00e9cryptage\u00a0 des religions et des\u00a0 spiritualit\u00e9s du monde \u00e0 travers des dossiers th\u00e9matiques, des reportages et des entretiens.<\/p>\n<p>Le magazine para\u00eet tous les deux mois.<\/p>\n<p><span style=\"text-decoration: underline;\"><span style=\"color: #0000ff; text-decoration: underline;\"><a style=\"color: #0000ff; text-decoration: underline;\" href=\"http:\/\/www.lemondedesreligions.fr\/\" target=\"_blank\" rel=\"noopener\">Consulter le site<\/a><\/span><\/span><\/p>\n<p><strong><span style=\"color: #339966;\">L\u2019abonnement<\/span> <\/strong>se fait chez <span style=\"text-decoration: underline;\"><span style=\"color: #0000ff;\"><a style=\"color: #0000ff; text-decoration: underline;\" href=\"http:\/\/www.edigroup.be\/1036-religion-spiritualite\" target=\"_blank\" rel=\"noopener\">edigroup Belgique<\/a><\/span><\/span> (cliquez).<\/p>\n<\/div>\n","protected":false},"excerpt":{"rendered":"<p>Le magazine \u00ab L\u2019Appel \u00bb L\u2019Appel, un magazine chr\u00e9tien de l\u2019\u00e9v\u00e9nement \u2022 L\u2019appel est un magazine d\u2019information qui entend, chaque mois, s\u2019interroger sur le flux de l\u2019actualit\u00e9, comprendre les \u00e9v\u00e9nements marquants, les interpr\u00e9ter et leur donner sens pour aider \u00e0 un positionnement critique. Pour ce faire, l\u2019\u00e9quipe des r\u00e9dacteurs met en \u0153uvre une d\u00e9marche journalistique&#8230;<\/p>\n","protected":false},"author":1,"featured_media":0,"parent":15,"menu_order":0,"comment_status":"open","ping_status":"open","template":"","meta":{"_kad_post_transparent":"","_kad_post_title":"","_kad_post_layout":"","_kad_post_sidebar_id":"","_kad_post_content_style":"","_kad_post_vertical_padding":"","_kad_post_feature":"","_kad_post_feature_position":"","_kad_post_header":false,"_kad_post_footer":false,"_kad_post_classname":"","footnotes":""},"class_list":["post-17","page","type-page","status-publish","hentry"],"jetpack_sharing_enabled":true,"_links":{"self":[{"href":"https:\/\/paroisse-jemeppe-onoz.be\/paroisse\/onoz\/wp-json\/wp\/v2\/pages\/17","targetHints":{"allow":["GET"]}}],"collection":[{"href":"https:\/\/paroisse-jemeppe-onoz.be\/paroisse\/onoz\/wp-json\/wp\/v2\/pages"}],"about":[{"href":"https:\/\/paroisse-jemeppe-onoz.be\/paroisse\/onoz\/wp-json\/wp\/v2\/types\/page"}],"author":[{"embeddable":true,"href":"https:\/\/paroisse-jemeppe-onoz.be\/paroisse\/onoz\/wp-json\/wp\/v2\/users\/1"}],"replies":[{"embeddable":true,"href":"https:\/\/paroisse-jemeppe-onoz.be\/paroisse\/onoz\/wp-json\/wp\/v2\/comments?post=17"}],"version-history":[{"count":1,"href":"https:\/\/paroisse-jemeppe-onoz.be\/paroisse\/onoz\/wp-json\/wp\/v2\/pages\/17\/revisions"}],"predecessor-version":[{"id":8802,"href":"https:\/\/paroisse-jemeppe-onoz.be\/paroisse\/onoz\/wp-json\/wp\/v2\/pages\/17\/revisions\/8802"}],"up":[{"embeddable":true,"href":"https:\/\/paroisse-jemeppe-onoz.be\/paroisse\/onoz\/wp-json\/wp\/v2\/pages\/15"}],"wp:attachment":[{"href":"https:\/\/paroisse-jemeppe-onoz.be\/paroisse\/onoz\/wp-json\/wp\/v2\/media?parent=17"}],"curies":[{"name":"wp","href":"https:\/\/api.w.org\/{rel}","templated":true}]}}