{"id":1479,"date":"2018-09-29T15:23:42","date_gmt":"2018-09-29T14:23:42","guid":{"rendered":"https:\/\/paroisse-jemeppe-onoz.be\/paroisse\/onoz\/?page_id=1479"},"modified":"2026-01-21T12:24:16","modified_gmt":"2026-01-21T11:24:16","slug":"fete-des-50-ans","status":"publish","type":"page","link":"https:\/\/paroisse-jemeppe-onoz.be\/paroisse\/onoz\/fete-des-50-ans\/","title":{"rendered":"F\u00eate des 50 ans d\u2019ordination sacerdotale de J.Reding"},"content":{"rendered":"<p>Jos\u00e9 Reding, th\u00e9ologien, pr\u00eatre \u00e0 Onoz et Jemeppe-sur-Sambre,<br \/>\na 50 ans d&rsquo;ordination sacerdotale cette ann\u00e9e.<\/p>\n<p>La paroisse et ses amis ont fait la f\u00eate avec lui<br \/>\nle dimanche 21 octobre 2018 \u00e0 Jemeppe-sur-Sambre.<\/p>\n<p>&nbsp;<\/p>\n<p><a href=\"https:\/\/paroisse-jemeppe-onoz.be\/paroisse\/jemeppe\/wp-content\/uploads\/sites\/4\/2018\/09\/Jose-50-ans_Invitation.pdf\"><em><span style=\"text-decoration: underline;\"><span style=\"color: #993300; text-decoration: underline;\">Voir l&rsquo;invitation<\/span><\/span><\/em><\/a><\/p>\n<p><span style=\"text-decoration: underline;\"><span style=\"color: #ff0000;\"><em><a style=\"color: #ff0000; text-decoration: underline;\" href=\"https:\/\/paroisse-jemeppe-onoz.be\/paroisse\/jemeppe\/fete-des-50-ans\/\" target=\"_blank\" rel=\"noopener\">Voir les photos<\/a><\/em><\/span><\/span><\/p>\n","protected":false},"excerpt":{"rendered":"<p>Jos\u00e9 Reding, th\u00e9ologien, pr\u00eatre \u00e0 Onoz et Jemeppe-sur-Sambre, a 50 ans d&rsquo;ordination sacerdotale cette ann\u00e9e. La paroisse et ses amis ont fait la f\u00eate avec lui le dimanche 21 octobre 2018 \u00e0 Jemeppe-sur-Sambre. &nbsp; Voir l&rsquo;invitation Voir les photos<\/p>\n","protected":false},"author":1,"featured_media":0,"parent":0,"menu_order":0,"comment_status":"closed","ping_status":"open","template":"","meta":{"_kad_post_transparent":"","_kad_post_title":"","_kad_post_layout":"","_kad_post_sidebar_id":"","_kad_post_content_style":"","_kad_post_vertical_padding":"","_kad_post_feature":"","_kad_post_feature_position":"","_kad_post_header":false,"_kad_post_footer":false,"_kad_post_classname":"","footnotes":""},"class_list":["post-1479","page","type-page","status-publish","hentry"],"jetpack_sharing_enabled":true,"_links":{"self":[{"href":"https:\/\/paroisse-jemeppe-onoz.be\/paroisse\/onoz\/wp-json\/wp\/v2\/pages\/1479","targetHints":{"allow":["GET"]}}],"collection":[{"href":"https:\/\/paroisse-jemeppe-onoz.be\/paroisse\/onoz\/wp-json\/wp\/v2\/pages"}],"about":[{"href":"https:\/\/paroisse-jemeppe-onoz.be\/paroisse\/onoz\/wp-json\/wp\/v2\/types\/page"}],"author":[{"embeddable":true,"href":"https:\/\/paroisse-jemeppe-onoz.be\/paroisse\/onoz\/wp-json\/wp\/v2\/users\/1"}],"replies":[{"embeddable":true,"href":"https:\/\/paroisse-jemeppe-onoz.be\/paroisse\/onoz\/wp-json\/wp\/v2\/comments?post=1479"}],"version-history":[{"count":3,"href":"https:\/\/paroisse-jemeppe-onoz.be\/paroisse\/onoz\/wp-json\/wp\/v2\/pages\/1479\/revisions"}],"predecessor-version":[{"id":8814,"href":"https:\/\/paroisse-jemeppe-onoz.be\/paroisse\/onoz\/wp-json\/wp\/v2\/pages\/1479\/revisions\/8814"}],"wp:attachment":[{"href":"https:\/\/paroisse-jemeppe-onoz.be\/paroisse\/onoz\/wp-json\/wp\/v2\/media?parent=1479"}],"curies":[{"name":"wp","href":"https:\/\/api.w.org\/{rel}","templated":true}]}}