{"id":13,"date":"2014-12-27T12:08:22","date_gmt":"2014-12-27T11:08:22","guid":{"rendered":"https:\/\/paroisse-jemeppe-onoz.be\/paroisse\/onoz\/?page_id=13"},"modified":"2014-12-27T12:08:22","modified_gmt":"2014-12-27T11:08:22","slug":"fabrique-deglise","status":"publish","type":"page","link":"https:\/\/paroisse-jemeppe-onoz.be\/paroisse\/onoz\/histoire-et-patrimoine\/fabrique-deglise\/","title":{"rendered":"Fabrique d&rsquo;Eglise"},"content":{"rendered":"<p><a href=\"https:\/\/www.paroisse-jemeppe-onoz.be\/paroisse\/wp-content\/uploads\/sites\/3\/2015\/04\/Fabrique-Onoz_logo.jpg\"><img decoding=\"async\" class=\"alignnone wp-image-264 size-thumbnail\" src=\"https:\/\/www.paroisse-jemeppe-onoz.be\/paroisse\/wp-content\/uploads\/sites\/3\/2015\/04\/Fabrique-Onoz_logo-150x150.jpg\" alt=\"Fabrique-Onoz_logo\" width=\"150\" height=\"150\" srcset=\"https:\/\/paroisse-jemeppe-onoz.be\/paroisse\/onoz\/wp-content\/uploads\/sites\/3\/2015\/04\/Fabrique-Onoz_logo-150x150.jpg 150w, https:\/\/paroisse-jemeppe-onoz.be\/paroisse\/onoz\/wp-content\/uploads\/sites\/3\/2015\/04\/Fabrique-Onoz_logo-300x300.jpg 300w, https:\/\/paroisse-jemeppe-onoz.be\/paroisse\/onoz\/wp-content\/uploads\/sites\/3\/2015\/04\/Fabrique-Onoz_logo-60x60.jpg 60w, https:\/\/paroisse-jemeppe-onoz.be\/paroisse\/onoz\/wp-content\/uploads\/sites\/3\/2015\/04\/Fabrique-Onoz_logo.jpg 433w\" sizes=\"(max-width: 150px) 100vw, 150px\" \/><\/a><\/p>\n<p>En Belgique, la libert\u00e9 du culte est garantie par la Constitution. Une telle libert\u00e9 implique qu\u2019un culte public puisse \u00eatre rendu \u00e0 Dieu, dans des temples appropri\u00e9s par des desservants qui ont pour mission de diriger ces c\u00e9r\u00e9monies et d\u2019accomplir des actes rituels.<br \/>\nLa mission confi\u00e9e \u00e0 la fabrique d&rsquo;\u00e9glise est de g\u00e9rer \u00ab\u00a0en bon p\u00e8re de famille\u00a0\u00bb le \u00ab\u00a0temporel\u00a0\u00bb du culte : entretien de l&rsquo;\u00e9glise, paiement du personnel, chauffage, \u00e9lectricit\u00e9, eau&#8230;. La fabrique est aussi charg\u00e9e d\u2019administrer les aum\u00f4nes, rentes, \u2026 et plus g\u00e9n\u00e9ralement tous les fonds qui assurent l\u2019exercice du culte.<br \/>\nLa fabrique d\u2019\u00e9glise est donc une institution officielle dont le statut est fix\u00e9 par un d\u00e9cret imp\u00e9rial de Napol\u00e9on, du 30 d\u00e9cembre 1809. Celui-ci organise l&rsquo;administration des fabriques d&rsquo;\u00e9glise en la confiant \u00e0 deux coll\u00e8ges : le conseil de fabrique et le bureau des marguilliers. On peut comparer le conseil de fabrique au conseil communal et le bureau des marguilliers au coll\u00e8ge des bourgmestres et \u00e9chevins.<\/p>\n<h3><span style=\"color: #008000\"><strong>Le conseil de fabrique<\/strong><\/span><\/h3>\n<p>Le conseil de fabrique d&rsquo;une paroisse de moins de 5000 habitants comprend, outre le Cur\u00e9 et le Bourgmestre, qui en sont membres de droit, cinq personnes b\u00e9n\u00e9voles. <strong>Ils ont la charge d&rsquo;\u00e9tablir le budget et de v\u00e9rifier les comptes annuels<\/strong>. Ceux-ci sont ensuite soumis \u00e0 l&rsquo;approbation des autorit\u00e9s communales et eccl\u00e9siastiques&#8230; Et ce n&rsquo;est pas qu\u2019une simple formalit\u00e9 administrative !<br \/>\nLes membres du conseil sont \u00e9lus pour une dur\u00e9e de six ans. Le conseil est renouvel\u00e9 par moiti\u00e9 tous les trois ans. Les membres sortants sont r\u00e9\u00e9ligibles.<br \/>\nLe bureau des marguilliers comprend le cur\u00e9, qui en est membre de droit, et trois membres \u00e9lus du conseil de fabrique qui auront une fonction bien pr\u00e9cise : pr\u00e9sident, tr\u00e9sorier et secr\u00e9taire. Le bureau des marguilliers est l\u2019ex\u00e9cutif : <strong>il pr\u00e9pare les affaires qui doivent \u00eatre port\u00e9es au conseil &#8211; budget, dossiers divers &#8211; et il est responsable de l\u2019ex\u00e9cution des d\u00e9cisions du conseil. Il est aussi charg\u00e9 de l\u2019administration journali\u00e8re du temporel de la paroisse<\/strong>.<\/p>\n<h3><span style=\"color: #008000\">Le conseil de fabrique St-Martin d\u2019Onoz<\/span><\/h3>\n<p>Actuellement, le conseil de fabrique de la paroisse Saint-Martin d\u2019Onoz est compos\u00e9 des membres \u00e9lus suivants\u00a0: Georges Conrardy, Jos\u00e9 Dr\u00e8ze, Christine Beaufays, Marilyne Dache et Willy Cassiers. Il y a aussi deux membres de droit : Monsieur l\u2019abb\u00e9 Fran\u00e7ois Hosteau et Monsieur Jean-Luc Evrard, respectivement cur\u00e9 d\u2019Onoz et bourgmestre de Jemeppe.<\/p>\n<p>Le bureau des marguilliers est compos\u00e9 de M. l\u2019abb\u00e9 Fran\u00e7ois Hosteau, cur\u00e9, Georges Conrardy, pr\u00e9sident, Jos\u00e9 Dr\u00e8ze, tr\u00e9sorier et Christine Beaufays, secr\u00e9taire.<\/p>\n<p>Pour joindre le conseil de fabrique d\u2019\u00e9glise St-Martin :\u00a0<a href=\"mailto:onoz@fabriques-namlux.be\">onoz@fabriques-namlux.be<\/a><\/p>\n","protected":false},"excerpt":{"rendered":"<p>En Belgique, la libert\u00e9 du culte est garantie par la Constitution. Une telle libert\u00e9 implique qu\u2019un culte public puisse \u00eatre rendu \u00e0 Dieu, dans des temples appropri\u00e9s par des desservants qui ont pour mission de diriger ces c\u00e9r\u00e9monies et d\u2019accomplir des actes rituels. La mission confi\u00e9e \u00e0 la fabrique d&rsquo;\u00e9glise est de g\u00e9rer \u00ab\u00a0en bon&#8230;<\/p>\n","protected":false},"author":1,"featured_media":0,"parent":11,"menu_order":0,"comment_status":"closed","ping_status":"closed","template":"","meta":{"_kad_post_transparent":"","_kad_post_title":"","_kad_post_layout":"","_kad_post_sidebar_id":"","_kad_post_content_style":"","_kad_post_vertical_padding":"","_kad_post_feature":"","_kad_post_feature_position":"","_kad_post_header":false,"_kad_post_footer":false,"_kad_post_classname":"","footnotes":""},"class_list":["post-13","page","type-page","status-publish","hentry"],"jetpack_sharing_enabled":true,"_links":{"self":[{"href":"https:\/\/paroisse-jemeppe-onoz.be\/paroisse\/onoz\/wp-json\/wp\/v2\/pages\/13","targetHints":{"allow":["GET"]}}],"collection":[{"href":"https:\/\/paroisse-jemeppe-onoz.be\/paroisse\/onoz\/wp-json\/wp\/v2\/pages"}],"about":[{"href":"https:\/\/paroisse-jemeppe-onoz.be\/paroisse\/onoz\/wp-json\/wp\/v2\/types\/page"}],"author":[{"embeddable":true,"href":"https:\/\/paroisse-jemeppe-onoz.be\/paroisse\/onoz\/wp-json\/wp\/v2\/users\/1"}],"replies":[{"embeddable":true,"href":"https:\/\/paroisse-jemeppe-onoz.be\/paroisse\/onoz\/wp-json\/wp\/v2\/comments?post=13"}],"version-history":[{"count":0,"href":"https:\/\/paroisse-jemeppe-onoz.be\/paroisse\/onoz\/wp-json\/wp\/v2\/pages\/13\/revisions"}],"up":[{"embeddable":true,"href":"https:\/\/paroisse-jemeppe-onoz.be\/paroisse\/onoz\/wp-json\/wp\/v2\/pages\/11"}],"wp:attachment":[{"href":"https:\/\/paroisse-jemeppe-onoz.be\/paroisse\/onoz\/wp-json\/wp\/v2\/media?parent=13"}],"curies":[{"name":"wp","href":"https:\/\/api.w.org\/{rel}","templated":true}]}}