{"id":9,"date":"2014-12-27T11:44:49","date_gmt":"2014-12-27T10:44:49","guid":{"rendered":"https:\/\/paroisse-jemeppe-onoz.be\/paroisse\/jemeppe\/?page_id=9"},"modified":"2026-01-28T07:26:45","modified_gmt":"2026-01-28T06:26:45","slug":"saint-vincent-de-paul","status":"publish","type":"page","link":"https:\/\/paroisse-jemeppe-onoz.be\/paroisse\/jemeppe\/saint-vincent-de-paul\/","title":{"rendered":"La Saint Vincent de Paul"},"content":{"rendered":"<h3><span style=\"color: #993300;\">Le saviez-vous ?<\/span><\/h3>\n<p>Il existe \u00e0 Jemeppe-sur-Sambre, une \u00e9quipe de b\u00e9n\u00e9voles qui s&rsquo;activent chaque mois pour venir en aide aux personnes en situation pr\u00e9caire.<br \/>\nCette \u00e9quipe est connue sous le nom de \u00ab\u00a0Conf\u00e9rence de Saint Vincent de Paul\u00a0\u00bb et s&rsquo;occupe plus particuli\u00e8rement des villages de Jemeppe, Ham, Moustier, Onoz et Bal\u00e2tre.<\/p>\n<h3><span style=\"color: #993300;\">Origine de cette association.<\/span><\/h3>\n<p>Saint Vincent de Paul a v\u00e9cu la plus grande partie de sa vie au 17\u00e8me si\u00e8cle et son souci principal \u00e9tait d&rsquo;aider les personnes en difficult\u00e9s.<br \/>\nCe n&rsquo;est que plus tard, en 1831, qu&rsquo;un \u00e9tudiant de la l&rsquo;universit\u00e9 de la Sorbonne \u00e0 Paris, Fr\u00e9d\u00e9ric Ozanam, avec l&rsquo;aide de ses amis, alla trouver les personnes influentes de son \u00e9poque et d\u00e9cid\u00e8rent d&rsquo;unir leurs efforts dans le but d&rsquo;aide aux personnes.<br \/>\nLe 19\u00e8me si\u00e8cle est le si\u00e8cle de la r\u00e9volution industrielle qui produit beaucoup de mis\u00e8re. En plus, le chol\u00e9ra et la peste s\u00e9vissaient \u00e0 Paris \u00e0 cette \u00e9poque.<br \/>\nEn m\u00e9moire de saint Vincent de Paul, naquit cette association \u00ab\u00a0Conf\u00e9rence de Saint Vincent de Paul\u00a0\u00bb qui continue jusqu&rsquo;\u00e0 aujourd&rsquo;hui dans plus de 130 pays.<\/p>\n<h3><span style=\"color: #993300;\">R\u00f4le des b\u00e9n\u00e9voles.<\/span><\/h3>\n<p>&#8211; Avoir le souci de l&rsquo;autre.<\/p>\n<p>&#8211; Avoir une sensibilit\u00e9 qui permet d&rsquo;\u00e9couter, de faire les bons choix.<\/p>\n<p>&#8211; \u00catre disponible \u00e0 certains moments pour confectionner les colis de marchandises dont disposons via les banques alimentaires et les dons.<\/p>\n<p>&#8211; Visiter des personnes quand la situation le demande.<\/p>\n<h3><strong><span style=\"color: #993300;\">Qui peut b\u00e9n\u00e9ficier d&rsquo;une aide alimentaire ?<\/span><\/strong><\/h3>\n<p>Les personnes \u00e0 revenus modestes quelles que soient les circonstances.<\/p>\n<ol>\n<li style=\"text-align: left;\">Prendre contact avec le CPAS de la commune.<\/li>\n<li>Une assistante sociale prendra contact avec vous et examinera votre situation. Apr\u00e8s examen, une r\u00e9ponse vous sera adress\u00e9e et selon les cas, vous pourrez aller faire votre ravitaillement \u00e0 l\u2019\u00e9picerie sociale \u00e0 une fr\u00e9quence de une fois par semaine, une fois par quinzaine ou une fois par mois selon votre situation.<\/li>\n<\/ol>\n<p>&nbsp;<\/p>\n<h3><span style=\"color: #993300;\">Appel \u00e0 des b\u00e9n\u00e9voles<\/span>.<\/h3>\n<p>Toute personne de bonne volont\u00e9 est la bienvenue quelques heures par mois.<br \/>\nRenseignements : Paul FRANQUIN \u00a00477\/24 51 41.<\/p>\n","protected":false},"excerpt":{"rendered":"<p>Le saviez-vous ? Il existe \u00e0 Jemeppe-sur-Sambre, une \u00e9quipe de b\u00e9n\u00e9voles qui s&rsquo;activent chaque mois pour venir en aide aux personnes en situation pr\u00e9caire. Cette \u00e9quipe est connue sous le nom de \u00ab\u00a0Conf\u00e9rence de Saint Vincent de Paul\u00a0\u00bb et s&rsquo;occupe plus particuli\u00e8rement des villages de Jemeppe, Ham, Moustier, Onoz et Bal\u00e2tre. Origine de cette association&#8230;.<\/p>\n","protected":false},"author":1,"featured_media":0,"parent":0,"menu_order":0,"comment_status":"closed","ping_status":"closed","template":"","meta":{"_kad_post_transparent":"","_kad_post_title":"","_kad_post_layout":"normal","_kad_post_sidebar_id":"","_kad_post_content_style":"","_kad_post_vertical_padding":"","_kad_post_feature":"","_kad_post_feature_position":"","_kad_post_header":false,"_kad_post_footer":false,"_kad_post_classname":"","footnotes":""},"class_list":["post-9","page","type-page","status-publish","hentry"],"jetpack_sharing_enabled":true,"_links":{"self":[{"href":"https:\/\/paroisse-jemeppe-onoz.be\/paroisse\/jemeppe\/wp-json\/wp\/v2\/pages\/9","targetHints":{"allow":["GET"]}}],"collection":[{"href":"https:\/\/paroisse-jemeppe-onoz.be\/paroisse\/jemeppe\/wp-json\/wp\/v2\/pages"}],"about":[{"href":"https:\/\/paroisse-jemeppe-onoz.be\/paroisse\/jemeppe\/wp-json\/wp\/v2\/types\/page"}],"author":[{"embeddable":true,"href":"https:\/\/paroisse-jemeppe-onoz.be\/paroisse\/jemeppe\/wp-json\/wp\/v2\/users\/1"}],"replies":[{"embeddable":true,"href":"https:\/\/paroisse-jemeppe-onoz.be\/paroisse\/jemeppe\/wp-json\/wp\/v2\/comments?post=9"}],"version-history":[{"count":2,"href":"https:\/\/paroisse-jemeppe-onoz.be\/paroisse\/jemeppe\/wp-json\/wp\/v2\/pages\/9\/revisions"}],"predecessor-version":[{"id":9174,"href":"https:\/\/paroisse-jemeppe-onoz.be\/paroisse\/jemeppe\/wp-json\/wp\/v2\/pages\/9\/revisions\/9174"}],"wp:attachment":[{"href":"https:\/\/paroisse-jemeppe-onoz.be\/paroisse\/jemeppe\/wp-json\/wp\/v2\/media?parent=9"}],"curies":[{"name":"wp","href":"https:\/\/api.w.org\/{rel}","templated":true}]}}