{"id":835,"date":"2015-08-18T17:18:42","date_gmt":"2015-08-18T16:18:42","guid":{"rendered":"https:\/\/paroisse-jemeppe-onoz.be\/paroisse\/jemeppe\/?page_id=835"},"modified":"2026-01-28T07:29:42","modified_gmt":"2026-01-28T06:29:42","slug":"835-2","status":"publish","type":"page","link":"https:\/\/paroisse-jemeppe-onoz.be\/paroisse\/jemeppe\/835-2\/","title":{"rendered":"La Montagne Int\u00e9rieure"},"content":{"rendered":"<p><span style=\"color: #008000;\"><em>\u00ab\u00a0C&rsquo;est avec son c\u0153ur que l&rsquo;on marche , pas avec les jambes\u00a0\u00bb.<\/em><\/span><\/p>\n<p>Cette phrase fut le leitmotiv de feu Etienne Cobut, ce Malonnais qui en 2001, fonda l&rsquo;ASBL.<\/p>\n<p>Et depuis&#8230; un dimanche ou un samedi par mois (sauf en hiver),nous proposons aux PMR(personnes \u00e0 mobilit\u00e9 r\u00e9duite) une randonn\u00e9e nature alliant aussi la culture, dans la joie, la bonne humeur et la s\u00e9curit\u00e9.<\/p>\n<p>De plus nous avons aussi une section de \u00ab\u00a0cyclo-danse\u00a0\u00bb.<\/p>\n<p>Pour plus d&rsquo;informations, <a href=\"http:\/\/lamontagneinterieure.e-monsite.com\/\" target=\"_blank\" rel=\"noopener\"><span style=\"color: #ff6600;\">visitez notre site internet<\/span> (cliquez)<\/a>.<\/p>\n<p>&nbsp;<\/p>\n","protected":false},"excerpt":{"rendered":"<p>\u00ab\u00a0C&rsquo;est avec son c\u0153ur que l&rsquo;on marche , pas avec les jambes\u00a0\u00bb. Cette phrase fut le leitmotiv de feu Etienne Cobut, ce Malonnais qui en 2001, fonda l&rsquo;ASBL. Et depuis&#8230; un dimanche ou un samedi par mois (sauf en hiver),nous proposons aux PMR(personnes \u00e0 mobilit\u00e9 r\u00e9duite) une randonn\u00e9e nature alliant aussi la culture, dans la&#8230;<\/p>\n","protected":false},"author":1,"featured_media":0,"parent":0,"menu_order":0,"comment_status":"closed","ping_status":"open","template":"","meta":{"_kad_post_transparent":"","_kad_post_title":"","_kad_post_layout":"normal","_kad_post_sidebar_id":"","_kad_post_content_style":"","_kad_post_vertical_padding":"","_kad_post_feature":"","_kad_post_feature_position":"","_kad_post_header":false,"_kad_post_footer":false,"_kad_post_classname":"","footnotes":""},"class_list":["post-835","page","type-page","status-publish","hentry"],"jetpack_sharing_enabled":true,"_links":{"self":[{"href":"https:\/\/paroisse-jemeppe-onoz.be\/paroisse\/jemeppe\/wp-json\/wp\/v2\/pages\/835","targetHints":{"allow":["GET"]}}],"collection":[{"href":"https:\/\/paroisse-jemeppe-onoz.be\/paroisse\/jemeppe\/wp-json\/wp\/v2\/pages"}],"about":[{"href":"https:\/\/paroisse-jemeppe-onoz.be\/paroisse\/jemeppe\/wp-json\/wp\/v2\/types\/page"}],"author":[{"embeddable":true,"href":"https:\/\/paroisse-jemeppe-onoz.be\/paroisse\/jemeppe\/wp-json\/wp\/v2\/users\/1"}],"replies":[{"embeddable":true,"href":"https:\/\/paroisse-jemeppe-onoz.be\/paroisse\/jemeppe\/wp-json\/wp\/v2\/comments?post=835"}],"version-history":[{"count":2,"href":"https:\/\/paroisse-jemeppe-onoz.be\/paroisse\/jemeppe\/wp-json\/wp\/v2\/pages\/835\/revisions"}],"predecessor-version":[{"id":9184,"href":"https:\/\/paroisse-jemeppe-onoz.be\/paroisse\/jemeppe\/wp-json\/wp\/v2\/pages\/835\/revisions\/9184"}],"wp:attachment":[{"href":"https:\/\/paroisse-jemeppe-onoz.be\/paroisse\/jemeppe\/wp-json\/wp\/v2\/media?parent=835"}],"curies":[{"name":"wp","href":"https:\/\/api.w.org\/{rel}","templated":true}]}}