{"id":6858,"date":"2023-10-06T09:18:37","date_gmt":"2023-10-06T08:18:37","guid":{"rendered":"https:\/\/paroisse-jemeppe-onoz.be\/paroisse\/jemeppe\/?page_id=6858"},"modified":"2026-01-28T07:30:59","modified_gmt":"2026-01-28T06:30:59","slug":"un-concert-etonnant-serge-jane-etc","status":"publish","type":"page","link":"https:\/\/paroisse-jemeppe-onoz.be\/paroisse\/jemeppe\/un-concert-etonnant-serge-jane-etc\/","title":{"rendered":"Un concert \u00e9tonnant:  Serge, Jane, etc&#8230;"},"content":{"rendered":"<p>Julie Bailly, mezzo-soprano, avec Muriel Bruno (soprano) et Michel Lambert (accord\u00e9on) \u00e9tait venue en f\u00e9vrier 2023 nous offrir un tr\u00e8s beau concert de musique ancienne dans l&rsquo;\u00e9glise de Jemeppe-s\/S.<\/p>\n<p>Le <strong>samedi 28 octobre 2023<\/strong>, Julie Bailly est revenue dans notre commune pour un concert tout diff\u00e9rent : avec Farah El Hour (mezzo-soprano) et Vincent Rouard (piano), elles interpr\u00e9teront des chansons de Serge Gainsbourg (qui d&rsquo;ailleurs, pour ses m\u00e9lodies, a largement puis\u00e9 dans la musique classique&#8230;).<br \/>\nLe concert\u00a0a eu lieu \u00e0 cette fois-ci au Centre Culturel Gabrielle Bernard, rue de la Fabrique,4c, Moustier-sur-Sambre.<a href=\"https:\/\/paroisse-jemeppe-onoz.be\/paroisse\/jemeppe\/wp-content\/uploads\/sites\/3\/2023\/10\/Concert-GainsbourgV3-002.jpg\"><img fetchpriority=\"high\" decoding=\"async\" class=\"alignnone wp-image-6861 size-large\" src=\"https:\/\/paroisse-jemeppe-onoz.be\/paroisse\/jemeppe\/wp-content\/uploads\/sites\/3\/2023\/10\/Concert-GainsbourgV3-002-721x1024.jpg\" alt=\"Concert-GainsbourgV3 (002)\" width=\"648\" height=\"920\" \/><\/a><\/p>\n","protected":false},"excerpt":{"rendered":"<p>Julie Bailly, mezzo-soprano, avec Muriel Bruno (soprano) et Michel Lambert (accord\u00e9on) \u00e9tait venue en f\u00e9vrier 2023 nous offrir un tr\u00e8s beau concert de musique ancienne dans l&rsquo;\u00e9glise de Jemeppe-s\/S. Le samedi 28 octobre 2023, Julie Bailly est revenue dans notre commune pour un concert tout diff\u00e9rent : avec Farah El Hour (mezzo-soprano) et Vincent Rouard&#8230;<\/p>\n","protected":false},"author":1,"featured_media":0,"parent":0,"menu_order":0,"comment_status":"closed","ping_status":"open","template":"","meta":{"_kad_post_transparent":"","_kad_post_title":"","_kad_post_layout":"normal","_kad_post_sidebar_id":"","_kad_post_content_style":"","_kad_post_vertical_padding":"","_kad_post_feature":"","_kad_post_feature_position":"","_kad_post_header":false,"_kad_post_footer":false,"_kad_post_classname":"","footnotes":""},"class_list":["post-6858","page","type-page","status-publish","hentry"],"jetpack_sharing_enabled":true,"_links":{"self":[{"href":"https:\/\/paroisse-jemeppe-onoz.be\/paroisse\/jemeppe\/wp-json\/wp\/v2\/pages\/6858","targetHints":{"allow":["GET"]}}],"collection":[{"href":"https:\/\/paroisse-jemeppe-onoz.be\/paroisse\/jemeppe\/wp-json\/wp\/v2\/pages"}],"about":[{"href":"https:\/\/paroisse-jemeppe-onoz.be\/paroisse\/jemeppe\/wp-json\/wp\/v2\/types\/page"}],"author":[{"embeddable":true,"href":"https:\/\/paroisse-jemeppe-onoz.be\/paroisse\/jemeppe\/wp-json\/wp\/v2\/users\/1"}],"replies":[{"embeddable":true,"href":"https:\/\/paroisse-jemeppe-onoz.be\/paroisse\/jemeppe\/wp-json\/wp\/v2\/comments?post=6858"}],"version-history":[{"count":1,"href":"https:\/\/paroisse-jemeppe-onoz.be\/paroisse\/jemeppe\/wp-json\/wp\/v2\/pages\/6858\/revisions"}],"predecessor-version":[{"id":9190,"href":"https:\/\/paroisse-jemeppe-onoz.be\/paroisse\/jemeppe\/wp-json\/wp\/v2\/pages\/6858\/revisions\/9190"}],"wp:attachment":[{"href":"https:\/\/paroisse-jemeppe-onoz.be\/paroisse\/jemeppe\/wp-json\/wp\/v2\/media?parent=6858"}],"curies":[{"name":"wp","href":"https:\/\/api.w.org\/{rel}","templated":true}]}}