{"id":6407,"date":"2022-12-23T14:34:20","date_gmt":"2022-12-23T13:34:20","guid":{"rendered":"https:\/\/paroisse-jemeppe-onoz.be\/paroisse\/jemeppe\/?page_id=6407"},"modified":"2026-01-29T11:45:57","modified_gmt":"2026-01-29T10:45:57","slug":"concert-du-4-fevrier-2023","status":"publish","type":"page","link":"https:\/\/paroisse-jemeppe-onoz.be\/paroisse\/jemeppe\/concert-du-4-fevrier-2023\/","title":{"rendered":"Concert du 4 f\u00e9vrier 2023"},"content":{"rendered":"\t\t<div data-elementor-type=\"wp-page\" data-elementor-id=\"6407\" class=\"elementor elementor-6407\">\n\t\t\t\t<div class=\"elementor-element elementor-element-6fb4287 e-flex e-con-boxed e-con e-parent\" data-id=\"6fb4287\" data-element_type=\"container\" data-e-type=\"container\">\n\t\t\t\t\t<div class=\"e-con-inner\">\n\t\t\t\t<div class=\"elementor-element elementor-element-64920e6 elementor-widget elementor-widget-image\" data-id=\"64920e6\" data-element_type=\"widget\" data-e-type=\"widget\" data-widget_type=\"image.default\">\n\t\t\t\t\t\t\t\t\t\t\t\t\t\t\t<img fetchpriority=\"high\" decoding=\"async\" width=\"1024\" height=\"627\" src=\"https:\/\/paroisse-jemeppe-onoz.be\/paroisse\/jemeppe\/wp-content\/uploads\/sites\/4\/2022\/12\/20221120_160853-1024x627.jpg\" class=\"attachment-large size-large wp-image-6400\" alt=\"\" srcset=\"https:\/\/paroisse-jemeppe-onoz.be\/paroisse\/jemeppe\/wp-content\/uploads\/sites\/4\/2022\/12\/20221120_160853-1024x627.jpg 1024w, https:\/\/paroisse-jemeppe-onoz.be\/paroisse\/jemeppe\/wp-content\/uploads\/sites\/4\/2022\/12\/20221120_160853-300x184.jpg 300w, https:\/\/paroisse-jemeppe-onoz.be\/paroisse\/jemeppe\/wp-content\/uploads\/sites\/4\/2022\/12\/20221120_160853-768x470.jpg 768w, https:\/\/paroisse-jemeppe-onoz.be\/paroisse\/jemeppe\/wp-content\/uploads\/sites\/4\/2022\/12\/20221120_160853-1536x941.jpg 1536w, https:\/\/paroisse-jemeppe-onoz.be\/paroisse\/jemeppe\/wp-content\/uploads\/sites\/4\/2022\/12\/20221120_160853-2048x1255.jpg 2048w\" sizes=\"(max-width: 1024px) 100vw, 1024px\" \/>\t\t\t\t\t\t\t\t\t\t\t\t\t\t\t<\/div>\n\t\t\t\t\t<\/div>\n\t\t\t\t<\/div>\n\t\t<div class=\"elementor-element elementor-element-438fa060 e-flex e-con-boxed e-con e-parent\" data-id=\"438fa060\" data-element_type=\"container\" data-e-type=\"container\">\n\t\t\t\t\t<div class=\"e-con-inner\">\n\t\t\t\t<div class=\"elementor-element elementor-element-612c41fb elementor-widget elementor-widget-text-editor\" data-id=\"612c41fb\" data-element_type=\"widget\" data-e-type=\"widget\" data-widget_type=\"text-editor.default\">\n\t\t\t\t\t\t\t\t\t<h2><em>\u00a0<span style=\"color: #003300;\">Chemins de traverse\u2026<\/span><\/em><\/h2><h2><span style=\"color: #003300;\"><em>\u00ab\u00a0Quand la musique ancienne fait l\u2019\u00e9cole buissonni\u00e8re\u00a0\u00bb<\/em><\/span><\/h2><h4>\u00a0 \u00a0 \u00a0 \u00a0 \u00a0 \u00a0 \u00a0Samedi 4 f\u00e9vrier 2023 \u00e0 20h<br \/><em>\u00a0 \u00a0 \u00a0 \u00a0 \u00a0 \u00a0 Eglise de Jemeppe-sur-Sambre<\/em><\/h4><p>Quand\u00a0<strong>Julie Bailly\u00a0<\/strong>(mezzo-soprano) et\u00a0<strong>Muriel Bruno\u00a0<\/strong>(soprano) se rencontrent, leur \u00e9nergie commune fait mouche ! Depuis leur premi\u00e8re collaboration, elles sentent le potentiel de leur duo, \u00e0 la fois flamboyant et subtile.<\/p><p>Passionn\u00e9es par la musique vocale ancienne, elles se d\u00e9cident \u00e0 cr\u00e9er leur projet autour de duos c\u00e9l\u00e8bres. Cette musique \u00e0 la fois sensible, intuitive et touchante leur permet en effet de jouer tout en nuances avec la ressemblance parfois troublante de leurs timbres, leur sens du th\u00e9\u00e2tre et leur \u00e9nergie passionn\u00e9e.<\/p><p>Leur id\u00e9e est de proposer une\u00a0<strong>version revisit\u00e9e de ces chefs-d\u2019\u0153uvre\u00a0<\/strong>afin de les faire d\u00e9couvrir au plus grand nombre,\u00a0<strong>une r\u00e9adaptation de cette musique\u00a0<\/strong>\u00e0 la port\u00e9e de tous.<\/p><p>Elles ont trouv\u00e9 en l\u2019accord\u00e9oniste\u00a0<strong>Michel Lambert\u00a0<\/strong>un partenaire insolite qui leur permet de casser les codes classiques et de proposer un univers riche en nuances et couleurs. Ce nouveau trio vous propose un voyage sonore inattendu \u00e0 travers les \u0153uvres des 17<sup>\u00e8me<\/sup>\u00a0et 18<sup>\u00e8me<\/sup>\u00a0si\u00e8cles, dans une relecture personnelle qui laissera place \u00e0 l\u2019improvisation et \u00e0 la beaut\u00e9 pure des m\u00e9lodies. Laissez-vous embarquer\u00a0!<\/p><p><a href=\"https:\/\/paroisse-jemeppe-onoz.be\/paroisse\/galerie\/20230211_ConcertJB\/index.php\" target=\"_blank\" rel=\"noopener\">Les photos du concert<\/a><\/p>\t\t\t\t\t\t\t\t<\/div>\n\t\t\t\t\t<\/div>\n\t\t\t\t<\/div>\n\t\t\t\t<\/div>\n\t\t","protected":false},"excerpt":{"rendered":"<p>\u00a0Chemins de traverse\u2026 \u00ab\u00a0Quand la musique ancienne fait l\u2019\u00e9cole buissonni\u00e8re\u00a0\u00bb \u00a0 \u00a0 \u00a0 \u00a0 \u00a0 \u00a0 \u00a0Samedi 4 f\u00e9vrier 2023 \u00e0 20h\u00a0 \u00a0 \u00a0 \u00a0 \u00a0 \u00a0 Eglise de Jemeppe-sur-Sambre Quand\u00a0Julie Bailly\u00a0(mezzo-soprano) et\u00a0Muriel Bruno\u00a0(soprano) se rencontrent, leur \u00e9nergie commune fait mouche ! Depuis leur premi\u00e8re collaboration, elles sentent le potentiel de leur duo, \u00e0 la&#8230;<\/p>\n","protected":false},"author":1,"featured_media":0,"parent":0,"menu_order":0,"comment_status":"closed","ping_status":"open","template":"","meta":{"_kad_post_transparent":"","_kad_post_title":"","_kad_post_layout":"","_kad_post_sidebar_id":"","_kad_post_content_style":"","_kad_post_vertical_padding":"","_kad_post_feature":"","_kad_post_feature_position":"","_kad_post_header":false,"_kad_post_footer":false,"_kad_post_classname":"","footnotes":""},"class_list":["post-6407","page","type-page","status-publish","hentry"],"jetpack_sharing_enabled":true,"_links":{"self":[{"href":"https:\/\/paroisse-jemeppe-onoz.be\/paroisse\/jemeppe\/wp-json\/wp\/v2\/pages\/6407","targetHints":{"allow":["GET"]}}],"collection":[{"href":"https:\/\/paroisse-jemeppe-onoz.be\/paroisse\/jemeppe\/wp-json\/wp\/v2\/pages"}],"about":[{"href":"https:\/\/paroisse-jemeppe-onoz.be\/paroisse\/jemeppe\/wp-json\/wp\/v2\/types\/page"}],"author":[{"embeddable":true,"href":"https:\/\/paroisse-jemeppe-onoz.be\/paroisse\/jemeppe\/wp-json\/wp\/v2\/users\/1"}],"replies":[{"embeddable":true,"href":"https:\/\/paroisse-jemeppe-onoz.be\/paroisse\/jemeppe\/wp-json\/wp\/v2\/comments?post=6407"}],"version-history":[{"count":31,"href":"https:\/\/paroisse-jemeppe-onoz.be\/paroisse\/jemeppe\/wp-json\/wp\/v2\/pages\/6407\/revisions"}],"predecessor-version":[{"id":9344,"href":"https:\/\/paroisse-jemeppe-onoz.be\/paroisse\/jemeppe\/wp-json\/wp\/v2\/pages\/6407\/revisions\/9344"}],"wp:attachment":[{"href":"https:\/\/paroisse-jemeppe-onoz.be\/paroisse\/jemeppe\/wp-json\/wp\/v2\/media?parent=6407"}],"curies":[{"name":"wp","href":"https:\/\/api.w.org\/{rel}","templated":true}]}}