{"id":5681,"date":"2021-08-02T11:23:52","date_gmt":"2021-08-02T10:23:52","guid":{"rendered":"https:\/\/paroisse-jemeppe-onoz.be\/paroisse\/jemeppe\/?page_id=5681"},"modified":"2026-01-28T09:19:03","modified_gmt":"2026-01-28T08:19:03","slug":"inauguration-du-palace-renove","status":"publish","type":"page","link":"https:\/\/paroisse-jemeppe-onoz.be\/paroisse\/jemeppe\/inauguration-du-palace-renove\/","title":{"rendered":"Inauguration du Palace r\u00e9nov\u00e9"},"content":{"rendered":"\t\t<div data-elementor-type=\"wp-page\" data-elementor-id=\"5681\" class=\"elementor elementor-5681\">\n\t\t\t\t<div class=\"elementor-element elementor-element-4dd6dc0c e-flex e-con-boxed e-con e-parent\" data-id=\"4dd6dc0c\" data-element_type=\"container\" data-e-type=\"container\">\n\t\t\t\t\t<div class=\"e-con-inner\">\n\t\t\t\t<div class=\"elementor-element elementor-element-7865f17b elementor-widget elementor-widget-text-editor\" data-id=\"7865f17b\" data-element_type=\"widget\" data-e-type=\"widget\" data-widget_type=\"text-editor.default\">\n\t\t\t\t\t\t\t\t\t<p>Le dimanche 1er ao\u00fbt a eu lieu le d\u00eener d&rsquo;inauguration de la salle paroissiale \u00ab\u00a0Le Palace\u00a0\u00bb : elle vient d&rsquo;\u00eatre r\u00e9nov\u00e9e gr\u00e2ce \u00e0 une belle \u00e9quipe de b\u00e9n\u00e9voles emmen\u00e9e par Paul Franquin. Le diner \u00e9tait constitu\u00e9 d&rsquo;un buffet de p\u00e2tes confectionn\u00e9 par Angelo Palermo.<br \/>Un grand merci \u00e0 eux tous !<\/p><p><span style=\"color: #008000;\">Si vous d\u00e9sirez louer la salle<\/span>, renseignements chez Paul Franquin, 0477-245 141.<\/p><p>.\u00a0\u00a0\u00a0\u00a0\u00a0\u00a0\u00a0\u00a0\u00a0\u00a0\u00a0\u00a0\u00a0\u00a0\u00a0\u00a0\u00a0\u00a0 Une salle plus petite, de 30 places, est aussi disponible.<\/p>\t\t\t\t\t\t\t\t<\/div>\n\t\t\t\t\t<\/div>\n\t\t\t\t<\/div>\n\t\t<div class=\"elementor-element elementor-element-0e753e1 e-flex e-con-boxed e-con e-parent\" data-id=\"0e753e1\" data-element_type=\"container\" data-e-type=\"container\">\n\t\t\t\t\t<div class=\"e-con-inner\">\n\t\t\t\t<div class=\"elementor-element elementor-element-30c7c1a elementor-widget elementor-widget-image-gallery\" data-id=\"30c7c1a\" data-element_type=\"widget\" data-e-type=\"widget\" data-widget_type=\"image-gallery.default\">\n\t\t\t\t\t\t\t<div class=\"elementor-image-gallery\">\n\t\t\t<div id='gallery-1' class='gallery galleryid-5681 gallery-columns-3 gallery-size-medium'><figure class='gallery-item'>\n\t\t\t<div class='gallery-icon landscape'>\n\t\t\t\t<a data-elementor-open-lightbox=\"yes\" data-elementor-lightbox-slideshow=\"30c7c1a\" data-elementor-lightbox-title=\"DSC_0292\" data-e-action-hash=\"#elementor-action%3Aaction%3Dlightbox%26settings%3DeyJpZCI6NTY3MCwidXJsIjoiaHR0cHM6XC9cL3Bhcm9pc3NlLWplbWVwcGUtb25vei5iZVwvcGFyb2lzc2VcL2plbWVwcGVcL3dwLWNvbnRlbnRcL3VwbG9hZHNcL3NpdGVzXC80XC8yMDIxXC8wOFwvRFNDXzAyOTItc2NhbGVkLmpwZyIsInNsaWRlc2hvdyI6IjMwYzdjMWEifQ%3D%3D\" href='https:\/\/paroisse-jemeppe-onoz.be\/paroisse\/jemeppe\/wp-content\/uploads\/sites\/4\/2021\/08\/DSC_0292-scaled.jpg'><img fetchpriority=\"high\" decoding=\"async\" width=\"300\" height=\"201\" src=\"https:\/\/paroisse-jemeppe-onoz.be\/paroisse\/jemeppe\/wp-content\/uploads\/sites\/4\/2021\/08\/DSC_0292-300x201.jpg\" class=\"attachment-medium size-medium\" alt=\"\" srcset=\"https:\/\/paroisse-jemeppe-onoz.be\/paroisse\/jemeppe\/wp-content\/uploads\/sites\/4\/2021\/08\/DSC_0292-300x201.jpg 300w, https:\/\/paroisse-jemeppe-onoz.be\/paroisse\/jemeppe\/wp-content\/uploads\/sites\/4\/2021\/08\/DSC_0292-1024x685.jpg 1024w, https:\/\/paroisse-jemeppe-onoz.be\/paroisse\/jemeppe\/wp-content\/uploads\/sites\/4\/2021\/08\/DSC_0292-768x514.jpg 768w, https:\/\/paroisse-jemeppe-onoz.be\/paroisse\/jemeppe\/wp-content\/uploads\/sites\/4\/2021\/08\/DSC_0292-1536x1028.jpg 1536w, https:\/\/paroisse-jemeppe-onoz.be\/paroisse\/jemeppe\/wp-content\/uploads\/sites\/4\/2021\/08\/DSC_0292-2048x1371.jpg 2048w\" sizes=\"(max-width: 300px) 100vw, 300px\" \/><\/a>\n\t\t\t<\/div><\/figure><figure class='gallery-item'>\n\t\t\t<div class='gallery-icon landscape'>\n\t\t\t\t<a data-elementor-open-lightbox=\"yes\" data-elementor-lightbox-slideshow=\"30c7c1a\" data-elementor-lightbox-title=\"DSC_0291\" data-e-action-hash=\"#elementor-action%3Aaction%3Dlightbox%26settings%3DeyJpZCI6NTY2OSwidXJsIjoiaHR0cHM6XC9cL3Bhcm9pc3NlLWplbWVwcGUtb25vei5iZVwvcGFyb2lzc2VcL2plbWVwcGVcL3dwLWNvbnRlbnRcL3VwbG9hZHNcL3NpdGVzXC80XC8yMDIxXC8wOFwvRFNDXzAyOTEtc2NhbGVkLmpwZyIsInNsaWRlc2hvdyI6IjMwYzdjMWEifQ%3D%3D\" href='https:\/\/paroisse-jemeppe-onoz.be\/paroisse\/jemeppe\/wp-content\/uploads\/sites\/4\/2021\/08\/DSC_0291-scaled.jpg'><img decoding=\"async\" width=\"300\" height=\"201\" src=\"https:\/\/paroisse-jemeppe-onoz.be\/paroisse\/jemeppe\/wp-content\/uploads\/sites\/4\/2021\/08\/DSC_0291-300x201.jpg\" class=\"attachment-medium size-medium\" alt=\"\" srcset=\"https:\/\/paroisse-jemeppe-onoz.be\/paroisse\/jemeppe\/wp-content\/uploads\/sites\/4\/2021\/08\/DSC_0291-300x201.jpg 300w, https:\/\/paroisse-jemeppe-onoz.be\/paroisse\/jemeppe\/wp-content\/uploads\/sites\/4\/2021\/08\/DSC_0291-1024x685.jpg 1024w, https:\/\/paroisse-jemeppe-onoz.be\/paroisse\/jemeppe\/wp-content\/uploads\/sites\/4\/2021\/08\/DSC_0291-768x514.jpg 768w, https:\/\/paroisse-jemeppe-onoz.be\/paroisse\/jemeppe\/wp-content\/uploads\/sites\/4\/2021\/08\/DSC_0291-1536x1028.jpg 1536w, https:\/\/paroisse-jemeppe-onoz.be\/paroisse\/jemeppe\/wp-content\/uploads\/sites\/4\/2021\/08\/DSC_0291-2048x1371.jpg 2048w\" sizes=\"(max-width: 300px) 100vw, 300px\" \/><\/a>\n\t\t\t<\/div><\/figure><figure class='gallery-item'>\n\t\t\t<div class='gallery-icon landscape'>\n\t\t\t\t<a data-elementor-open-lightbox=\"yes\" data-elementor-lightbox-slideshow=\"30c7c1a\" data-elementor-lightbox-title=\"DSC_0290\" data-e-action-hash=\"#elementor-action%3Aaction%3Dlightbox%26settings%3DeyJpZCI6NTY2OCwidXJsIjoiaHR0cHM6XC9cL3Bhcm9pc3NlLWplbWVwcGUtb25vei5iZVwvcGFyb2lzc2VcL2plbWVwcGVcL3dwLWNvbnRlbnRcL3VwbG9hZHNcL3NpdGVzXC80XC8yMDIxXC8wOFwvRFNDXzAyOTAtc2NhbGVkLmpwZyIsInNsaWRlc2hvdyI6IjMwYzdjMWEifQ%3D%3D\" href='https:\/\/paroisse-jemeppe-onoz.be\/paroisse\/jemeppe\/wp-content\/uploads\/sites\/4\/2021\/08\/DSC_0290-scaled.jpg'><img decoding=\"async\" width=\"300\" height=\"201\" src=\"https:\/\/paroisse-jemeppe-onoz.be\/paroisse\/jemeppe\/wp-content\/uploads\/sites\/4\/2021\/08\/DSC_0290-300x201.jpg\" class=\"attachment-medium size-medium\" alt=\"\" srcset=\"https:\/\/paroisse-jemeppe-onoz.be\/paroisse\/jemeppe\/wp-content\/uploads\/sites\/4\/2021\/08\/DSC_0290-300x201.jpg 300w, https:\/\/paroisse-jemeppe-onoz.be\/paroisse\/jemeppe\/wp-content\/uploads\/sites\/4\/2021\/08\/DSC_0290-1024x685.jpg 1024w, https:\/\/paroisse-jemeppe-onoz.be\/paroisse\/jemeppe\/wp-content\/uploads\/sites\/4\/2021\/08\/DSC_0290-768x514.jpg 768w, https:\/\/paroisse-jemeppe-onoz.be\/paroisse\/jemeppe\/wp-content\/uploads\/sites\/4\/2021\/08\/DSC_0290-1536x1028.jpg 1536w, https:\/\/paroisse-jemeppe-onoz.be\/paroisse\/jemeppe\/wp-content\/uploads\/sites\/4\/2021\/08\/DSC_0290-2048x1371.jpg 2048w\" sizes=\"(max-width: 300px) 100vw, 300px\" \/><\/a>\n\t\t\t<\/div><\/figure>\n\t\t<\/div>\n\t\t<\/div>\n\t\t\t\t\t\t<\/div>\n\t\t\t\t\t<\/div>\n\t\t\t\t<\/div>\n\t\t<div class=\"elementor-element elementor-element-77029c1 e-flex e-con-boxed e-con e-parent\" data-id=\"77029c1\" data-element_type=\"container\" data-e-type=\"container\">\n\t\t\t\t\t<div class=\"e-con-inner\">\n\t\t\t\t<div class=\"elementor-element elementor-element-4ec7e4f elementor-widget elementor-widget-image\" data-id=\"4ec7e4f\" data-element_type=\"widget\" data-e-type=\"widget\" data-widget_type=\"image.default\">\n\t\t\t\t\t\t\t\t\t\t\t\t<figure class=\"wp-caption\">\n\t\t\t\t\t\t\t\t\t\t<img loading=\"lazy\" decoding=\"async\" width=\"1024\" height=\"685\" src=\"https:\/\/paroisse-jemeppe-onoz.be\/paroisse\/jemeppe\/wp-content\/uploads\/sites\/4\/2021\/08\/DSC_0289-1024x685.jpg\" class=\"attachment-large size-large wp-image-5667\" alt=\"\" srcset=\"https:\/\/paroisse-jemeppe-onoz.be\/paroisse\/jemeppe\/wp-content\/uploads\/sites\/4\/2021\/08\/DSC_0289-1024x685.jpg 1024w, https:\/\/paroisse-jemeppe-onoz.be\/paroisse\/jemeppe\/wp-content\/uploads\/sites\/4\/2021\/08\/DSC_0289-300x201.jpg 300w, https:\/\/paroisse-jemeppe-onoz.be\/paroisse\/jemeppe\/wp-content\/uploads\/sites\/4\/2021\/08\/DSC_0289-768x514.jpg 768w, https:\/\/paroisse-jemeppe-onoz.be\/paroisse\/jemeppe\/wp-content\/uploads\/sites\/4\/2021\/08\/DSC_0289-1536x1028.jpg 1536w, https:\/\/paroisse-jemeppe-onoz.be\/paroisse\/jemeppe\/wp-content\/uploads\/sites\/4\/2021\/08\/DSC_0289-2048x1371.jpg 2048w\" sizes=\"(max-width: 1024px) 100vw, 1024px\" \/>\t\t\t\t\t\t\t\t\t\t\t<figcaption class=\"widget-image-caption wp-caption-text\">Claude Longpr\u00e9 remercie Paul Franquin, pr\u00e9sident de l'asbl paroissiale qui g\u00e8re la salle.<\/figcaption>\n\t\t\t\t\t\t\t\t\t\t<\/figure>\n\t\t\t\t\t\t\t\t\t<\/div>\n\t\t\t\t\t<\/div>\n\t\t\t\t<\/div>\n\t\t\t\t<\/div>\n\t\t","protected":false},"excerpt":{"rendered":"<p>Le dimanche 1er ao\u00fbt a eu lieu le d\u00eener d&rsquo;inauguration de la salle paroissiale \u00ab\u00a0Le Palace\u00a0\u00bb : elle vient d&rsquo;\u00eatre r\u00e9nov\u00e9e gr\u00e2ce \u00e0 une belle \u00e9quipe de b\u00e9n\u00e9voles emmen\u00e9e par Paul Franquin. Le diner \u00e9tait constitu\u00e9 d&rsquo;un buffet de p\u00e2tes confectionn\u00e9 par Angelo Palermo.Un grand merci \u00e0 eux tous ! Si vous d\u00e9sirez louer la&#8230;<\/p>\n","protected":false},"author":1,"featured_media":0,"parent":0,"menu_order":0,"comment_status":"closed","ping_status":"open","template":"","meta":{"_kad_post_transparent":"","_kad_post_title":"","_kad_post_layout":"","_kad_post_sidebar_id":"","_kad_post_content_style":"","_kad_post_vertical_padding":"","_kad_post_feature":"","_kad_post_feature_position":"","_kad_post_header":false,"_kad_post_footer":false,"_kad_post_classname":"","footnotes":""},"class_list":["post-5681","page","type-page","status-publish","hentry"],"jetpack_sharing_enabled":true,"_links":{"self":[{"href":"https:\/\/paroisse-jemeppe-onoz.be\/paroisse\/jemeppe\/wp-json\/wp\/v2\/pages\/5681","targetHints":{"allow":["GET"]}}],"collection":[{"href":"https:\/\/paroisse-jemeppe-onoz.be\/paroisse\/jemeppe\/wp-json\/wp\/v2\/pages"}],"about":[{"href":"https:\/\/paroisse-jemeppe-onoz.be\/paroisse\/jemeppe\/wp-json\/wp\/v2\/types\/page"}],"author":[{"embeddable":true,"href":"https:\/\/paroisse-jemeppe-onoz.be\/paroisse\/jemeppe\/wp-json\/wp\/v2\/users\/1"}],"replies":[{"embeddable":true,"href":"https:\/\/paroisse-jemeppe-onoz.be\/paroisse\/jemeppe\/wp-json\/wp\/v2\/comments?post=5681"}],"version-history":[{"count":9,"href":"https:\/\/paroisse-jemeppe-onoz.be\/paroisse\/jemeppe\/wp-json\/wp\/v2\/pages\/5681\/revisions"}],"predecessor-version":[{"id":9263,"href":"https:\/\/paroisse-jemeppe-onoz.be\/paroisse\/jemeppe\/wp-json\/wp\/v2\/pages\/5681\/revisions\/9263"}],"wp:attachment":[{"href":"https:\/\/paroisse-jemeppe-onoz.be\/paroisse\/jemeppe\/wp-json\/wp\/v2\/media?parent=5681"}],"curies":[{"name":"wp","href":"https:\/\/api.w.org\/{rel}","templated":true}]}}