{"id":498,"date":"2015-05-05T21:52:20","date_gmt":"2015-05-05T20:52:20","guid":{"rendered":"https:\/\/paroisse-jemeppe-onoz.be\/paroisse\/jemeppe\/?page_id=498"},"modified":"2026-01-28T07:29:21","modified_gmt":"2026-01-28T06:29:21","slug":"le-re-verre","status":"publish","type":"page","link":"https:\/\/paroisse-jemeppe-onoz.be\/paroisse\/jemeppe\/le-re-verre\/","title":{"rendered":"Le Re Verre"},"content":{"rendered":"<h2><span style=\"color: #800000;\">Exposition \u00ab\u00a0VERRE-TIGE\u00a0\u00bb<\/span><\/h2>\n<p><a href=\"https:\/\/paroisse-jemeppe-onoz.be\/paroisse\/jemeppe\/wp-content\/uploads\/sites\/3\/2017\/03\/Affiche_Verre-Tige_2017-04.jpg\"><img fetchpriority=\"high\" decoding=\"async\" class=\"alignnone wp-image-2086 size-large\" src=\"https:\/\/paroisse-jemeppe-onoz.be\/paroisse\/jemeppe\/wp-content\/uploads\/sites\/3\/2017\/03\/Affiche_Verre-Tige_2017-04-724x1024.jpg\" alt=\"Affiche_Verre-Tige_2017-04\" width=\"648\" height=\"916\" srcset=\"https:\/\/paroisse-jemeppe-onoz.be\/paroisse\/jemeppe\/wp-content\/uploads\/sites\/4\/2017\/03\/Affiche_Verre-Tige_2017-04-724x1024.jpg 724w, https:\/\/paroisse-jemeppe-onoz.be\/paroisse\/jemeppe\/wp-content\/uploads\/sites\/4\/2017\/03\/Affiche_Verre-Tige_2017-04-212x300.jpg 212w, https:\/\/paroisse-jemeppe-onoz.be\/paroisse\/jemeppe\/wp-content\/uploads\/sites\/4\/2017\/03\/Affiche_Verre-Tige_2017-04-768x1086.jpg 768w, https:\/\/paroisse-jemeppe-onoz.be\/paroisse\/jemeppe\/wp-content\/uploads\/sites\/4\/2017\/03\/Affiche_Verre-Tige_2017-04-1086x1536.jpg 1086w, https:\/\/paroisse-jemeppe-onoz.be\/paroisse\/jemeppe\/wp-content\/uploads\/sites\/4\/2017\/03\/Affiche_Verre-Tige_2017-04-1448x2048.jpg 1448w, https:\/\/paroisse-jemeppe-onoz.be\/paroisse\/jemeppe\/wp-content\/uploads\/sites\/4\/2017\/03\/Affiche_Verre-Tige_2017-04-scaled.jpg 1810w\" sizes=\"(max-width: 648px) 100vw, 648px\" \/><\/a><\/p>\n<h2><a href=\"https:\/\/paroisse-jemeppe-onoz.be\/paroisse\/jemeppe\/wp-content\/uploads\/sites\/3\/2017\/03\/Affiche_Verre-Tige_2017-04_bis.jpg\"><img decoding=\"async\" class=\"alignnone wp-image-2087 size-large\" src=\"https:\/\/paroisse-jemeppe-onoz.be\/paroisse\/jemeppe\/wp-content\/uploads\/sites\/3\/2017\/03\/Affiche_Verre-Tige_2017-04_bis-723x1024.jpg\" alt=\"Affiche_Verre-Tige_2017-04_bis\" width=\"648\" height=\"917\" \/><\/a><\/h2>\n<p>&nbsp;<\/p>\n<p>&nbsp;<\/p>\n<h2><span style=\"color: #800000;\">Qui sommes-nous ?<\/span><\/h2>\n<p>Le Re Verre est <strong>un groupe de parole<\/strong> accueillant des personnes touch\u00e9es par le probl\u00e8me de l&rsquo;alcool : personnes alcooliques, conjoints, amis, sympathisants. Ces groupes se r\u00e9unissent une fois par semaine.<\/p>\n<p>Ces groupes de paroles ont \u00e9t\u00e9 cr\u00e9\u00e9s \u00e0 l&rsquo;initiative du <a href=\"https:\/\/paroisse-jemeppe-onoz.be\/paroisse\/jemeppe\/le-bol-dair\/\"><span style=\"text-decoration: underline;\"><span style=\"color: #3366ff; text-decoration: underline;\">Bol d&rsquo;Air Basse-Sambre<\/span><\/span><\/a>.<\/p>\n<p>&nbsp;<\/p>\n<h2><span style=\"color: #800000;\">Pourquoi un groupe de parole ?<\/span><\/h2>\n<p>Se relever, parler, \u00e9couter, informer&#8230; sans jugement, dans le plus grand respect.<br \/>\nPartager les exp\u00e9riences de vie, aider \u00e0 briser le silence et lever les tabous.<br \/>\n<em>On peut devenir alcoolique sans jamais \u00eatre ivre !<\/em><\/p>\n<p>&nbsp;<\/p>\n<h2><span style=\"color: #800000;\">Les 4 axes du projet<\/span><\/h2>\n<p><strong>1. <span style=\"text-decoration: underline;\">Les r\u00e9unions<\/span><\/strong>.<br \/>\nLes r\u00e9unions sont anim\u00e9es par des alcooliques abstinents qui accueillent les personnes concern\u00e9es en tenant compte de leur environnement familial et social, afin de les soutenir, de les accompagner \u00e0 leur rythme, sans assistanat, dans leur d\u00e9sir de retrouver le contr\u00f4le de leur vie.<br \/>\nElles sont un lieu de soutien, d&rsquo;accompagnement de la personne en recherche d&rsquo;une existence sans alcool en les aidant \u00e0 \u00eatre acteur de leur d\u00e9marche.<\/p>\n<p><strong>2. <span style=\"text-decoration: underline;\">Un r\u00e9seau<\/span><\/strong>.<br \/>\nUn r\u00e9seau a \u00e9t\u00e9 \u00e9tabli avec les services sociaux, m\u00e9dicaux et associatifs. Ceci permet de mieux soutenir la personne, souvent confront\u00e9e \u00e0 d&rsquo;autres probl\u00e9matiques d&rsquo;ordre psychologique, financier&#8230;<\/p>\n<p><strong>3. <span style=\"text-decoration: underline;\">Pr\u00e9vention<\/span>.<br \/>\n<\/strong>\u00catre acteur de son abstinence est d\u00e9j\u00e0 un acte d&rsquo;information et de pr\u00e9vention.<br \/>\nNous pouvons \u00eatre pr\u00e9sents dans des actions et manifestations auxquelles nous serions invit\u00e9s en partenariat.<\/p>\n<p>4.<strong> <span style=\"text-decoration: underline;\">Formation permanente<\/span>.<br \/>\n<\/strong>Nous participons autant que possible \u00e0 des formations et conf\u00e9rences, colloques, etc&#8230; (alcoologie et autres).<\/p>\n<p>&nbsp;<\/p>\n<h2><span style=\"color: #800000;\">Appel \u00e0 des b\u00e9n\u00e9voles<\/span><\/h2>\n<p><strong>Si vous pouvez consacrer un peu de votre temps et de votre savoir-faire \u00e0 ce projet, nous vous accueillerons avec plaisir.<\/strong><\/p>\n<p><strong> <span style=\"color: #ff0000;\">Nous avons besoin de vous m\u00eame seulement pour des actions ponctuelles qui ne prendront pas beaucoup de votre temps !<\/span><br \/>\n<\/strong><\/p>\n<p>&nbsp;<\/p>\n<h2><span style=\"color: #800000;\">Renseignements<\/span><\/h2>\n<p><span style=\"text-decoration: underline;\"><strong>Responsable<\/strong><\/span> : Jo\u00eblle Suraci, 0491\/593208<\/p>\n<p><span style=\"color: #3366ff;\"><a style=\"color: #3366ff;\" href=\"https:\/\/paroisse-jemeppe-onoz.be\/paroisse\/jemeppe\/wp-content\/uploads\/sites\/3\/2016\/05\/Affiche-le-Re-Verre_2016-05-25.pdf\"><strong><span style=\"text-decoration: underline;\">R\u00e9unions <\/span><\/strong><span style=\"text-decoration: underline;\"><span style=\"color: #000000; text-decoration: underline;\">(Cliquez)<\/span><\/span><\/a><\/span><\/p>\n<h2><span style=\"color: #800000;\">Exposition \u00ab\u00a0VERRE-TIGE\u00a0\u00bb<br \/>\n<\/span><\/h2>\n<p><a href=\"https:\/\/paroisse-jemeppe-onoz.be\/paroisse\/jemeppe\/wp-content\/uploads\/sites\/3\/2015\/05\/ReVerre_1.jpg\"><img decoding=\"async\" class=\"alignnone size-full wp-image-527\" src=\"https:\/\/paroisse-jemeppe-onoz.be\/paroisse\/jemeppe\/wp-content\/uploads\/sites\/3\/2015\/05\/ReVerre_1.jpg\" alt=\"ReVerre_1\" width=\"346\" height=\"461\" srcset=\"https:\/\/paroisse-jemeppe-onoz.be\/paroisse\/jemeppe\/wp-content\/uploads\/sites\/4\/2015\/05\/ReVerre_1.jpg 346w, https:\/\/paroisse-jemeppe-onoz.be\/paroisse\/jemeppe\/wp-content\/uploads\/sites\/4\/2015\/05\/ReVerre_1-225x300.jpg 225w\" sizes=\"(max-width: 346px) 100vw, 346px\" \/><\/a><\/p>\n<p><span style=\"text-decoration: underline;\">Photolangage de la r\u00e9union du 11 f\u00e9vrier 2014<\/span> :<\/p>\n<p><a href=\"https:\/\/paroisse-jemeppe-onoz.be\/paroisse\/jemeppe\/wp-content\/uploads\/sites\/3\/2015\/05\/ReVerre_photo-language-r\u00e9union-du-11-2-2014-003.jpg\"><img loading=\"lazy\" decoding=\"async\" class=\"alignnone wp-image-529 size-large\" src=\"https:\/\/paroisse-jemeppe-onoz.be\/paroisse\/jemeppe\/wp-content\/uploads\/sites\/3\/2015\/05\/ReVerre_photo-language-r\u00e9union-du-11-2-2014-003-1024x682.jpg\" alt=\"ReVerre_photo language r\u00e9union du 11-2-2014 003\" width=\"648\" height=\"431\" \/><\/a><\/p>\n<p><span style=\"text-decoration: underline;\">March\u00e9 de No\u00ebl 2013<\/span> :<\/p>\n<p><a href=\"https:\/\/paroisse-jemeppe-onoz.be\/paroisse\/jemeppe\/wp-content\/uploads\/sites\/3\/2015\/05\/ReVerre_march\u00e9-de-noel-jemeppe-2013-046.jpg\"><img loading=\"lazy\" decoding=\"async\" class=\"alignnone wp-image-528 size-large\" src=\"https:\/\/paroisse-jemeppe-onoz.be\/paroisse\/jemeppe\/wp-content\/uploads\/sites\/3\/2015\/05\/ReVerre_march\u00e9-de-noel-jemeppe-2013-046-1024x682.jpg\" alt=\"ReVerre_march\u00e9 de noel jemeppe 2013 046\" width=\"648\" height=\"431\" \/><\/a><\/p>\n<p>&nbsp;<\/p>\n<p>&nbsp;<\/p>\n<p>&nbsp;<\/p>\n","protected":false},"excerpt":{"rendered":"<p>Exposition \u00ab\u00a0VERRE-TIGE\u00a0\u00bb &nbsp; &nbsp; Qui sommes-nous ? Le Re Verre est un groupe de parole accueillant des personnes touch\u00e9es par le probl\u00e8me de l&rsquo;alcool : personnes alcooliques, conjoints, amis, sympathisants. Ces groupes se r\u00e9unissent une fois par semaine. Ces groupes de paroles ont \u00e9t\u00e9 cr\u00e9\u00e9s \u00e0 l&rsquo;initiative du Bol d&rsquo;Air Basse-Sambre. &nbsp; Pourquoi un groupe&#8230;<\/p>\n","protected":false},"author":1,"featured_media":0,"parent":0,"menu_order":0,"comment_status":"closed","ping_status":"open","template":"","meta":{"_kad_post_transparent":"","_kad_post_title":"","_kad_post_layout":"normal","_kad_post_sidebar_id":"","_kad_post_content_style":"","_kad_post_vertical_padding":"","_kad_post_feature":"","_kad_post_feature_position":"","_kad_post_header":false,"_kad_post_footer":false,"_kad_post_classname":"","footnotes":""},"class_list":["post-498","page","type-page","status-publish","hentry"],"jetpack_sharing_enabled":true,"_links":{"self":[{"href":"https:\/\/paroisse-jemeppe-onoz.be\/paroisse\/jemeppe\/wp-json\/wp\/v2\/pages\/498","targetHints":{"allow":["GET"]}}],"collection":[{"href":"https:\/\/paroisse-jemeppe-onoz.be\/paroisse\/jemeppe\/wp-json\/wp\/v2\/pages"}],"about":[{"href":"https:\/\/paroisse-jemeppe-onoz.be\/paroisse\/jemeppe\/wp-json\/wp\/v2\/types\/page"}],"author":[{"embeddable":true,"href":"https:\/\/paroisse-jemeppe-onoz.be\/paroisse\/jemeppe\/wp-json\/wp\/v2\/users\/1"}],"replies":[{"embeddable":true,"href":"https:\/\/paroisse-jemeppe-onoz.be\/paroisse\/jemeppe\/wp-json\/wp\/v2\/comments?post=498"}],"version-history":[{"count":2,"href":"https:\/\/paroisse-jemeppe-onoz.be\/paroisse\/jemeppe\/wp-json\/wp\/v2\/pages\/498\/revisions"}],"predecessor-version":[{"id":9183,"href":"https:\/\/paroisse-jemeppe-onoz.be\/paroisse\/jemeppe\/wp-json\/wp\/v2\/pages\/498\/revisions\/9183"}],"wp:attachment":[{"href":"https:\/\/paroisse-jemeppe-onoz.be\/paroisse\/jemeppe\/wp-json\/wp\/v2\/media?parent=498"}],"curies":[{"name":"wp","href":"https:\/\/api.w.org\/{rel}","templated":true}]}}