{"id":493,"date":"2015-05-05T18:28:17","date_gmt":"2015-05-05T17:28:17","guid":{"rendered":"https:\/\/paroisse-jemeppe-onoz.be\/paroisse\/jemeppe\/?page_id=493"},"modified":"2026-01-28T07:29:00","modified_gmt":"2026-01-28T06:29:00","slug":"le-bol-dair","status":"publish","type":"page","link":"https:\/\/paroisse-jemeppe-onoz.be\/paroisse\/jemeppe\/le-bol-dair\/","title":{"rendered":"Le Bol d&rsquo;Air Basse-Sambre"},"content":{"rendered":"<h2>\u00a0<a href=\"https:\/\/paroisse-jemeppe-onoz.be\/paroisse\/jemeppe\/wp-content\/uploads\/sites\/3\/2015\/05\/Bol-d-Air_logo.jpg\"><img fetchpriority=\"high\" decoding=\"async\" class=\"alignnone wp-image-539 size-medium\" src=\"https:\/\/paroisse-jemeppe-onoz.be\/paroisse\/jemeppe\/wp-content\/uploads\/sites\/3\/2015\/05\/Bol-d-Air_logo-202x300.jpg\" alt=\"Bol-d-Air_logo\" width=\"202\" height=\"300\" \/><\/a><\/h2>\n<h3><a href=\"https:\/\/www.boldair-bassesambre.be\/\" target=\"_blank\" rel=\"noopener\"><span style=\"text-decoration: underline;\"><span style=\"color: #0000ff; text-decoration: underline;\">Voir le site web<\/span><\/span><\/a><\/h3>\n<p>&nbsp;<\/p>\n<p><strong><em>L\u2019asbl Bol d\u2019Air Basse-Sambre a organis\u00e9 le 28 mars 2019<br \/>\nune soir\u00e9e sur le th\u00e8me du cyberhac\u00e8lement :<\/em><\/strong><\/p>\n<h2><strong>.\u00a0\u00a0\u00a0\u00a0\u00a0\u00a0\u00a0\u00a0\u00a0\u00a0\u00a0\u00a0\u00a0\u00a0\u00a0\u00a0 <span style=\"color: #ff0000;\">J\u2019apprends \u00e0 g\u00e9rer internet avec mes enfants<\/span><\/strong><\/h2>\n<p>. \u00a0 \u00a0 \u00a0 \u00a0\u00a0\u00a0 <em>A quel \u00e2ge offrir \u00e0 mon enfant son premier smartphone\u00a0?<br \/>\n.\u00a0\u00a0\u00a0\u00a0\u00a0\u00a0\u00a0\u00a0\u00a0\u00a0 Facebook nuit-il \u00e0 la socialisation de mes enfants\u00a0?<br \/>\n.\u00a0\u00a0\u00a0\u00a0\u00a0\u00a0\u00a0\u00a0\u00a0 Faut-il limiter le temps pass\u00e9 sur internet\u00a0? Mon fils peut-il surfer seul\u00a0?&#8230;<\/em><\/p>\n<h3><span style=\"text-decoration: underline; color: #008000;\"><a style=\"color: #008000; text-decoration: underline;\" href=\"https:\/\/paroisse-jemeppe-onoz.be\/paroisse\/jemeppe\/wp-content\/uploads\/sites\/3\/2019\/03\/affiche-28032019-d\u00e9finitif.pdf\">Voir l&rsquo;affiche<\/a><\/span><\/h3>\n<h2><\/h2>\n<p>&nbsp;<\/p>\n<p>&nbsp;<\/p>\n<h2><span style=\"color: #008000;\">Origine de l&rsquo;asbl.<br \/>\n<\/span><\/h2>\n<p>Au sein du M.O.C. (Mouvement Ouvrier Chr\u00e9tien) existent diff\u00e9rents groupes de travail et de r\u00e9flexion: les mutualit\u00e9s, ch\u00e9tiennes, la J.O.C., les Equipes Populaires, Vie F\u00e9minine&#8230;<br \/>\n<strong>En 1992<\/strong>, suite \u00e0 un fait divers li\u00e9 \u00e0 la drogue survenu \u00e0 Jemeppe-sur-Sambre, les Equipes Populaires de la localit\u00e9 mettent sur pied \u00ab\u00a0Le Bol d&rsquo;Air Jemeppe-s\/S\u00a0\u00bb qui deviendra par la suite <strong>\u00ab\u00a0Bol d&rsquo;Air Basse-Sambre\u00a0\u00bb<\/strong>.<\/p>\n<p>En 1995, le groupe se constitue en asbl et se donne comme objet social <strong>d&rsquo;informer et de pr\u00e9venir non seulement les d\u00e9pendances (drogue, alcool, tabac&#8230;) mais aussi toutes les formes d&rsquo;exclusion chez les jeunes<\/strong>.<\/p>\n<p>Cette asbl pluraliste a <strong>tout de suite regroup\u00e9 des repr\u00e9sentants<\/strong> d&rsquo;associations de parents de l&rsquo;\u00e9cole libre et de la Communaut\u00e9 Fran\u00e7aise, une repr\u00e9sentante des \u00ab\u00a0Alcooliques Anonymes\u00a0\u00bb, une ancienne repr\u00e9sentante de \u00ab\u00a0Vie Libre\u00a0\u00bb, une\u00a0 \u00e9ducatrice de rue, le cur\u00e9 de la paroisse, des membres des Equipes Populaires et quelques jeunes adolescents. Ce groupe de d\u00e9part a bien s\u00fbr \u00e9volu\u00e9 au cours du temps.<\/p>\n<p>&nbsp;<\/p>\n<h2><span style=\"color: #008000;\">Les r\u00e9alisations<\/span><\/h2>\n<p>&#8211; <strong>Conf\u00e9rences-D\u00e9bats<\/strong> sur les dangers des drogues<\/p>\n<p>&#8211; Chaque ann\u00e9e, des <strong>informations sur l&rsquo;alcool et le tabac<\/strong> aupr\u00e8s des jeunes \u00e9l\u00e8ves de 5\u00e8me et 6\u00e8me primaires du grand Jemeppe.<\/p>\n<p>&#8211; Tous les deux ans, l&rsquo;organisation d&rsquo;une<strong> animation-exposition<\/strong> sur diff\u00e9rents th\u00e8mes. Notamment: \u00ab\u00a0Mieux vivre\u00a0\u00bb, Mieux communiquer\u00a0\u00bb, \u00ab\u00a0La publicit\u00e9\u00a0\u00bb, \u00ab\u00a0La violence de l&rsquo;\u00e9cole, la violence \u00e0 l&rsquo;\u00e9cole\u00a0\u00bb, \u00ab\u00a0Sois toi-m\u00eame ?\u00a0\u00bb&#8230;<\/p>\n<p>&#8211; <strong>Expression th\u00e9\u00e2trale<\/strong> r\u00e9alis\u00e9e par des jeunes : \u00ab\u00a0Mise en bi\u00e8re\u00a0\u00bb, \u00ab\u00a0Orange transg\u00e9nique\u00a0\u00bb, \u00ab\u00a0Connexion interrompue\u00a0\u00bb.<\/p>\n<p>&#8211; Mise en place de <strong>groupes de paroles Alcool<\/strong> : <span style=\"color: #3366ff;\"><a style=\"color: #3366ff; text-decoration: underline;\" href=\"https:\/\/paroisse-jemeppe-onoz.be\/paroisse\/jemeppe\/le-re-verre\/\">Le Re Verre<\/a><\/span><\/p>\n<p>&nbsp;<\/p>\n<h2><span style=\"color: #008000;\">Partenariat<\/span><\/h2>\n<p>Avec pr\u00e8s d&rsquo;un quart de si\u00e8cle, l&rsquo;association est toujours pr\u00e9sente sur le terrain communal et est devenue partenaire au sein du Plan de Coh\u00e9sion Sociale.<\/p>\n<p>Elle travaille en partenariat avec le P.C.S., le C.P.A.S. et d&rsquo;autres partenaires au sein de la commune: l&rsquo;A.M.O., le Service \u00ab\u00a0J\u00a0\u00bb, les jeunes des Gamapias&#8230;<\/p>\n<p>L&rsquo;association a \u00e9t\u00e9 subventionn\u00e9e par la R\u00e9gion Wallonne, la province de Namur, le Rotary, le Kiwanis, ING, Fortis, Vivre Ensemble&#8230;<\/p>\n<p>&nbsp;<\/p>\n<h2><span style=\"color: #008000;\">Contacts<\/span><\/h2>\n<p><strong>M. Maso (pr\u00e9sident)<\/strong> : 071-78 41 79; \u00a0\u00a0 0476-77 01 55; \u00a0 \u00a0 <span style=\"text-decoration: underline;\">maurmaso@voo.be<\/span><\/p>\n<p>&nbsp;<\/p>\n<h2><span style=\"color: #008000;\">Appel \u00e0 des b\u00e9n\u00e9voles<\/span><\/h2>\n<p><strong>Si vous \u00eates int\u00e9ress\u00e9s par ce projet, venez renforcer l&rsquo;\u00e9quipe !<br \/>\n<span style=\"color: #ff0000;\">Nous avons besoin de vous !<\/span><br \/>\n<\/strong><\/p>\n<p>&nbsp;<\/p>\n<h1><span style=\"color: #000080;\">Exposition \u00ab\u00a0Estime de soi\u00a0\u00bb<\/span><\/h1>\n<p>Le Bol d&rsquo;Air a organis\u00e9 une exposition de photos dans le hall d&rsquo;accueil de l&rsquo;administration communale de Jemeppe-s\/S. Le vernissage de l\u2019exposition \u00ab\u00a0<strong>l\u2019estime de soi<\/strong>\u00a0\u00bb a eu ieu le 22 avril 2016.<br \/>\nCette exposition s&rsquo;est termin\u00e9e le 2 mai 2016.<\/p>\n<p>Cette exposition de photos se veut positive.<br \/>\nSans vouloir les minimiser, nous avons voulu \u00e9viter d\u2019\u00e9voquer les probl\u00e8mes auxquels sont confront\u00e9s les jeunes. La presse s\u2019en charge suffisamment.<\/p>\n<p>Le Bol d\u2019Air a pris le parti de demander aux jeunes photographes (\u00e9l\u00e8ves de 5<sup>\u00e8me<\/sup> et\/ou 6<sup>\u00e8me<\/sup> de l\u2019enseignement primaire de l\u2019entit\u00e9, tous r\u00e9seaux confondus) d\u2019exprimer \u00e0 travers la photo ce qui pour eux leur donne un sentiment de confiance en eux, un sentiment de r\u00e9ussite et de victoire sur eux-m\u00eames.<\/p>\n<p>C\u2019est aussi l\u2019occasion pour eux de parler de leur projet, d\u2019exprimer comment ils voient l\u2019avenir.<\/p>\n<p><strong>Merci \u00e0 eux<\/strong> d\u2019avoir particip\u00e9 \u00e0 ce projet en mettant en \u00e9vidence ce qui leur tient \u00e0 c\u0153ur et ce qui est important pour eux comme valeur de vie.<\/p>\n<p>&nbsp;<\/p>\n<p>&nbsp;<\/p>\n<p>&nbsp;<\/p>\n","protected":false},"excerpt":{"rendered":"<p>\u00a0 Voir le site web &nbsp; L\u2019asbl Bol d\u2019Air Basse-Sambre a organis\u00e9 le 28 mars 2019 une soir\u00e9e sur le th\u00e8me du cyberhac\u00e8lement : .\u00a0\u00a0\u00a0\u00a0\u00a0\u00a0\u00a0\u00a0\u00a0\u00a0\u00a0\u00a0\u00a0\u00a0\u00a0\u00a0 J\u2019apprends \u00e0 g\u00e9rer internet avec mes enfants . \u00a0 \u00a0 \u00a0 \u00a0\u00a0\u00a0 A quel \u00e2ge offrir \u00e0 mon enfant son premier smartphone\u00a0? .\u00a0\u00a0\u00a0\u00a0\u00a0\u00a0\u00a0\u00a0\u00a0\u00a0 Facebook nuit-il \u00e0 la socialisation de mes&#8230;<\/p>\n","protected":false},"author":1,"featured_media":0,"parent":0,"menu_order":0,"comment_status":"closed","ping_status":"open","template":"","meta":{"_kad_post_transparent":"","_kad_post_title":"","_kad_post_layout":"normal","_kad_post_sidebar_id":"","_kad_post_content_style":"","_kad_post_vertical_padding":"","_kad_post_feature":"","_kad_post_feature_position":"","_kad_post_header":false,"_kad_post_footer":false,"_kad_post_classname":"","footnotes":""},"class_list":["post-493","page","type-page","status-publish","hentry"],"jetpack_sharing_enabled":true,"_links":{"self":[{"href":"https:\/\/paroisse-jemeppe-onoz.be\/paroisse\/jemeppe\/wp-json\/wp\/v2\/pages\/493","targetHints":{"allow":["GET"]}}],"collection":[{"href":"https:\/\/paroisse-jemeppe-onoz.be\/paroisse\/jemeppe\/wp-json\/wp\/v2\/pages"}],"about":[{"href":"https:\/\/paroisse-jemeppe-onoz.be\/paroisse\/jemeppe\/wp-json\/wp\/v2\/types\/page"}],"author":[{"embeddable":true,"href":"https:\/\/paroisse-jemeppe-onoz.be\/paroisse\/jemeppe\/wp-json\/wp\/v2\/users\/1"}],"replies":[{"embeddable":true,"href":"https:\/\/paroisse-jemeppe-onoz.be\/paroisse\/jemeppe\/wp-json\/wp\/v2\/comments?post=493"}],"version-history":[{"count":2,"href":"https:\/\/paroisse-jemeppe-onoz.be\/paroisse\/jemeppe\/wp-json\/wp\/v2\/pages\/493\/revisions"}],"predecessor-version":[{"id":9182,"href":"https:\/\/paroisse-jemeppe-onoz.be\/paroisse\/jemeppe\/wp-json\/wp\/v2\/pages\/493\/revisions\/9182"}],"wp:attachment":[{"href":"https:\/\/paroisse-jemeppe-onoz.be\/paroisse\/jemeppe\/wp-json\/wp\/v2\/media?parent=493"}],"curies":[{"name":"wp","href":"https:\/\/api.w.org\/{rel}","templated":true}]}}