{"id":4196,"date":"2019-12-29T20:06:00","date_gmt":"2019-12-29T19:06:00","guid":{"rendered":"https:\/\/paroisse-jemeppe-onoz.be\/paroisse\/jemeppe\/?page_id=4196"},"modified":"2026-01-28T08:52:31","modified_gmt":"2026-01-28T07:52:31","slug":"4196-2","status":"publish","type":"page","link":"https:\/\/paroisse-jemeppe-onoz.be\/paroisse\/jemeppe\/4196-2\/","title":{"rendered":"Duo d&rsquo;accord\u00e9ons"},"content":{"rendered":"\t\t<div data-elementor-type=\"wp-page\" data-elementor-id=\"4196\" class=\"elementor elementor-4196\">\n\t\t\t\t<div class=\"elementor-element elementor-element-0e88ece e-flex e-con-boxed e-con e-parent\" data-id=\"0e88ece\" data-element_type=\"container\" data-e-type=\"container\">\n\t\t\t\t\t<div class=\"e-con-inner\">\n\t\t\t\t<div class=\"elementor-element elementor-element-244c97d elementor-widget elementor-widget-image\" data-id=\"244c97d\" data-element_type=\"widget\" data-e-type=\"widget\" data-widget_type=\"image.default\">\n\t\t\t\t\t\t\t\t\t\t\t\t\t\t\t<img fetchpriority=\"high\" decoding=\"async\" width=\"1024\" height=\"768\" src=\"https:\/\/paroisse-jemeppe-onoz.be\/paroisse\/jemeppe\/wp-content\/uploads\/sites\/4\/2019\/12\/DSCF0076-1024x768.jpg\" class=\"attachment-large size-large wp-image-4185\" alt=\"\" srcset=\"https:\/\/paroisse-jemeppe-onoz.be\/paroisse\/jemeppe\/wp-content\/uploads\/sites\/4\/2019\/12\/DSCF0076-1024x768.jpg 1024w, https:\/\/paroisse-jemeppe-onoz.be\/paroisse\/jemeppe\/wp-content\/uploads\/sites\/4\/2019\/12\/DSCF0076-300x225.jpg 300w, https:\/\/paroisse-jemeppe-onoz.be\/paroisse\/jemeppe\/wp-content\/uploads\/sites\/4\/2019\/12\/DSCF0076-768x576.jpg 768w, https:\/\/paroisse-jemeppe-onoz.be\/paroisse\/jemeppe\/wp-content\/uploads\/sites\/4\/2019\/12\/DSCF0076-1536x1152.jpg 1536w, https:\/\/paroisse-jemeppe-onoz.be\/paroisse\/jemeppe\/wp-content\/uploads\/sites\/4\/2019\/12\/DSCF0076-2048x1536.jpg 2048w\" sizes=\"(max-width: 1024px) 100vw, 1024px\" \/>\t\t\t\t\t\t\t\t\t\t\t\t\t\t\t<\/div>\n\t\t\t\t\t<\/div>\n\t\t\t\t<\/div>\n\t\t<div class=\"elementor-element elementor-element-263e3393 e-flex e-con-boxed e-con e-parent\" data-id=\"263e3393\" data-element_type=\"container\" data-e-type=\"container\">\n\t\t\t\t\t<div class=\"e-con-inner\">\n\t\t\t\t<div class=\"elementor-element elementor-element-494fee9d elementor-widget elementor-widget-text-editor\" data-id=\"494fee9d\" data-element_type=\"widget\" data-e-type=\"widget\" data-widget_type=\"text-editor.default\">\n\t\t\t\t\t\t\t\t\t<p><em>\u00ab\u00a0Second Souffle\u00a0\u00bb<\/em>, Duo d\u2019accord\u00e9ons chromatiques, ont jou\u00e9 de la musique<em> world, jazz et\u00a0 classique<\/em><br \/>lors d&rsquo;un concert organis\u00e9 par l&rsquo;administration communale le 20 d\u00e9cembre 2020 dans l&rsquo;\u00e9glise de Jemeppe-sur-Sambre.<\/p><p>Site web\u00a0: <span style=\"text-decoration: underline;\"><span style=\"color: #0000ff;\"><a style=\"color: #0000ff; text-decoration: underline;\" href=\"http:\/\/www.secondsouffle.biz\">www.secondsouffle.biz<\/a><\/span><\/span><\/p><p><a href=\"https:\/\/paroisse-jemeppe-onoz.be\/paroisse\/galerie\/20191229_Accordeon\/index.php\" target=\"_blank\" rel=\"noopener\">Photos du concert<\/a><\/p><p>\u00a0<\/p><p>\u00a0<\/p><p>\u00a0<\/p><p>\u00a0<\/p><p>\u00a0<\/p><p>\u00a0<\/p><p>\u00a0<\/p><p>\u00a0<\/p>\t\t\t\t\t\t\t\t<\/div>\n\t\t\t\t\t<\/div>\n\t\t\t\t<\/div>\n\t\t\t\t<\/div>\n\t\t","protected":false},"excerpt":{"rendered":"<p>\u00ab\u00a0Second Souffle\u00a0\u00bb, Duo d\u2019accord\u00e9ons chromatiques, ont jou\u00e9 de la musique world, jazz et\u00a0 classiquelors d&rsquo;un concert organis\u00e9 par l&rsquo;administration communale le 20 d\u00e9cembre 2020 dans l&rsquo;\u00e9glise de Jemeppe-sur-Sambre. Site web\u00a0: www.secondsouffle.biz Photos du concert \u00a0 \u00a0 \u00a0 \u00a0 \u00a0 \u00a0 \u00a0 \u00a0<\/p>\n","protected":false},"author":1,"featured_media":0,"parent":0,"menu_order":0,"comment_status":"closed","ping_status":"open","template":"","meta":{"_kad_post_transparent":"","_kad_post_title":"","_kad_post_layout":"","_kad_post_sidebar_id":"","_kad_post_content_style":"","_kad_post_vertical_padding":"","_kad_post_feature":"","_kad_post_feature_position":"","_kad_post_header":false,"_kad_post_footer":false,"_kad_post_classname":"","footnotes":""},"class_list":["post-4196","page","type-page","status-publish","hentry"],"jetpack_sharing_enabled":true,"_links":{"self":[{"href":"https:\/\/paroisse-jemeppe-onoz.be\/paroisse\/jemeppe\/wp-json\/wp\/v2\/pages\/4196","targetHints":{"allow":["GET"]}}],"collection":[{"href":"https:\/\/paroisse-jemeppe-onoz.be\/paroisse\/jemeppe\/wp-json\/wp\/v2\/pages"}],"about":[{"href":"https:\/\/paroisse-jemeppe-onoz.be\/paroisse\/jemeppe\/wp-json\/wp\/v2\/types\/page"}],"author":[{"embeddable":true,"href":"https:\/\/paroisse-jemeppe-onoz.be\/paroisse\/jemeppe\/wp-json\/wp\/v2\/users\/1"}],"replies":[{"embeddable":true,"href":"https:\/\/paroisse-jemeppe-onoz.be\/paroisse\/jemeppe\/wp-json\/wp\/v2\/comments?post=4196"}],"version-history":[{"count":10,"href":"https:\/\/paroisse-jemeppe-onoz.be\/paroisse\/jemeppe\/wp-json\/wp\/v2\/pages\/4196\/revisions"}],"predecessor-version":[{"id":9229,"href":"https:\/\/paroisse-jemeppe-onoz.be\/paroisse\/jemeppe\/wp-json\/wp\/v2\/pages\/4196\/revisions\/9229"}],"wp:attachment":[{"href":"https:\/\/paroisse-jemeppe-onoz.be\/paroisse\/jemeppe\/wp-json\/wp\/v2\/media?parent=4196"}],"curies":[{"name":"wp","href":"https:\/\/api.w.org\/{rel}","templated":true}]}}