{"id":4148,"date":"2019-12-18T14:37:41","date_gmt":"2019-12-18T13:37:41","guid":{"rendered":"https:\/\/paroisse-jemeppe-onoz.be\/paroisse\/jemeppe\/?page_id=4148"},"modified":"2026-01-28T08:47:49","modified_gmt":"2026-01-28T07:47:49","slug":"concert-du-13-decembre-2019","status":"publish","type":"page","link":"https:\/\/paroisse-jemeppe-onoz.be\/paroisse\/jemeppe\/concert-du-13-decembre-2019\/","title":{"rendered":"Concert du 13 d\u00e9cembre 2019"},"content":{"rendered":"\t\t<div data-elementor-type=\"wp-page\" data-elementor-id=\"4148\" class=\"elementor elementor-4148\">\n\t\t\t\t<div class=\"elementor-element elementor-element-c1e828d e-flex e-con-boxed e-con e-parent\" data-id=\"c1e828d\" data-element_type=\"container\" data-e-type=\"container\">\n\t\t\t\t\t<div class=\"e-con-inner\">\n\t\t\t\t<div class=\"elementor-element elementor-element-adee87f elementor-widget elementor-widget-image\" data-id=\"adee87f\" data-element_type=\"widget\" data-e-type=\"widget\" data-widget_type=\"image.default\">\n\t\t\t\t\t\t\t\t\t\t\t\t\t\t\t<img fetchpriority=\"high\" decoding=\"async\" width=\"1024\" height=\"683\" src=\"https:\/\/paroisse-jemeppe-onoz.be\/paroisse\/jemeppe\/wp-content\/uploads\/sites\/4\/2019\/12\/PC136454-1024x683.jpg\" class=\"attachment-large size-large wp-image-4145\" alt=\"\" srcset=\"https:\/\/paroisse-jemeppe-onoz.be\/paroisse\/jemeppe\/wp-content\/uploads\/sites\/4\/2019\/12\/PC136454-1024x683.jpg 1024w, https:\/\/paroisse-jemeppe-onoz.be\/paroisse\/jemeppe\/wp-content\/uploads\/sites\/4\/2019\/12\/PC136454-300x200.jpg 300w, https:\/\/paroisse-jemeppe-onoz.be\/paroisse\/jemeppe\/wp-content\/uploads\/sites\/4\/2019\/12\/PC136454-768x513.jpg 768w, https:\/\/paroisse-jemeppe-onoz.be\/paroisse\/jemeppe\/wp-content\/uploads\/sites\/4\/2019\/12\/PC136454-1536x1025.jpg 1536w, https:\/\/paroisse-jemeppe-onoz.be\/paroisse\/jemeppe\/wp-content\/uploads\/sites\/4\/2019\/12\/PC136454-2048x1367.jpg 2048w\" sizes=\"(max-width: 1024px) 100vw, 1024px\" \/>\t\t\t\t\t\t\t\t\t\t\t\t\t\t\t<\/div>\n\t\t\t\t\t<\/div>\n\t\t\t\t<\/div>\n\t\t<div class=\"elementor-element elementor-element-6de7bdd e-flex e-con-boxed e-con e-parent\" data-id=\"6de7bdd\" data-element_type=\"container\" data-e-type=\"container\">\n\t\t\t\t\t<div class=\"e-con-inner\">\n\t\t\t\t<div class=\"elementor-element elementor-element-336766e4 elementor-widget elementor-widget-text-editor\" data-id=\"336766e4\" data-element_type=\"widget\" data-e-type=\"widget\" data-widget_type=\"text-editor.default\">\n\t\t\t\t\t\t\t\t\t<h3><strong> Vendredi 13 d\u00e9cembre 2019<br \/>\u00e0 l&rsquo;\u00e9glise Saint-Martin de Jemeppe-sur-Sambre<\/strong><\/h3><p><span style=\"color: #008000;\">\u00a0 \u00a0 \u00a0 \u00a0 \u00a0 \u00a0<strong>Julie Bailly<\/strong>, mezzo-soprano,<br \/><strong>\u00a0 \u00a0 \u00a0 \u00a0 \u00a0 Natacha Kowalski<\/strong>, soprano<br \/>\u00a0 \u00a0 \u00a0 \u00a0 \u00a0 \u00a0<strong>Mana Yuasa<\/strong>, piano<\/span><\/p><p><em>\u00a0 \u00a0 \u00a0 \u00a0 \u00a0 \u00a0 Airs et duos d\u2019op\u00e9ras c\u00e9l\u00e8bres<\/em><br \/><em>\u00a0 \u00a0 \u00a0 \u00a0 \u00a0 \u00a0 \u00a0 \u00a0 \u00a0 \u00a0 \u00a0 \u00a0 (Mozart, Rossini \u00a0Puccini, Offenbach, Strauss, Massenet\u2026)<\/em><\/p><p>Site web de Julie Bailly: <span style=\"text-decoration: underline; color: #3366ff;\"><a style=\"color: #3366ff; text-decoration: underline;\" href=\"http:\/\/www.juliebailly.wordpress.com\" target=\"_blank\" rel=\"noopener\">www.juliebailly.wordpress.com<\/a><\/span><\/p><p><a href=\"https:\/\/paroisse-jemeppe-onoz.be\/paroisse\/galerie\/20191213_ConcertJB\/index.php\" target=\"_blank\" rel=\"noopener\">Photos du concert<\/a><\/p>\t\t\t\t\t\t\t\t<\/div>\n\t\t\t\t\t<\/div>\n\t\t\t\t<\/div>\n\t\t\t\t<\/div>\n\t\t","protected":false},"excerpt":{"rendered":"<p>Vendredi 13 d\u00e9cembre 2019\u00e0 l&rsquo;\u00e9glise Saint-Martin de Jemeppe-sur-Sambre \u00a0 \u00a0 \u00a0 \u00a0 \u00a0 \u00a0Julie Bailly, mezzo-soprano,\u00a0 \u00a0 \u00a0 \u00a0 \u00a0 Natacha Kowalski, soprano\u00a0 \u00a0 \u00a0 \u00a0 \u00a0 \u00a0Mana Yuasa, piano \u00a0 \u00a0 \u00a0 \u00a0 \u00a0 \u00a0 Airs et duos d\u2019op\u00e9ras c\u00e9l\u00e8bres\u00a0 \u00a0 \u00a0 \u00a0 \u00a0 \u00a0 \u00a0 \u00a0 \u00a0 \u00a0 \u00a0 \u00a0 (Mozart, Rossini \u00a0Puccini,&#8230;<\/p>\n","protected":false},"author":1,"featured_media":0,"parent":0,"menu_order":0,"comment_status":"closed","ping_status":"open","template":"elementor_header_footer","meta":{"_kad_post_transparent":"","_kad_post_title":"","_kad_post_layout":"","_kad_post_sidebar_id":"","_kad_post_content_style":"","_kad_post_vertical_padding":"","_kad_post_feature":"","_kad_post_feature_position":"","_kad_post_header":false,"_kad_post_footer":false,"_kad_post_classname":"","footnotes":""},"class_list":["post-4148","page","type-page","status-publish","hentry"],"jetpack_sharing_enabled":true,"_links":{"self":[{"href":"https:\/\/paroisse-jemeppe-onoz.be\/paroisse\/jemeppe\/wp-json\/wp\/v2\/pages\/4148","targetHints":{"allow":["GET"]}}],"collection":[{"href":"https:\/\/paroisse-jemeppe-onoz.be\/paroisse\/jemeppe\/wp-json\/wp\/v2\/pages"}],"about":[{"href":"https:\/\/paroisse-jemeppe-onoz.be\/paroisse\/jemeppe\/wp-json\/wp\/v2\/types\/page"}],"author":[{"embeddable":true,"href":"https:\/\/paroisse-jemeppe-onoz.be\/paroisse\/jemeppe\/wp-json\/wp\/v2\/users\/1"}],"replies":[{"embeddable":true,"href":"https:\/\/paroisse-jemeppe-onoz.be\/paroisse\/jemeppe\/wp-json\/wp\/v2\/comments?post=4148"}],"version-history":[{"count":17,"href":"https:\/\/paroisse-jemeppe-onoz.be\/paroisse\/jemeppe\/wp-json\/wp\/v2\/pages\/4148\/revisions"}],"predecessor-version":[{"id":9222,"href":"https:\/\/paroisse-jemeppe-onoz.be\/paroisse\/jemeppe\/wp-json\/wp\/v2\/pages\/4148\/revisions\/9222"}],"wp:attachment":[{"href":"https:\/\/paroisse-jemeppe-onoz.be\/paroisse\/jemeppe\/wp-json\/wp\/v2\/media?parent=4148"}],"curies":[{"name":"wp","href":"https:\/\/api.w.org\/{rel}","templated":true}]}}