{"id":3107,"date":"2018-09-29T15:20:45","date_gmt":"2018-09-29T14:20:45","guid":{"rendered":"https:\/\/paroisse-jemeppe-onoz.be\/paroisse\/jemeppe\/?page_id=3107"},"modified":"2026-01-21T11:53:49","modified_gmt":"2026-01-21T10:53:49","slug":"fete-des-50-ans","status":"publish","type":"page","link":"https:\/\/paroisse-jemeppe-onoz.be\/paroisse\/jemeppe\/fete-des-50-ans\/","title":{"rendered":"F\u00eate des 50 ans d\u2019ordination sacerdotale de J.Reding"},"content":{"rendered":"<p>Jos\u00e9 Reding, th\u00e9ologien, pr\u00eatre \u00e0 Jemeppe-sur-Sambre et Onoz,<br \/>\na 50 ans d&rsquo;ordination sacerdotale cette ann\u00e9e.<\/p>\n<p>La paroisse et ses amis ont fait la f\u00eate avec lui<br \/>\nle dimanche 21 octobre 2018 \u00e0 Jemeppe-sur-Sambre.<\/p>\n<p><a href=\"https:\/\/paroisse-jemeppe-onoz.be\/paroisse\/jemeppe\/wp-content\/uploads\/sites\/4\/2018\/09\/Jose-50-ans_Invitation.pdf\"><em><span style=\"text-decoration: underline;\"><span style=\"color: #993300; text-decoration: underline;\">Voir l&rsquo;invitation<\/span><\/span><\/em><\/a><\/p>\n<p><a href=\"https:\/\/paroisse-jemeppe-onoz.be\/paroisse\/jemeppe\/wp-content\/uploads\/sites\/4\/2018\/10\/Msbord29_18_Jose.pdf\"><span style=\"text-decoration: underline;\"><em><span style=\"color: #008000; text-decoration: underline;\">Voir la feuille de la c\u00e9l\u00e9bration<\/span><\/em><\/span><\/a><\/p>\n<p><a href=\"https:\/\/paroisse-jemeppe-onoz.be\/paroisse\/jemeppe\/wp-content\/uploads\/sites\/4\/2018\/11\/gratitudes_-21-octobre-2019.pdf\"><span style=\"text-decoration: underline;\"><span style=\"color: #800080;\"><em>Lire le merci pour les 50 ans de vie de th\u00e9ologien ordonn\u00e9.<\/em><\/span><\/span><\/a><\/p>\n<p>&nbsp;<\/p>\n<div style=\"background-color: #f7f6cf; padding: 5px 5px;\">\n<h2><strong>Gratitudes<\/strong><\/h2>\n<p>Une rumeur invitante avait circul\u00e9\u2026 L\u2019effet de cette orchestration festive n\u2019a pas fini de m\u2019\u00e9tonner.<\/p>\n<p>J\u2019en avais per\u00e7u des \u00e9chos par Paul Franquin. Je priais pour que les connexions entre les personnes venues de tant d\u2019horizons diff\u00e9rents et les paroissiens de Jemeppe et Onoz, les h\u00f4tes bienveillants de ce jour, puissent se faire dans la joie et la gratitude.<\/p>\n<p>D\u00e8s le parvis de l\u2019\u00e9glise je fus saisi d\u2019une \u00e9motion forte. Se d\u00e9gageait d\u00e9j\u00e0 sur les marches et dans le porche une atmosph\u00e8re d\u2019accueil et de bont\u00e9 joyeuse. Les mots de Jean-Fran\u00e7ois qui ouvrirent la c\u00e9l\u00e9bration m\u2019all\u00e8rent droit au c\u0153ur. Un tissage relationnel \u00e9tait \u00e9voqu\u00e9 et c\u00e9l\u00e9br\u00e9 qui se r\u00e9f\u00e9rait \u00e0 l\u2019\u00e9vangile qui nous pr\u00e9c\u00e8de tous sur nos chemins de vie.<\/p>\n<p>Puis les chorales de Jemeppe et Onoz, les \u00e2mes des deux paroisses, aid\u00e9es par Richard, Nicole, Christian, Arnaud et Nicolas, firent chanter la reconnaissance qui devint, tout en m\u00eame temps, action de gr\u00e2ce liturgique. La lecture d\u2018une version des b\u00e9atitudes visit\u00e9e par J.Vallery fit \u00e9merger une note particuli\u00e8re dans les m\u00e9moires \u00e9voqu\u00e9es. Puis un conte juif \u00e9voquant la justice fit \u00e9clater de rire au moment o\u00f9 la sagesse du juge d\u00e9cida que le portefeuille perdu pouvait revenir au pauvre qui devait \u00eatre juste puisqu\u2019il avait rendu le portefeuille et ne devait pas \u00eatre la propri\u00e9t\u00e9 du riche qui l\u2019avait perdu puisqu\u2019il ne contenait pas la somme d\u00e9clar\u00e9e. Merci Bernadette (Malherbe). Thierry \u00e9voqua la Galil\u00e9e des b\u00e9atitudes et de son lac. Merci Thierry et de tes mots et de ta pr\u00e9sence en ce moment si mobilis\u00e9 pour toi par les derniers jours de ta maman.<\/p>\n<p>Des pri\u00e8res mont\u00e8rent vers le Dieu, p\u00e8re de J\u00e9sus, lues par des personnes de groupes divers venant de Malonne, Namur, Jemeppe et Onoz. Merci.<\/p>\n<p>L\u2019action de gr\u00e2ces se fit pri\u00e8re eucharistique dominicale. Avant la b\u00e9n\u00e9diction finale, Jean-Fran\u00e7ois me tendit le micro pour dire ma gratitude.. Je redis \u00e0 tous mes compagnons et compagnes de 50 ans de minist\u00e8re ordonn\u00e9 mon merci, en vous renvoyant \u00e0 ce texte <em>(\u00e0 lire sur <a href=\"https:\/\/www.paroisse-jemeppe-onoz.be\/paroisse\" target=\"_blank\" rel=\"noopener\">Paroisses de Jemeppe et Onoz<\/a>)<\/em>.<\/p>\n<p>Puis le micro fut tendu \u00e0 mon fr\u00e8re Pierre qui entama la chanson \u00ab\u00a0La tendresse\u00a0\u00bb de Bourvil qui \u00e9tait remont\u00e9e en moi gr\u00e2ce \u00e0 la version chant\u00e9e par Aznavour r\u00e9cemment d\u00e9c\u00e9d\u00e9. Merci Pierre.<br \/>\nAux premi\u00e8res notes, \u00e9clat\u00e8rent les bruits de bouchons de bouteille d\u2019ap\u00e9ritif. Et c\u2019est dans cette humeur festive que se termina la f\u00eate dans l\u2019\u00e9glise\u2026 L\u00e0, je fus fix\u00e9\u00a0: oui les connexions de communion se vivaient dans une paix joyeuse.<\/p>\n<p>Quelle surprise lorsque j\u2019entrai dans la salle o\u00f9 les tables du repas \u00e9taient dress\u00e9es. Ma gratitude \u00e0 toute l\u2019\u00e9quipe qui a \u0153uvr\u00e9 et un merci tout sp\u00e9cial \u00e0 la cuisini\u00e8re vers laquelle je voudrais faire parvenir tous les compliments re\u00e7us pour la qualit\u00e9 des plats propos\u00e9s. Le g\u00e2teau l\u00e9ger et d\u00e9licieux fit mes d\u00e9lices. Merci Mireille et ton \u00e9quipe.<\/p>\n<p>Enfin comme annonc\u00e9 subtilement par Jean-Fran\u00e7ois, les dons faits pour \u00ab\u00a0un r\u00eave pour Jos\u00e9\u00a0\u00bb m\u2019emm\u00e8neront bien en Galil\u00e9e avec mon fr\u00e8re et ma filleule. Au mont des b\u00e9atitudes, au mois d\u2019avril prochain, je penserai \u00e0 vous tous. Gratitudes<\/p>\n<p><em>Jos\u00e9 Reding<\/em><\/p>\n<\/div>\n<h2><\/h2>\n<p><a href=\"https:\/\/paroisse-jemeppe-onoz.be\/paroisse\/galerie\/20181021_Red50_1\/index.php\" target=\"PJemGal\"><em><span style=\"text-decoration: underline;\"><span style=\"color: #993300; text-decoration: underline;\">Voir les photos de la c\u00e9l\u00e9bration<\/span><\/span><\/em><\/a><\/p>\n<p><a href=\"https:\/\/paroisse-jemeppe-onoz.be\/paroisse\/galerie\/20181021_Red50_2\/index.php\" target=\"PJemGal\"><em><span style=\"text-decoration: underline;\"><span style=\"color: #993300; text-decoration: underline;\">Voir les photos de l&rsquo;ap\u00e9ro<\/span><\/span><\/em><\/a><\/p>\n<p><a href=\"https:\/\/paroisse-jemeppe-onoz.be\/paroisse\/galerie\/20181021_Red50_3\/index.php\" target=\"PJemGal\"><em><span style=\"text-decoration: underline;\"><span style=\"color: #993300; text-decoration: underline;\">Voir les photos du repas<\/span><\/span><\/em><\/a><\/p>\n<p>&nbsp;<\/p>\n","protected":false},"excerpt":{"rendered":"<p>Jos\u00e9 Reding, th\u00e9ologien, pr\u00eatre \u00e0 Jemeppe-sur-Sambre et Onoz, a 50 ans d&rsquo;ordination sacerdotale cette ann\u00e9e. La paroisse et ses amis ont fait la f\u00eate avec lui le dimanche 21 octobre 2018 \u00e0 Jemeppe-sur-Sambre. Voir l&rsquo;invitation Voir la feuille de la c\u00e9l\u00e9bration Lire le merci pour les 50 ans de vie de th\u00e9ologien ordonn\u00e9. &nbsp; Gratitudes&#8230;<\/p>\n","protected":false},"author":1,"featured_media":0,"parent":0,"menu_order":0,"comment_status":"closed","ping_status":"open","template":"","meta":{"_kad_post_transparent":"","_kad_post_title":"","_kad_post_layout":"","_kad_post_sidebar_id":"","_kad_post_content_style":"","_kad_post_vertical_padding":"","_kad_post_feature":"","_kad_post_feature_position":"","_kad_post_header":false,"_kad_post_footer":false,"_kad_post_classname":"","footnotes":""},"class_list":["post-3107","page","type-page","status-publish","hentry"],"jetpack_sharing_enabled":true,"_links":{"self":[{"href":"https:\/\/paroisse-jemeppe-onoz.be\/paroisse\/jemeppe\/wp-json\/wp\/v2\/pages\/3107","targetHints":{"allow":["GET"]}}],"collection":[{"href":"https:\/\/paroisse-jemeppe-onoz.be\/paroisse\/jemeppe\/wp-json\/wp\/v2\/pages"}],"about":[{"href":"https:\/\/paroisse-jemeppe-onoz.be\/paroisse\/jemeppe\/wp-json\/wp\/v2\/types\/page"}],"author":[{"embeddable":true,"href":"https:\/\/paroisse-jemeppe-onoz.be\/paroisse\/jemeppe\/wp-json\/wp\/v2\/users\/1"}],"replies":[{"embeddable":true,"href":"https:\/\/paroisse-jemeppe-onoz.be\/paroisse\/jemeppe\/wp-json\/wp\/v2\/comments?post=3107"}],"version-history":[{"count":8,"href":"https:\/\/paroisse-jemeppe-onoz.be\/paroisse\/jemeppe\/wp-json\/wp\/v2\/pages\/3107\/revisions"}],"predecessor-version":[{"id":8619,"href":"https:\/\/paroisse-jemeppe-onoz.be\/paroisse\/jemeppe\/wp-json\/wp\/v2\/pages\/3107\/revisions\/8619"}],"wp:attachment":[{"href":"https:\/\/paroisse-jemeppe-onoz.be\/paroisse\/jemeppe\/wp-json\/wp\/v2\/media?parent=3107"}],"curies":[{"name":"wp","href":"https:\/\/api.w.org\/{rel}","templated":true}]}}