{"id":27,"date":"2014-12-27T11:56:09","date_gmt":"2014-12-27T10:56:09","guid":{"rendered":"https:\/\/paroisse-jemeppe-onoz.be\/paroisse\/jemeppe\/?page_id=27"},"modified":"2014-12-27T11:56:09","modified_gmt":"2014-12-27T10:56:09","slug":"liens","status":"publish","type":"page","link":"https:\/\/paroisse-jemeppe-onoz.be\/paroisse\/jemeppe\/liens\/","title":{"rendered":"Liens"},"content":{"rendered":"<p><span style=\"color: #0000ff\"><a style=\"color: #0000ff\" href=\"https:\/\/www.doyennevaldesambre.com\/\" target=\"_blank\">Doyenn\u00e9 de Val de Sambre<\/a><\/span><br \/>\nIl regroupe les paroisses des communes de Sambreville, Jemeppe-sur-Sambre, Fosses-la Ville, Floreffe et Mettet.<\/p>\n<p><a href=\"https:\/\/secteurham.wixsite.com\/guideparoissial\" target=\"_blank\"><span style=\"color: #0000ff\">Secteur de Ham<\/span><\/a><br \/>\nParoisses de Ham-s\/S (St Victor), Moustier-s\/S (Immacul\u00e9e conception et St Fr\u00e9d\u00e9gand) et Mornimont.<\/p>\n<p><a href=\"https:\/\/saint-amand.wixsite.com\/paroisse\" target=\"_blank\"><span style=\"color: #0000ff\">Paroisse de Spy<\/span><\/a><\/p>\n<p><span style=\"color: #0000ff\"><a style=\"color: #0000ff\" href=\"http:\/\/www.jemeppe-sur-sambre.be\" target=\"_blank\">Commune de Jemeppe-s\/S<\/a><\/span><\/p>\n<p><span style=\"color: #0000ff\"><a style=\"color: #0000ff\" href=\"http:\/\/www.amnesty.be\/\" target=\"_blank\">Amnesty International<\/a><\/span><\/p>\n","protected":false},"excerpt":{"rendered":"<p>Doyenn\u00e9 de Val de Sambre Il regroupe les paroisses des communes de Sambreville, Jemeppe-sur-Sambre, Fosses-la Ville, Floreffe et Mettet. Secteur de Ham Paroisses de Ham-s\/S (St Victor), Moustier-s\/S (Immacul\u00e9e conception et St Fr\u00e9d\u00e9gand) et Mornimont. Paroisse de Spy Commune de Jemeppe-s\/S Amnesty International<\/p>\n","protected":false},"author":1,"featured_media":0,"parent":0,"menu_order":0,"comment_status":"closed","ping_status":"closed","template":"","meta":{"_kad_post_transparent":"","_kad_post_title":"","_kad_post_layout":"","_kad_post_sidebar_id":"","_kad_post_content_style":"","_kad_post_vertical_padding":"","_kad_post_feature":"","_kad_post_feature_position":"","_kad_post_header":false,"_kad_post_footer":false,"_kad_post_classname":"","footnotes":""},"class_list":["post-27","page","type-page","status-publish","hentry"],"jetpack_sharing_enabled":true,"_links":{"self":[{"href":"https:\/\/paroisse-jemeppe-onoz.be\/paroisse\/jemeppe\/wp-json\/wp\/v2\/pages\/27","targetHints":{"allow":["GET"]}}],"collection":[{"href":"https:\/\/paroisse-jemeppe-onoz.be\/paroisse\/jemeppe\/wp-json\/wp\/v2\/pages"}],"about":[{"href":"https:\/\/paroisse-jemeppe-onoz.be\/paroisse\/jemeppe\/wp-json\/wp\/v2\/types\/page"}],"author":[{"embeddable":true,"href":"https:\/\/paroisse-jemeppe-onoz.be\/paroisse\/jemeppe\/wp-json\/wp\/v2\/users\/1"}],"replies":[{"embeddable":true,"href":"https:\/\/paroisse-jemeppe-onoz.be\/paroisse\/jemeppe\/wp-json\/wp\/v2\/comments?post=27"}],"version-history":[{"count":0,"href":"https:\/\/paroisse-jemeppe-onoz.be\/paroisse\/jemeppe\/wp-json\/wp\/v2\/pages\/27\/revisions"}],"wp:attachment":[{"href":"https:\/\/paroisse-jemeppe-onoz.be\/paroisse\/jemeppe\/wp-json\/wp\/v2\/media?parent=27"}],"curies":[{"name":"wp","href":"https:\/\/api.w.org\/{rel}","templated":true}]}}