{"id":2471,"date":"2017-10-13T08:49:32","date_gmt":"2017-10-13T07:49:32","guid":{"rendered":"https:\/\/paroisse-jemeppe-onoz.be\/paroisse\/jemeppe\/?page_id=2471"},"modified":"2025-09-09T11:06:55","modified_gmt":"2025-09-09T09:06:55","slug":"concert-11-11-11-2017","status":"publish","type":"page","link":"https:\/\/paroisse-jemeppe-onoz.be\/paroisse\/jemeppe\/concert-11-11-11-2017\/","title":{"rendered":"Concert 11.11.11 2017"},"content":{"rendered":"<h2><span style=\"color: #ff0000;\"><strong>Sandra LIRADELFO en concert<\/strong><\/span><\/h2>\n<h2><span style=\"color: #ff0000;\"><strong>Accompagn\u00e9e par Olivier CAP<\/strong><\/span><\/h2>\n<p><strong>\u00a0<\/strong><\/p>\n<h3><span style=\"color: #008000;\"><strong>Dimanche 12 novembre 2017 \u00e0 15 heures.<\/strong><\/span><\/h3>\n<p><strong>.\u00a0\u00a0\u00a0\u00a0 Eglise de Jemeppe-sur-Sambre<\/strong><\/p>\n<p><strong>.\u00a0\u00a0\u00a0\u00a0\u00a0 Place Communale \u00e0 Jemeppe<\/strong><\/p>\n<p><strong>\u00a0<\/strong><\/p>\n<h3><span style=\"color: #800080;\"><strong><em>Au profit de l\u2019op\u00e9ration 11.11.11<\/em><\/strong><\/span><\/h3>\n<p><span style=\"color: #008000;\">\u00a0<\/span><strong>De son \u0153il vif sur le monde, de sa voix tant\u00f4t l\u00e9g\u00e8re tant\u00f4t profonde, Sandra Liradelfo livre sans concession, des chansons teint\u00e9es de luttes, de r\u00e9volte et d\u2019espoir. Sensible, \u00e0 fleur de peau mais jamais mi\u00e8vre, elle vous raconte S\u00e9raphin, Madame B, la caverne de Giobaba, la peur et aussi l&rsquo;amour, les amiti\u00e9s, la mort, la solitude, l&rsquo;ennui&#8230; Avec po\u00e9sie, humour et sensualit\u00e9, elle vous parle d&rsquo;elle. Elle vous parle de vous. Son premier album \u00ab\u00a0HEMISPHERE\u00a0\u00bb est sorti en janvier 2017. <\/strong><\/p>\n<p><a href=\"https:\/\/grainedelumiere.wixsite.com\/graine-de-lumiere\/sandra-liradelfo\" target=\"_blank\">Site de Sandra LIRADELFO<\/a><\/p>\n<p><a href=\"https:\/\/paroisse-jemeppe-onoz.be\/paroisse\/jemeppe\/wp-content\/uploads\/sites\/3\/2017\/10\/Concert-Liradelfo.jpg\"><img fetchpriority=\"high\" decoding=\"async\" class=\"alignnone wp-image-2503 size-large\" src=\"https:\/\/paroisse-jemeppe-onoz.be\/paroisse\/jemeppe\/wp-content\/uploads\/sites\/3\/2017\/10\/Concert-Liradelfo-683x1024.jpg\" alt=\"OLYMPUS DIGITAL CAMERA\" width=\"648\" height=\"971\" srcset=\"https:\/\/paroisse-jemeppe-onoz.be\/paroisse\/jemeppe\/wp-content\/uploads\/sites\/4\/2017\/10\/Concert-Liradelfo-683x1024.jpg 683w, https:\/\/paroisse-jemeppe-onoz.be\/paroisse\/jemeppe\/wp-content\/uploads\/sites\/4\/2017\/10\/Concert-Liradelfo-200x300.jpg 200w, https:\/\/paroisse-jemeppe-onoz.be\/paroisse\/jemeppe\/wp-content\/uploads\/sites\/4\/2017\/10\/Concert-Liradelfo-768x1151.jpg 768w, https:\/\/paroisse-jemeppe-onoz.be\/paroisse\/jemeppe\/wp-content\/uploads\/sites\/4\/2017\/10\/Concert-Liradelfo-1025x1536.jpg 1025w, https:\/\/paroisse-jemeppe-onoz.be\/paroisse\/jemeppe\/wp-content\/uploads\/sites\/4\/2017\/10\/Concert-Liradelfo-1367x2048.jpg 1367w, https:\/\/paroisse-jemeppe-onoz.be\/paroisse\/jemeppe\/wp-content\/uploads\/sites\/4\/2017\/10\/Concert-Liradelfo-scaled.jpg 1708w\" sizes=\"(max-width: 648px) 100vw, 648px\" \/><\/a><\/p>\n","protected":false},"excerpt":{"rendered":"<p>Sandra LIRADELFO en concert Accompagn\u00e9e par Olivier CAP \u00a0 Dimanche 12 novembre 2017 \u00e0 15 heures. .\u00a0\u00a0\u00a0\u00a0 Eglise de Jemeppe-sur-Sambre .\u00a0\u00a0\u00a0\u00a0\u00a0 Place Communale \u00e0 Jemeppe \u00a0 Au profit de l\u2019op\u00e9ration 11.11.11 \u00a0De son \u0153il vif sur le monde, de sa voix tant\u00f4t l\u00e9g\u00e8re tant\u00f4t profonde, Sandra Liradelfo livre sans concession, des chansons teint\u00e9es de luttes,&#8230;<\/p>\n","protected":false},"author":1,"featured_media":0,"parent":0,"menu_order":0,"comment_status":"closed","ping_status":"open","template":"","meta":{"_kad_post_transparent":"","_kad_post_title":"","_kad_post_layout":"","_kad_post_sidebar_id":"","_kad_post_content_style":"","_kad_post_vertical_padding":"","_kad_post_feature":"","_kad_post_feature_position":"","_kad_post_header":false,"_kad_post_footer":false,"_kad_post_classname":"","footnotes":""},"class_list":["post-2471","page","type-page","status-publish","hentry"],"jetpack_sharing_enabled":true,"_links":{"self":[{"href":"https:\/\/paroisse-jemeppe-onoz.be\/paroisse\/jemeppe\/wp-json\/wp\/v2\/pages\/2471","targetHints":{"allow":["GET"]}}],"collection":[{"href":"https:\/\/paroisse-jemeppe-onoz.be\/paroisse\/jemeppe\/wp-json\/wp\/v2\/pages"}],"about":[{"href":"https:\/\/paroisse-jemeppe-onoz.be\/paroisse\/jemeppe\/wp-json\/wp\/v2\/types\/page"}],"author":[{"embeddable":true,"href":"https:\/\/paroisse-jemeppe-onoz.be\/paroisse\/jemeppe\/wp-json\/wp\/v2\/users\/1"}],"replies":[{"embeddable":true,"href":"https:\/\/paroisse-jemeppe-onoz.be\/paroisse\/jemeppe\/wp-json\/wp\/v2\/comments?post=2471"}],"version-history":[{"count":2,"href":"https:\/\/paroisse-jemeppe-onoz.be\/paroisse\/jemeppe\/wp-json\/wp\/v2\/pages\/2471\/revisions"}],"predecessor-version":[{"id":8079,"href":"https:\/\/paroisse-jemeppe-onoz.be\/paroisse\/jemeppe\/wp-json\/wp\/v2\/pages\/2471\/revisions\/8079"}],"wp:attachment":[{"href":"https:\/\/paroisse-jemeppe-onoz.be\/paroisse\/jemeppe\/wp-json\/wp\/v2\/media?parent=2471"}],"curies":[{"name":"wp","href":"https:\/\/api.w.org\/{rel}","templated":true}]}}