{"id":2466,"date":"2017-10-13T08:45:40","date_gmt":"2017-10-13T07:45:40","guid":{"rendered":"https:\/\/paroisse-jemeppe-onoz.be\/paroisse\/jemeppe\/?page_id=2466"},"modified":"2026-01-19T16:43:23","modified_gmt":"2026-01-19T15:43:23","slug":"concert-color-12-guitares","status":"publish","type":"page","link":"https:\/\/paroisse-jemeppe-onoz.be\/paroisse\/jemeppe\/concert-color-12-guitares\/","title":{"rendered":"Concert COLOR 12 guitares"},"content":{"rendered":"<h3><span style=\"color: #800080;\"><strong>Dimanche 22 octobre \u00e0 15h30<\/strong><\/span><\/h3>\n<h3><span style=\"color: #800080;\"><strong><span style=\"color: #008000;\">Eglise de Jemeppe-sur-Sambre<\/span><\/strong><span style=\"color: #008000;\">.<\/span><\/span><\/h3>\n<p>COLOR 12 guitares, c&rsquo;est 190 concerts en Belgique, France, Angleterre, Pays Bas pour transmettre leur passion en servant les plus grands compositeurs de musique d&rsquo;art\u00a0: Copland, Britten, Villa Lobos, J-S. Bach, Prokofief, Saint Saens &#8230;des \u0153uvres \u00e9crites pour l&rsquo;orchestre.<\/p>\n<p>Des transcriptions fid\u00e8les qui gardent le dessin, mais qui changent les couleurs, provoquant des sonorit\u00e9s inou\u00efes, inattendues, surprenantes, une polyphonie dense, une polyphonie riche, une \u00e9nergie folle, une \u00ab\u00a0polyfolie\u00a0\u00bb&#8230;, mais aussi des pi\u00e8ces originales \u00e9crites par Norbert Leclercq qui dirige COLOR d&rsquo;une main de velours.<\/p>\n<p>Le concert est comment\u00e9 avec humour et amour.<\/p>\n<p>Les enfants sont les bienvenus.<\/p>\n","protected":false},"excerpt":{"rendered":"<p>Dimanche 22 octobre \u00e0 15h30 Eglise de Jemeppe-sur-Sambre. COLOR 12 guitares, c&rsquo;est 190 concerts en Belgique, France, Angleterre, Pays Bas pour transmettre leur passion en servant les plus grands compositeurs de musique d&rsquo;art\u00a0: Copland, Britten, Villa Lobos, J-S. Bach, Prokofief, Saint Saens &#8230;des \u0153uvres \u00e9crites pour l&rsquo;orchestre. Des transcriptions fid\u00e8les qui gardent le dessin, mais&#8230;<\/p>\n","protected":false},"author":1,"featured_media":0,"parent":0,"menu_order":0,"comment_status":"closed","ping_status":"open","template":"","meta":{"_kad_post_transparent":"","_kad_post_title":"","_kad_post_layout":"","_kad_post_sidebar_id":"","_kad_post_content_style":"","_kad_post_vertical_padding":"","_kad_post_feature":"","_kad_post_feature_position":"","_kad_post_header":false,"_kad_post_footer":false,"_kad_post_classname":"","footnotes":""},"class_list":["post-2466","page","type-page","status-publish","hentry"],"jetpack_sharing_enabled":true,"_links":{"self":[{"href":"https:\/\/paroisse-jemeppe-onoz.be\/paroisse\/jemeppe\/wp-json\/wp\/v2\/pages\/2466","targetHints":{"allow":["GET"]}}],"collection":[{"href":"https:\/\/paroisse-jemeppe-onoz.be\/paroisse\/jemeppe\/wp-json\/wp\/v2\/pages"}],"about":[{"href":"https:\/\/paroisse-jemeppe-onoz.be\/paroisse\/jemeppe\/wp-json\/wp\/v2\/types\/page"}],"author":[{"embeddable":true,"href":"https:\/\/paroisse-jemeppe-onoz.be\/paroisse\/jemeppe\/wp-json\/wp\/v2\/users\/1"}],"replies":[{"embeddable":true,"href":"https:\/\/paroisse-jemeppe-onoz.be\/paroisse\/jemeppe\/wp-json\/wp\/v2\/comments?post=2466"}],"version-history":[{"count":1,"href":"https:\/\/paroisse-jemeppe-onoz.be\/paroisse\/jemeppe\/wp-json\/wp\/v2\/pages\/2466\/revisions"}],"predecessor-version":[{"id":8498,"href":"https:\/\/paroisse-jemeppe-onoz.be\/paroisse\/jemeppe\/wp-json\/wp\/v2\/pages\/2466\/revisions\/8498"}],"wp:attachment":[{"href":"https:\/\/paroisse-jemeppe-onoz.be\/paroisse\/jemeppe\/wp-json\/wp\/v2\/media?parent=2466"}],"curies":[{"name":"wp","href":"https:\/\/api.w.org\/{rel}","templated":true}]}}