{"id":21,"date":"2014-12-27T11:55:33","date_gmt":"2014-12-27T10:55:33","guid":{"rendered":"https:\/\/paroisse-jemeppe-onoz.be\/paroisse\/jemeppe\/?page_id=21"},"modified":"2026-01-19T17:07:01","modified_gmt":"2026-01-19T16:07:01","slug":"fabrique-deglise","status":"publish","type":"page","link":"https:\/\/paroisse-jemeppe-onoz.be\/paroisse\/jemeppe\/fabrique-deglise\/","title":{"rendered":"Fabrique d&rsquo;Eglise"},"content":{"rendered":"\t\t<div data-elementor-type=\"wp-page\" data-elementor-id=\"21\" class=\"elementor elementor-21\">\n\t\t\t\t<div class=\"elementor-element elementor-element-272e8d9 e-flex e-con-boxed e-con e-parent\" data-id=\"272e8d9\" data-element_type=\"container\" data-e-type=\"container\">\n\t\t\t\t\t<div class=\"e-con-inner\">\n\t\t\t\t<div class=\"elementor-element elementor-element-2cfbf1b elementor-widget elementor-widget-heading\" data-id=\"2cfbf1b\" data-element_type=\"widget\" data-e-type=\"widget\" data-widget_type=\"heading.default\">\n\t\t\t\t\t<h3 class=\"elementor-heading-title elementor-size-default\">Mission<\/h3>\t\t\t\t<\/div>\n\t\t\t\t<div class=\"elementor-element elementor-element-5919b0d elementor-widget elementor-widget-text-editor\" data-id=\"5919b0d\" data-element_type=\"widget\" data-e-type=\"widget\" data-widget_type=\"text-editor.default\">\n\t\t\t\t\t\t\t\t\t<p>La Fabrique d&rsquo;Eglise de la paroisse Saint Martin de Jemeppe a pour mission de <strong>g\u00e9rer les b\u00e2timents destin\u00e9s au culte<\/strong>. Elle veille donc, \u00ab\u00a0en bon p\u00e8re de famille\u00a0\u00bb,\u00a0 \u00e0 l&rsquo;entretien et \u00e0 la conservation de l&rsquo;\u00e9glise du Centre (\u00ab\u00a0Saint Martin\u00a0\u00bb) et de la chapelle du Grand-Bois (\u00ab\u00a0Notre Dame de la Visitation\u00a0\u00bb).<br \/><strong>L&rsquo;\u00e9glise Saint Martin<\/strong> est situ\u00e9e sur la place communale de Jemeppe. Elle date de 1842. Elle remplace une \u00e9glise beaucoup plus ancienne dont on ne conna\u00eet pas la date de construction mais qui existait d\u00e9j\u00e0 au 13\u00e8me si\u00e8cle.<br \/><strong>La chapelle Notre Dame de la Visitation<\/strong> est situ\u00e9e dans le quartier du Grand-Bois, au d\u00e9but de la rue des Trois Fr\u00e8res Servais. Elle a \u00e9t\u00e9 construite en 1968 gr\u00e2ce aux dons des paroissiens et \u00e0 la collaboration d&rsquo;entreprises locales : Solvay; Glacerie S\u00e9curit; S.A.Marbres,Pierres et Granits; Constructions M\u00e9talliques Glime; Entreprise L\u00e9on Vanrossomme&#8230;<br \/>La chapelle est la propri\u00e9t\u00e9 de la Fabrique d&rsquo;Eglise. Elle remplace une chapelle qui faisait partie d&rsquo;un ancien couvent situ\u00e9 rue Fran\u00e7ois Hittelet, en face de la pharmacie.<\/p>\n<p><!-- \/wp:paragraph --><!-- wp:paragraph --><\/p>\n<p>Notre paroisse comptant plus de 5000 habitants, le Conseil de fabrique comprend 9 membres b\u00e9n\u00e9voles en plus du cur\u00e9 et du bourgmestre qui sont membres de droit.<\/p>\n<p><!-- \/wp:paragraph --><!-- wp:paragraph --><\/p>\n<p>Tous les trois ans a lieu le renouvellement de la moiti\u00e9 des membres de ce Conseil. Celui-ci nomme annuellement parmi les 9 membres : le pr\u00e9sident, le secr\u00e9taire et le tr\u00e9sorier. Ceux-ci forment le \u00ab\u00a0bureau des marguilliers\u00a0\u00bb auquel est adjoint le cur\u00e9 de la paroisse.<\/p>\t\t\t\t\t\t\t\t<\/div>\n\t\t\t\t<div class=\"elementor-element elementor-element-030f63c elementor-widget elementor-widget-heading\" data-id=\"030f63c\" data-element_type=\"widget\" data-e-type=\"widget\" data-widget_type=\"heading.default\">\n\t\t\t\t\t<h3 class=\"elementor-heading-title elementor-size-default\">Fonctions<\/h3>\t\t\t\t<\/div>\n\t\t\t\t<div class=\"elementor-element elementor-element-9c422fe elementor-widget elementor-widget-text-editor\" data-id=\"9c422fe\" data-element_type=\"widget\" data-e-type=\"widget\" data-widget_type=\"text-editor.default\">\n\t\t\t\t\t\t\t\t\t<p>Deux fonctions importantes du Conseil est l&rsquo;\u00e9tablissement du <strong>budget et des comptes<\/strong> annuels qui seront ensuite soumis \u00e0 l&rsquo;approbation de l&rsquo;\u00e9v\u00each\u00e9 et des autorit\u00e9s communales et r\u00e9gionales. L&rsquo;\u00e9tablissement de ces dossiers comptables requiert de la part du tr\u00e9sorier une solide comp\u00e9tence.<br \/>Depuis plusieurs ann\u00e9es, le Conseil a aussi r\u00e9alis\u00e9 <strong>la restauration des \u0153uvres d&rsquo;art<\/strong> (tableaux, sculptures) de l&rsquo;\u00e9glise du Centre. Afin de r\u00e9colter des fonds pour ce projet, un d\u00eener paroissial est organis\u00e9 chaque ann\u00e9e depuis 2005.<\/p>\t\t\t\t\t\t\t\t<\/div>\n\t\t\t\t<div class=\"elementor-element elementor-element-56bbf07 elementor-widget elementor-widget-heading\" data-id=\"56bbf07\" data-element_type=\"widget\" data-e-type=\"widget\" data-widget_type=\"heading.default\">\n\t\t\t\t\t<h3 class=\"elementor-heading-title elementor-size-default\">Composition<\/h3>\t\t\t\t<\/div>\n\t\t\t\t<div class=\"elementor-element elementor-element-a80b40a elementor-widget elementor-widget-text-editor\" data-id=\"a80b40a\" data-element_type=\"widget\" data-e-type=\"widget\" data-widget_type=\"text-editor.default\">\n\t\t\t\t\t\t\t\t\t<p>Actuellement, les conseillers actuels sont :\u00a0Alain Gossiaux (pr\u00e9sident),\u00a0Edi del Tedesco (secr\u00e9taire), Jean Mouthuy (tr\u00e9sorier), Frans Alpha, R\u00e9ginald Cap, Jos\u00e9 Da Costa, Corrado Di Stefano\u00a0 et Michel Scoyer.<\/p>\t\t\t\t\t\t\t\t<\/div>\n\t\t\t\t<div class=\"elementor-element elementor-element-1725802 elementor-widget elementor-widget-heading\" data-id=\"1725802\" data-element_type=\"widget\" data-e-type=\"widget\" data-widget_type=\"heading.default\">\n\t\t\t\t\t<h3 class=\"elementor-heading-title elementor-size-default\">L'\u00e9glise Saint Martin (Centre)<\/h3>\t\t\t\t<\/div>\n\t\t<div class=\"elementor-element elementor-element-d81f49b e-grid e-con-full e-con e-child\" data-id=\"d81f49b\" data-element_type=\"container\" data-e-type=\"container\">\n\t\t\t\t<div class=\"elementor-element elementor-element-20e776c elementor-widget elementor-widget-image\" data-id=\"20e776c\" data-element_type=\"widget\" data-e-type=\"widget\" data-widget_type=\"image.default\">\n\t\t\t\t\t\t\t\t\t\t\t\t\t\t\t<img fetchpriority=\"high\" decoding=\"async\" width=\"1024\" height=\"768\" src=\"https:\/\/paroisse-jemeppe-onoz.be\/paroisse\/jemeppe\/wp-content\/uploads\/sites\/4\/2014\/12\/Jemeppe_DSCF3456-1024x768.jpg\" class=\"attachment-large size-large wp-image-6646\" alt=\"\" srcset=\"https:\/\/paroisse-jemeppe-onoz.be\/paroisse\/jemeppe\/wp-content\/uploads\/sites\/4\/2014\/12\/Jemeppe_DSCF3456-1024x768.jpg 1024w, https:\/\/paroisse-jemeppe-onoz.be\/paroisse\/jemeppe\/wp-content\/uploads\/sites\/4\/2014\/12\/Jemeppe_DSCF3456-300x225.jpg 300w, https:\/\/paroisse-jemeppe-onoz.be\/paroisse\/jemeppe\/wp-content\/uploads\/sites\/4\/2014\/12\/Jemeppe_DSCF3456-768x576.jpg 768w, https:\/\/paroisse-jemeppe-onoz.be\/paroisse\/jemeppe\/wp-content\/uploads\/sites\/4\/2014\/12\/Jemeppe_DSCF3456-1536x1152.jpg 1536w, https:\/\/paroisse-jemeppe-onoz.be\/paroisse\/jemeppe\/wp-content\/uploads\/sites\/4\/2014\/12\/Jemeppe_DSCF3456-2048x1536.jpg 2048w\" sizes=\"(max-width: 1024px) 100vw, 1024px\" \/>\t\t\t\t\t\t\t\t\t\t\t\t\t\t\t<\/div>\n\t\t\t\t<div class=\"elementor-element elementor-element-3d91bd5 elementor-widget elementor-widget-image\" data-id=\"3d91bd5\" data-element_type=\"widget\" data-e-type=\"widget\" data-widget_type=\"image.default\">\n\t\t\t\t\t\t\t\t\t\t\t\t\t\t\t<img decoding=\"async\" width=\"1024\" height=\"685\" src=\"https:\/\/paroisse-jemeppe-onoz.be\/paroisse\/jemeppe\/wp-content\/uploads\/sites\/4\/2023\/05\/DSC_0471-1024x685.jpg\" class=\"attachment-large size-large wp-image-6648\" alt=\"\" srcset=\"https:\/\/paroisse-jemeppe-onoz.be\/paroisse\/jemeppe\/wp-content\/uploads\/sites\/4\/2023\/05\/DSC_0471-1024x685.jpg 1024w, https:\/\/paroisse-jemeppe-onoz.be\/paroisse\/jemeppe\/wp-content\/uploads\/sites\/4\/2023\/05\/DSC_0471-300x201.jpg 300w, https:\/\/paroisse-jemeppe-onoz.be\/paroisse\/jemeppe\/wp-content\/uploads\/sites\/4\/2023\/05\/DSC_0471-768x514.jpg 768w, https:\/\/paroisse-jemeppe-onoz.be\/paroisse\/jemeppe\/wp-content\/uploads\/sites\/4\/2023\/05\/DSC_0471-1536x1028.jpg 1536w, https:\/\/paroisse-jemeppe-onoz.be\/paroisse\/jemeppe\/wp-content\/uploads\/sites\/4\/2023\/05\/DSC_0471-2048x1371.jpg 2048w\" sizes=\"(max-width: 1024px) 100vw, 1024px\" \/>\t\t\t\t\t\t\t\t\t\t\t\t\t\t\t<\/div>\n\t\t\t\t<\/div>\n\t\t\t\t<div class=\"elementor-element elementor-element-6c62bc3 elementor-widget elementor-widget-text-editor\" data-id=\"6c62bc3\" data-element_type=\"widget\" data-e-type=\"widget\" data-widget_type=\"text-editor.default\">\n\t\t\t\t\t\t\t\t\t<p>Un acc\u00e8s pour les personnes \u00e0 mobilit\u00e9 r\u00e9duite a \u00e9t\u00e9 am\u00e9nag\u00e9 sur le c\u00f4t\u00e9 de l&rsquo;\u00e9glise.<\/p>\t\t\t\t\t\t\t\t<\/div>\n\t\t\t\t<div class=\"elementor-element elementor-element-444bda15 elementor-widget elementor-widget-text-editor\" data-id=\"444bda15\" data-element_type=\"widget\" data-e-type=\"widget\" data-widget_type=\"text-editor.default\">\n\t\t\t\t\t\t\t\t\t<!-- wp:heading --><!-- \/wp:heading --><!-- wp:paragraph --><!-- \/wp:paragraph --><!-- wp:image {\"id\":4933,\"linkDestination\":\"custom\"} -->\n<figure class=\"wp-block-image\"><a href=\"http:\/\/https:\/\/paroisse-jemeppe-onoz.be\/paroisse\/jemeppe\/wp-content\/uploads\/sites\/3\/2020\/11\/P1010092.jpg\"><img decoding=\"async\" width=\"1024\" height=\"684\" class=\"wp-image-4933\" src=\"http:\/\/https:\/\/paroisse-jemeppe-onoz.be\/paroisse\/jemeppe\/wp-content\/uploads\/sites\/3\/2020\/11\/P1010092-1024x684.jpg\" alt=\"P1010092\" srcset=\"https:\/\/paroisse-jemeppe-onoz.be\/paroisse\/jemeppe\/wp-content\/uploads\/sites\/4\/2020\/11\/P1010092-1024x684.jpg 1024w, https:\/\/paroisse-jemeppe-onoz.be\/paroisse\/jemeppe\/wp-content\/uploads\/sites\/4\/2020\/11\/P1010092-300x200.jpg 300w, https:\/\/paroisse-jemeppe-onoz.be\/paroisse\/jemeppe\/wp-content\/uploads\/sites\/4\/2020\/11\/P1010092-768x513.jpg 768w, https:\/\/paroisse-jemeppe-onoz.be\/paroisse\/jemeppe\/wp-content\/uploads\/sites\/4\/2020\/11\/P1010092-1536x1027.jpg 1536w, https:\/\/paroisse-jemeppe-onoz.be\/paroisse\/jemeppe\/wp-content\/uploads\/sites\/4\/2020\/11\/P1010092-2048x1369.jpg 2048w\" sizes=\"(max-width: 1024px) 100vw, 1024px\" \/><\/a><\/figure>\n<!-- \/wp:image --><!-- wp:heading --><!-- \/wp:heading --><!-- wp:image {\"id\":622,\"linkDestination\":\"custom\"} -->\n<figure class=\"wp-block-image\"><\/figure>\n<!-- \/wp:image --><!-- wp:image {\"id\":646,\"linkDestination\":\"custom\"} -->\n<figure class=\"wp-block-image\"><\/figure>\n<!-- \/wp:image --><!-- wp:image {\"id\":645,\"linkDestination\":\"custom\"} --><!-- \/wp:image -->\t\t\t\t\t\t\t\t<\/div>\n\t\t\t\t<div class=\"elementor-element elementor-element-1e41538 elementor-widget elementor-widget-heading\" data-id=\"1e41538\" data-element_type=\"widget\" data-e-type=\"widget\" data-widget_type=\"heading.default\">\n\t\t\t\t\t<h3 class=\"elementor-heading-title elementor-size-default\">La chapelle \"Notre Dame de la Visitation\" (Grand-Bois)\n<\/h3>\t\t\t\t<\/div>\n\t\t\t\t\t<\/div>\n\t\t\t\t<\/div>\n\t\t<div class=\"elementor-element elementor-element-248b01f e-flex e-con-boxed e-con e-parent\" data-id=\"248b01f\" data-element_type=\"container\" data-e-type=\"container\">\n\t\t\t\t\t<div class=\"e-con-inner\">\n\t\t\t\t<div class=\"elementor-element elementor-element-61cf5c4 elementor-widget elementor-widget-image-gallery\" data-id=\"61cf5c4\" data-element_type=\"widget\" data-e-type=\"widget\" data-widget_type=\"image-gallery.default\">\n\t\t\t\t\t\t\t<div class=\"elementor-image-gallery\">\n\t\t\t<div id='gallery-1' class='gallery galleryid-21 gallery-columns-3 gallery-size-medium'><figure class='gallery-item'>\n\t\t\t<div class='gallery-icon portrait'>\n\t\t\t\t<a data-elementor-open-lightbox=\"yes\" data-elementor-lightbox-slideshow=\"61cf5c4\" data-elementor-lightbox-title=\"DSC_0454\" data-e-action-hash=\"#elementor-action%3Aaction%3Dlightbox%26settings%3DeyJpZCI6NjIyLCJ1cmwiOiJodHRwczpcL1wvcGFyb2lzc2UtamVtZXBwZS1vbm96LmJlXC9wYXJvaXNzZVwvamVtZXBwZVwvd3AtY29udGVudFwvdXBsb2Fkc1wvc2l0ZXNcLzRcLzIwMTVcLzA1XC9EU0NfMDQ1NC1zY2FsZWQuanBnIiwic2xpZGVzaG93IjoiNjFjZjVjNCJ9\" href='https:\/\/paroisse-jemeppe-onoz.be\/paroisse\/jemeppe\/wp-content\/uploads\/sites\/4\/2015\/05\/DSC_0454-scaled.jpg'><img loading=\"lazy\" decoding=\"async\" width=\"201\" height=\"300\" src=\"https:\/\/paroisse-jemeppe-onoz.be\/paroisse\/jemeppe\/wp-content\/uploads\/sites\/4\/2015\/05\/DSC_0454-201x300.jpg\" class=\"attachment-medium size-medium\" alt=\"\" srcset=\"https:\/\/paroisse-jemeppe-onoz.be\/paroisse\/jemeppe\/wp-content\/uploads\/sites\/4\/2015\/05\/DSC_0454-201x300.jpg 201w, https:\/\/paroisse-jemeppe-onoz.be\/paroisse\/jemeppe\/wp-content\/uploads\/sites\/4\/2015\/05\/DSC_0454-685x1024.jpg 685w, https:\/\/paroisse-jemeppe-onoz.be\/paroisse\/jemeppe\/wp-content\/uploads\/sites\/4\/2015\/05\/DSC_0454-768x1147.jpg 768w, https:\/\/paroisse-jemeppe-onoz.be\/paroisse\/jemeppe\/wp-content\/uploads\/sites\/4\/2015\/05\/DSC_0454-1028x1536.jpg 1028w, https:\/\/paroisse-jemeppe-onoz.be\/paroisse\/jemeppe\/wp-content\/uploads\/sites\/4\/2015\/05\/DSC_0454-1371x2048.jpg 1371w, https:\/\/paroisse-jemeppe-onoz.be\/paroisse\/jemeppe\/wp-content\/uploads\/sites\/4\/2015\/05\/DSC_0454-scaled.jpg 1714w\" sizes=\"(max-width: 201px) 100vw, 201px\" \/><\/a>\n\t\t\t<\/div><\/figure><figure class='gallery-item'>\n\t\t\t<div class='gallery-icon landscape'>\n\t\t\t\t<a data-elementor-open-lightbox=\"yes\" data-elementor-lightbox-slideshow=\"61cf5c4\" data-elementor-lightbox-title=\"GB_Communions2015_2\" data-e-action-hash=\"#elementor-action%3Aaction%3Dlightbox%26settings%3DeyJpZCI6NjQ2LCJ1cmwiOiJodHRwczpcL1wvcGFyb2lzc2UtamVtZXBwZS1vbm96LmJlXC9wYXJvaXNzZVwvamVtZXBwZVwvd3AtY29udGVudFwvdXBsb2Fkc1wvc2l0ZXNcLzRcLzIwMTVcLzA1XC9HQl9Db21tdW5pb25zMjAxNV8yLXNjYWxlZC5qcGciLCJzbGlkZXNob3ciOiI2MWNmNWM0In0%3D\" href='https:\/\/paroisse-jemeppe-onoz.be\/paroisse\/jemeppe\/wp-content\/uploads\/sites\/4\/2015\/05\/GB_Communions2015_2-scaled.jpg'><img loading=\"lazy\" decoding=\"async\" width=\"300\" height=\"200\" src=\"https:\/\/paroisse-jemeppe-onoz.be\/paroisse\/jemeppe\/wp-content\/uploads\/sites\/4\/2015\/05\/GB_Communions2015_2-300x200.jpg\" class=\"attachment-medium size-medium\" alt=\"\" srcset=\"https:\/\/paroisse-jemeppe-onoz.be\/paroisse\/jemeppe\/wp-content\/uploads\/sites\/4\/2015\/05\/GB_Communions2015_2-300x200.jpg 300w, https:\/\/paroisse-jemeppe-onoz.be\/paroisse\/jemeppe\/wp-content\/uploads\/sites\/4\/2015\/05\/GB_Communions2015_2-1024x683.jpg 1024w, https:\/\/paroisse-jemeppe-onoz.be\/paroisse\/jemeppe\/wp-content\/uploads\/sites\/4\/2015\/05\/GB_Communions2015_2-768x512.jpg 768w, https:\/\/paroisse-jemeppe-onoz.be\/paroisse\/jemeppe\/wp-content\/uploads\/sites\/4\/2015\/05\/GB_Communions2015_2-1536x1024.jpg 1536w, https:\/\/paroisse-jemeppe-onoz.be\/paroisse\/jemeppe\/wp-content\/uploads\/sites\/4\/2015\/05\/GB_Communions2015_2-2048x1365.jpg 2048w\" sizes=\"(max-width: 300px) 100vw, 300px\" \/><\/a>\n\t\t\t<\/div><\/figure><figure class='gallery-item'>\n\t\t\t<div class='gallery-icon landscape'>\n\t\t\t\t<a data-elementor-open-lightbox=\"yes\" data-elementor-lightbox-slideshow=\"61cf5c4\" data-elementor-lightbox-title=\"GB_Communions2015_1\" data-e-action-hash=\"#elementor-action%3Aaction%3Dlightbox%26settings%3DeyJpZCI6NjQ1LCJ1cmwiOiJodHRwczpcL1wvcGFyb2lzc2UtamVtZXBwZS1vbm96LmJlXC9wYXJvaXNzZVwvamVtZXBwZVwvd3AtY29udGVudFwvdXBsb2Fkc1wvc2l0ZXNcLzRcLzIwMTVcLzA1XC9HQl9Db21tdW5pb25zMjAxNV8xLXNjYWxlZC5qcGciLCJzbGlkZXNob3ciOiI2MWNmNWM0In0%3D\" href='https:\/\/paroisse-jemeppe-onoz.be\/paroisse\/jemeppe\/wp-content\/uploads\/sites\/4\/2015\/05\/GB_Communions2015_1-scaled.jpg'><img loading=\"lazy\" decoding=\"async\" width=\"300\" height=\"200\" src=\"https:\/\/paroisse-jemeppe-onoz.be\/paroisse\/jemeppe\/wp-content\/uploads\/sites\/4\/2015\/05\/GB_Communions2015_1-300x200.jpg\" class=\"attachment-medium size-medium\" alt=\"\" srcset=\"https:\/\/paroisse-jemeppe-onoz.be\/paroisse\/jemeppe\/wp-content\/uploads\/sites\/4\/2015\/05\/GB_Communions2015_1-300x200.jpg 300w, https:\/\/paroisse-jemeppe-onoz.be\/paroisse\/jemeppe\/wp-content\/uploads\/sites\/4\/2015\/05\/GB_Communions2015_1-1024x683.jpg 1024w, https:\/\/paroisse-jemeppe-onoz.be\/paroisse\/jemeppe\/wp-content\/uploads\/sites\/4\/2015\/05\/GB_Communions2015_1-768x512.jpg 768w, https:\/\/paroisse-jemeppe-onoz.be\/paroisse\/jemeppe\/wp-content\/uploads\/sites\/4\/2015\/05\/GB_Communions2015_1-1536x1024.jpg 1536w, https:\/\/paroisse-jemeppe-onoz.be\/paroisse\/jemeppe\/wp-content\/uploads\/sites\/4\/2015\/05\/GB_Communions2015_1-2048x1365.jpg 2048w\" sizes=\"(max-width: 300px) 100vw, 300px\" \/><\/a>\n\t\t\t<\/div><\/figure>\n\t\t<\/div>\n\t\t<\/div>\n\t\t\t\t\t\t<\/div>\n\t\t\t\t\t<\/div>\n\t\t\t\t<\/div>\n\t\t\t\t<\/div>\n\t\t","protected":false},"excerpt":{"rendered":"<p>Mission La Fabrique d&rsquo;Eglise de la paroisse Saint Martin de Jemeppe a pour mission de g\u00e9rer les b\u00e2timents destin\u00e9s au culte. Elle veille donc, \u00ab\u00a0en bon p\u00e8re de famille\u00a0\u00bb,\u00a0 \u00e0 l&rsquo;entretien et \u00e0 la conservation de l&rsquo;\u00e9glise du Centre (\u00ab\u00a0Saint Martin\u00a0\u00bb) et de la chapelle du Grand-Bois (\u00ab\u00a0Notre Dame de la Visitation\u00a0\u00bb).L&rsquo;\u00e9glise Saint Martin est&#8230;<\/p>\n","protected":false},"author":1,"featured_media":0,"parent":0,"menu_order":0,"comment_status":"closed","ping_status":"open","template":"","meta":{"_kad_post_transparent":"","_kad_post_title":"","_kad_post_layout":"","_kad_post_sidebar_id":"","_kad_post_content_style":"","_kad_post_vertical_padding":"","_kad_post_feature":"","_kad_post_feature_position":"","_kad_post_header":false,"_kad_post_footer":false,"_kad_post_classname":"","footnotes":""},"class_list":["post-21","page","type-page","status-publish","hentry"],"jetpack_sharing_enabled":true,"_links":{"self":[{"href":"https:\/\/paroisse-jemeppe-onoz.be\/paroisse\/jemeppe\/wp-json\/wp\/v2\/pages\/21","targetHints":{"allow":["GET"]}}],"collection":[{"href":"https:\/\/paroisse-jemeppe-onoz.be\/paroisse\/jemeppe\/wp-json\/wp\/v2\/pages"}],"about":[{"href":"https:\/\/paroisse-jemeppe-onoz.be\/paroisse\/jemeppe\/wp-json\/wp\/v2\/types\/page"}],"author":[{"embeddable":true,"href":"https:\/\/paroisse-jemeppe-onoz.be\/paroisse\/jemeppe\/wp-json\/wp\/v2\/users\/1"}],"replies":[{"embeddable":true,"href":"https:\/\/paroisse-jemeppe-onoz.be\/paroisse\/jemeppe\/wp-json\/wp\/v2\/comments?post=21"}],"version-history":[{"count":5,"href":"https:\/\/paroisse-jemeppe-onoz.be\/paroisse\/jemeppe\/wp-json\/wp\/v2\/pages\/21\/revisions"}],"predecessor-version":[{"id":8509,"href":"https:\/\/paroisse-jemeppe-onoz.be\/paroisse\/jemeppe\/wp-json\/wp\/v2\/pages\/21\/revisions\/8509"}],"wp:attachment":[{"href":"https:\/\/paroisse-jemeppe-onoz.be\/paroisse\/jemeppe\/wp-json\/wp\/v2\/media?parent=21"}],"curies":[{"name":"wp","href":"https:\/\/api.w.org\/{rel}","templated":true}]}}