{"id":17,"date":"2014-12-27T11:55:01","date_gmt":"2014-12-27T10:55:01","guid":{"rendered":"https:\/\/paroisse-jemeppe-onoz.be\/paroisse\/jemeppe\/?page_id=17"},"modified":"2026-01-29T11:39:46","modified_gmt":"2026-01-29T10:39:46","slug":"ecole-saint-joseph","status":"publish","type":"page","link":"https:\/\/paroisse-jemeppe-onoz.be\/paroisse\/jemeppe\/ecole-saint-joseph\/","title":{"rendered":"Ecole Saint-Joseph"},"content":{"rendered":"\t\t<div data-elementor-type=\"wp-page\" data-elementor-id=\"17\" class=\"elementor elementor-17\">\n\t\t\t\t<div class=\"elementor-element elementor-element-54e0dead e-flex e-con-boxed e-con e-parent\" data-id=\"54e0dead\" data-element_type=\"container\" data-e-type=\"container\">\n\t\t\t\t\t<div class=\"e-con-inner\">\n\t\t\t\t<div class=\"elementor-element elementor-element-252e5a3f elementor-widget elementor-widget-text-editor\" data-id=\"252e5a3f\" data-element_type=\"widget\" data-e-type=\"widget\" data-widget_type=\"text-editor.default\">\n\t\t\t\t\t\t\t\t\t<h2><span style=\"text-decoration: underline;\"><span style=\"color: #ff00ff; text-decoration: underline;\">Portes ouvertes<\/span><\/span><\/h2><p><strong><span style=\"color: #008000;\">.\u00a0 \u00a0Vendredi 19 avril<\/span>\u00a0<\/strong>:<br \/>.\u00a0 \u00a0 \u00a0 \u00a0 \u00a0 \u00a0 \u00a0Portes ouvertes \u00e0 partir de 18h\u00a0\u00a0\u00a0<em>\u00a0T\u00e9l\u00a0<\/em>: 0475-534 482<br \/><strong>.\u00a0 \u00a0 \u00a0 \u00a0 \u00a0 \u00a0 Ecole Saint-Joseph,\u00a0<\/strong>Ruelle de la Queutrale,1<\/p><p><em>.\u00a0 \u00a0Au programme<\/em>\u00a0:<br \/>.\u00a0 \u00a0 \u00a0 Rencontre avec l\u2019\u00e9quipe \u00e9ducative<br \/>.\u00a0 \u00a0 \u00a0 Visite des classes et de l\u2019infrastructure<br \/>.\u00a0 \u00a0 \u00a0 Pr\u00e9sentation du projet p\u00e9dagogique et des am\u00e9nagements futurs<\/p><h2><a href=\"http:\/\/www.ecolesaintjosephjemeppe.be\/\" target=\"_blank\" rel=\"noopener\"><span style=\"text-decoration: underline; color: #800000;\">D\u00e9couvrir l&rsquo;\u00e9cole <\/span><span style=\"color: #000000;\">(cliquez)<\/span><\/a><\/h2><p><strong>Contact :<\/strong>Directrice :\u00a0Sophie Bracq<br \/>courriel :\u00a0<a href=\"mailto:direction@ecolesaintjosephjemeppe.be\">direction@ecolesaintjosephjemeppe.be<\/a><\/p><p>t\u00e9l : 071 78 75 70<\/p><p><span style=\"text-decoration: underline;\"><span style=\"color: #0000ff;\"><a style=\"color: #0000ff; text-decoration: underline;\" href=\"http:\/\/www.ecolesaintjosephjemeppe.be\/\" target=\"_blank\" rel=\"noopener\">Site de l&rsquo;\u00e9cole (cliquez)<\/a><\/span><\/span><\/p><p><span style=\"color: #000000;\"><span style=\"text-decoration: underline;\"><strong><span>L&rsquo;\u00e9cole Saint Joseph<\/span><\/strong><\/span> :<\/span><br \/>&#8211; de la psychomotricit\u00e9 en maternelle (2h \/ semaine)<br \/>&#8211; du n\u00e9erlandais en 5\u00e8 et 6\u00e8 primaire<br \/>&#8211; de l&rsquo;\u00e9ducation \u00e0 l&rsquo;environnement et \u00e0 la biodiversit\u00e9<br \/>&#8211; de l&rsquo;\u00e9ducation physique en primaire (2h \/ semaine)<br \/>&#8211; des visites, des projets, &#8230;<br \/>&#8211; une logop\u00e8de sur place en interaction avec l\u2019\u00c9quipe P\u00e9dagogique<br \/>&#8211; un partenariat avec PMS et autres associations<\/p><p>&#8211; un cadre verdoyant pour s&rsquo;oxyg\u00e9ner durant les r\u00e9cr\u00e9ations.<br \/>&#8211; un espace pour les maternelles<br \/>&#8211; un espace pour les premi\u00e8res et deuxi\u00e8mes primaires<br \/>&#8211; un espace pour les plus grands<\/p><p>&#8211; des repas chauds et potages pr\u00e9par\u00e9s par un traiteur<br \/>&#8211; un fruit par semaine<\/p><p>&#8211; une garderie d\u00e8s 7h00 (\u00e0 l&rsquo;int\u00e9rieur)<br \/>&#8211; une garderie le soir jusque 18h00<br \/>&#8211; le mercredi, les \u00e9l\u00e8ves se rendent \u00e0 la garderie IMAJE<br \/>&#8211; chaque jour , une \u00e9tude dirig\u00e9e<br \/>&#8211; L&rsquo;Association des Parents propose aux enfants se trouvant \u00e0 la garderie , un go\u00fbter : pain frais et confiture \u00ab\u00a0maison\u00a0\u00bb.<\/p><p>\u00a0<\/p>\t\t\t\t\t\t\t\t<\/div>\n\t\t\t\t\t<\/div>\n\t\t\t\t<\/div>\n\t\t\t\t<\/div>\n\t\t","protected":false},"excerpt":{"rendered":"<p>Portes ouvertes .\u00a0 \u00a0Vendredi 19 avril\u00a0:.\u00a0 \u00a0 \u00a0 \u00a0 \u00a0 \u00a0 \u00a0Portes ouvertes \u00e0 partir de 18h\u00a0\u00a0\u00a0\u00a0T\u00e9l\u00a0: 0475-534 482.\u00a0 \u00a0 \u00a0 \u00a0 \u00a0 \u00a0 Ecole Saint-Joseph,\u00a0Ruelle de la Queutrale,1 .\u00a0 \u00a0Au programme\u00a0:.\u00a0 \u00a0 \u00a0 Rencontre avec l\u2019\u00e9quipe \u00e9ducative.\u00a0 \u00a0 \u00a0 Visite des classes et de l\u2019infrastructure.\u00a0 \u00a0 \u00a0 Pr\u00e9sentation du projet p\u00e9dagogique et des am\u00e9nagements&#8230;<\/p>\n","protected":false},"author":1,"featured_media":0,"parent":0,"menu_order":0,"comment_status":"closed","ping_status":"closed","template":"","meta":{"_kad_post_transparent":"","_kad_post_title":"","_kad_post_layout":"normal","_kad_post_sidebar_id":"","_kad_post_content_style":"","_kad_post_vertical_padding":"","_kad_post_feature":"","_kad_post_feature_position":"","_kad_post_header":false,"_kad_post_footer":false,"_kad_post_classname":"","footnotes":""},"class_list":["post-17","page","type-page","status-publish","hentry"],"jetpack_sharing_enabled":true,"_links":{"self":[{"href":"https:\/\/paroisse-jemeppe-onoz.be\/paroisse\/jemeppe\/wp-json\/wp\/v2\/pages\/17","targetHints":{"allow":["GET"]}}],"collection":[{"href":"https:\/\/paroisse-jemeppe-onoz.be\/paroisse\/jemeppe\/wp-json\/wp\/v2\/pages"}],"about":[{"href":"https:\/\/paroisse-jemeppe-onoz.be\/paroisse\/jemeppe\/wp-json\/wp\/v2\/types\/page"}],"author":[{"embeddable":true,"href":"https:\/\/paroisse-jemeppe-onoz.be\/paroisse\/jemeppe\/wp-json\/wp\/v2\/users\/1"}],"replies":[{"embeddable":true,"href":"https:\/\/paroisse-jemeppe-onoz.be\/paroisse\/jemeppe\/wp-json\/wp\/v2\/comments?post=17"}],"version-history":[{"count":6,"href":"https:\/\/paroisse-jemeppe-onoz.be\/paroisse\/jemeppe\/wp-json\/wp\/v2\/pages\/17\/revisions"}],"predecessor-version":[{"id":9322,"href":"https:\/\/paroisse-jemeppe-onoz.be\/paroisse\/jemeppe\/wp-json\/wp\/v2\/pages\/17\/revisions\/9322"}],"wp:attachment":[{"href":"https:\/\/paroisse-jemeppe-onoz.be\/paroisse\/jemeppe\/wp-json\/wp\/v2\/media?parent=17"}],"curies":[{"name":"wp","href":"https:\/\/api.w.org\/{rel}","templated":true}]}}