{"id":11,"date":"2014-12-27T11:45:04","date_gmt":"2014-12-27T10:45:04","guid":{"rendered":"https:\/\/paroisse-jemeppe-onoz.be\/paroisse\/jemeppe\/?page_id=11"},"modified":"2026-01-29T11:37:59","modified_gmt":"2026-01-29T10:37:59","slug":"chorale-la-rouanne","status":"publish","type":"page","link":"https:\/\/paroisse-jemeppe-onoz.be\/paroisse\/jemeppe\/chorale-la-rouanne\/","title":{"rendered":"Chorale \u00ab\u00a0La Rouanne\u00a0\u00bb"},"content":{"rendered":"\t\t<div data-elementor-type=\"wp-page\" data-elementor-id=\"11\" class=\"elementor elementor-11\">\n\t\t\t\t<div class=\"elementor-element elementor-element-3324c3bc e-flex e-con-boxed e-con e-parent\" data-id=\"3324c3bc\" data-element_type=\"container\" data-e-type=\"container\">\n\t\t\t\t\t<div class=\"e-con-inner\">\n\t\t\t\t<div class=\"elementor-element elementor-element-26e11898 elementor-widget elementor-widget-text-editor\" data-id=\"26e11898\" data-element_type=\"widget\" data-e-type=\"widget\" data-widget_type=\"text-editor.default\">\n\t\t\t\t\t\t\t\t\t<p>\u00ab\u00a0La Rouanne\u00a0\u00bb, du nom d&rsquo;un ruisseau qui traverse la commune et dont l&rsquo;eau rougit la pierre, a f\u00eat\u00e9 son quaranti\u00e8me anniversaire en 2014. Au d\u00e9part \u00e0 vocation exclusivement liturgique, son r\u00e9pertoire s&rsquo;enrichit de musique profane sous l&rsquo;impulsion de son chef de ch\u0153ur Georges Piengeon, adepte de la premi\u00e8re heure du mouvement \u00ab\u00a0A c\u0153ur Joie\u00a0\u00bb qui engoua tous les pays francophones \u00e0 partir des ann\u00e9es 60, et qui amena par deux fois, \u00e0 Namur le rassemblement \u00ab\u00a0Europa Cantat\u00a0\u00bb avec ses milliers de choristes venus du monde entier.<\/p><p>De la renaissance au baroque, du populaire au religieux, en passant par le folklorique, \u00ab\u00a0La Rouanne\u00a0\u00bb aborde tous les horizons, pour autant qu&rsquo;ils soient accessibles. L&rsquo;essentiel est la musique de l&rsquo;\u00e2me. Une musique qui rapproche les \u00eatres dans un cercle d&rsquo;amiti\u00e9. Cette amiti\u00e9, les choristes l&#8217;emportent dans leurs concerts \u00e0 Moustier, La Plante, Namur, Fosses, Auvelais, Tamines, Saint-Servais &#8230;.. Ils ont \u00e9galement franchi les fronti\u00e8res pour porter leur musique au c\u0153ur de la Bourgogne, o\u00f9 \u00ab\u00a0La Rouanne\u00a0\u00bb est jumel\u00e9e avec \u00ab\u00a0L&rsquo;Echo du Chambertin\u00a0\u00bb de Gevrey.<\/p><p>Si le r\u00e9pertoire ne conna\u00eet pas d&rsquo;exclusive, la mission essentielle de \u00ab\u00a0La Rouanne\u00a0\u00bb reste l&rsquo;animation de la liturgie et des f\u00eates chr\u00e9tiennes, la musique n&rsquo;y devient-elle pas la po\u00e9sie de l&rsquo;\u00e2me ?<\/p><p>Depuis plus de 40 ans, \u00ab\u00a0La Rouanne\u00a0\u00bb organise r\u00e9guli\u00e8rement \u00e0 l&rsquo;\u00e9glise Saint-Martin de Jemeppe-sur-Sambre des concerts originaux, vari\u00e9s et \u00e9tonnement suivis par un public toujours tr\u00e8s chaleureux.<br \/>On se souviendra de l&rsquo;une des premi\u00e8res repr\u00e9sentations: \u00ab\u00a0Les trois messes basses\u00a0\u00bb; on se rappelle aussi un concert d&rsquo;une qualit\u00e9 exceptionnelle avec la participation de \u00ab\u00a0L&rsquo;Esm\u00e9rillonne\u00a0\u00bb, l&rsquo;ensemble de fl\u00fbtes \u00e0 bec dirig\u00e9 par Albert Macours.<br \/>On n&rsquo;est pas pr\u00eat d&rsquo;oublier les concerts en collaboration avec \u00ab\u00a0Les Compagnons du Champeau\u00a0\u00bb, avec \u00ab\u00a0Le Vigneroul\u00a0\u00bb et notamment un concert \u00e0 Fosses au cours duquel Nathalie Loriers nous avait offert un mini r\u00e9cital de saxo sous les yeux m\u00e9dus\u00e9s des enfants de la chorale de Colette Mercenier. Il y a quelques ann\u00e9es, c&rsquo;est Giovanni Votano qui lan\u00e7ait la chorale \u00ab\u00a0La Rouanne\u00a0\u00bb dans une aventure musicale avec quelque trois cents choristes des chorales amies.<br \/>Un moment inoubliable fut certainement la repr\u00e9sentation du \u00ab\u00a0Petit Prince\u00a0\u00bb, moment de po\u00e9sie, de fra\u00eecheur et d&rsquo;\u00e9motion&#8230; \u00ab\u00a0La Rouanne\u00a0\u00bb s&rsquo;est lanc\u00e9e ensuite dans un r\u00e9pertoire folklorique avec \u00ab\u00a0La Suite Wallonne\u00a0\u00bb de Jacques Derhet et la \u00ab\u00a0Misa Criola\u00a0\u00bb avec le groupe p\u00e9ruvien \u00ab\u00a0L&rsquo;Echo des Andes\u00a0\u00bb.<br \/>Du concert de \u00ab\u00a0La Rouanne\u00a0\u00bb, avec la participation de l&rsquo;ensemble instrumental de Sophie Pierret, il nous reste encore en m\u00e9moire quelques m\u00e9lodies populaires canadiennes de \u00ab\u00a0La Petite Suite Qu\u00e9b\u00e9coise\u00a0\u00bb.<\/p><p>Le succ\u00e8s de cette chorale paroissiale qui fait \u00ab\u00a0Eglise pleine\u00a0\u00bb \u00e0 chacun de ses concerts vient sans doute de sa bonne musicalit\u00e9 qui est le fruit du travail exigeant de Georges Piengeon toujours en recherche de perfection, de l&rsquo;excellente collaboration que \u00ab\u00a0La Rouanne\u00a0\u00bb a toujours entretenue avec des musiciens de qualit\u00e9, de la vari\u00e9t\u00e9 et de l&rsquo;originalit\u00e9 des programmes de ses concerts.<br \/>Mais&#8230;&#8230; le bon \u00e9tat de sant\u00e9 de \u00ab\u00a0La Rouanne\u00a0\u00bb ne vient-il pas surtout du capital de sympathie que cette chorale a toujours suscit\u00e9 autour d&rsquo;elle \u00e0 l&rsquo;occasion de toutes ses prestations ?<\/p><p><span style=\"color: #ff6600;\"><strong>Pour les r\u00e9p\u00e9titions<\/strong><\/span> les choristes se rassemblent tous<span style=\"text-decoration: underline;\"> les mercredis (except\u00e9 en juillet et ao\u00fbt) de 19h30 \u00e0 21h30 \u00e0 l\u2019\u00e9glise St Martin<\/span> Place Communale \u00e0 Jemeppe sur Sambre.<\/p><p><span style=\"text-decoration: underline; color: #ff6600;\"><strong>Chef de choeur<\/strong><\/span> : Richard Dr\u00e8ze &#8211; 071-78 74 81 &#8211; <a href=\"mailto:richard.dreze@gmail.com\"><span style=\"text-decoration: underline;\">richard.dreze@gmail.com<\/span><\/a><\/p><p><span style=\"color: #ff6600;\"><strong><span style=\"text-decoration: underline;\"><span style=\"text-decoration: underline;\">Pr\u00e9sident<\/span><\/span><\/strong><\/span> : Claude Longpr\u00e9 &#8211; 071 78 72 86 &#8211; <a href=\"mailto:longpreclaude@skynet.be\"><span style=\"text-decoration: underline;\">longpreclaude@skynet.be<\/span><\/a><\/p><p><span style=\"text-decoration: underline;\"><span style=\"color: #0000ff;\"><a style=\"color: #0000ff; text-decoration: underline;\" href=\"https:\/\/www.richarddreze.be\/rouanne\/\" target=\"_blank\" rel=\"noopener\">Visitez le site web<\/a><\/span><\/span><\/p>\t\t\t\t\t\t\t\t<\/div>\n\t\t\t\t\t<\/div>\n\t\t\t\t<\/div>\n\t\t\t\t<\/div>\n\t\t","protected":false},"excerpt":{"rendered":"<p>\u00ab\u00a0La Rouanne\u00a0\u00bb, du nom d&rsquo;un ruisseau qui traverse la commune et dont l&rsquo;eau rougit la pierre, a f\u00eat\u00e9 son quaranti\u00e8me anniversaire en 2014. Au d\u00e9part \u00e0 vocation exclusivement liturgique, son r\u00e9pertoire s&rsquo;enrichit de musique profane sous l&rsquo;impulsion de son chef de ch\u0153ur Georges Piengeon, adepte de la premi\u00e8re heure du mouvement \u00ab\u00a0A c\u0153ur Joie\u00a0\u00bb qui&#8230;<\/p>\n","protected":false},"author":1,"featured_media":0,"parent":0,"menu_order":0,"comment_status":"closed","ping_status":"open","template":"","meta":{"_kad_post_transparent":"","_kad_post_title":"","_kad_post_layout":"normal","_kad_post_sidebar_id":"","_kad_post_content_style":"","_kad_post_vertical_padding":"","_kad_post_feature":"","_kad_post_feature_position":"","_kad_post_header":false,"_kad_post_footer":false,"_kad_post_classname":"","footnotes":""},"class_list":["post-11","page","type-page","status-publish","hentry"],"jetpack_sharing_enabled":true,"_links":{"self":[{"href":"https:\/\/paroisse-jemeppe-onoz.be\/paroisse\/jemeppe\/wp-json\/wp\/v2\/pages\/11","targetHints":{"allow":["GET"]}}],"collection":[{"href":"https:\/\/paroisse-jemeppe-onoz.be\/paroisse\/jemeppe\/wp-json\/wp\/v2\/pages"}],"about":[{"href":"https:\/\/paroisse-jemeppe-onoz.be\/paroisse\/jemeppe\/wp-json\/wp\/v2\/types\/page"}],"author":[{"embeddable":true,"href":"https:\/\/paroisse-jemeppe-onoz.be\/paroisse\/jemeppe\/wp-json\/wp\/v2\/users\/1"}],"replies":[{"embeddable":true,"href":"https:\/\/paroisse-jemeppe-onoz.be\/paroisse\/jemeppe\/wp-json\/wp\/v2\/comments?post=11"}],"version-history":[{"count":19,"href":"https:\/\/paroisse-jemeppe-onoz.be\/paroisse\/jemeppe\/wp-json\/wp\/v2\/pages\/11\/revisions"}],"predecessor-version":[{"id":9315,"href":"https:\/\/paroisse-jemeppe-onoz.be\/paroisse\/jemeppe\/wp-json\/wp\/v2\/pages\/11\/revisions\/9315"}],"wp:attachment":[{"href":"https:\/\/paroisse-jemeppe-onoz.be\/paroisse\/jemeppe\/wp-json\/wp\/v2\/media?parent=11"}],"curies":[{"name":"wp","href":"https:\/\/api.w.org\/{rel}","templated":true}]}}